{"id":8854,"date":"2012-03-02T13:45:37","date_gmt":"2012-03-02T12:45:37","guid":{"rendered":"https:\/\/gesamtschule-immenhausen.de\/?page_id=8854"},"modified":"2024-03-17T18:19:36","modified_gmt":"2024-03-17T17:19:36","slug":"girlsday-und-boysday","status":"publish","type":"page","link":"https:\/\/gesamtschule-immenhausen.de\/?page_id=8854","title":{"rendered":"Girls\u2019Day und Boys\u2019Day"},"content":{"rendered":"<p><strong>Ein Tag \u2013 zwei Projekte<\/strong><br \/>\nDa die Berufs- und Lebensplanung junger Menschen stark von traditionellen Rollenvorstellungen gepr\u00e4gt ist, lernen M\u00e4dchen und Jungen am Girls\u2019Day bzw. Boys\u2018Day Berufe und Lebensmodelle kennen, die nicht diesen Geschlechterstereotypen entsprechen. Wichtiges Konzept dabei ist, die Jugendlichen nach M\u00e4dchen und Jungen zu trennen. Diese Trennung erleichtert es den Sch\u00fclerinnen und Sch\u00fclern bekannte Pfade zu verlassen um breite und vielf\u00e4ltige Interessen f\u00fcr sich zu entdecken. So gewinnen sie neue Perspektiven f\u00fcr ihre individuelle Berufs- und Lebensplanung. M\u00e4dchen lernen zum Beispiel Berufe aus Technik, IT und Handwerk kennen, w\u00e4hrend Jungen beispielsweise Erfahrungen im Bereich Pflege, Erziehung und Soziales sammeln. Unternehmen, Organisationen, Hochschulen und Institute unterst\u00fctzen den Girls\u2019Day und Boys\u2019Day indem sie den Jugendlichen kostenlose Pl\u00e4tze f\u00fcr Tagespraktika und Workshops zur Verf\u00fcgung stellen.<\/p>\n<p>Die M\u00e4dchen informieren sich an diesem Tag \u00fcber ein breites Spektrum von Ausbildungsberufen und Studieng\u00e4ngen in den Bereichen Technik, Naturwissenschaften, Informationstechnologie und Handwerk. M\u00e4dchen k\u00f6nnen ihre F\u00e4higkeiten praktisch erproben, wichtige Kontakte kn\u00fcpfen und Frauen in F\u00fchrungspositionen und als Unternehmerinnen kennen lernen.<\/p>\n<p><strong>Warum ein Zukunftstag speziell f\u00fcr M\u00e4dchen?<\/strong><\/p>\n<p>Fehlende Informationen \u00fcber Ausbildungsberufe und Studieng\u00e4nge lassen M\u00e4dchen bisher eher auf bekannte, meist \u00bbfrauentypische\u00ab Berufe zur\u00fcckgreifen. Damit sch\u00f6pfen sie ihre Begabungen und Berufsm\u00f6glichkeiten nicht voll aus. Der Girls\u2019Day als m\u00e4dchenspezifisches Angebot, bei dem Sch\u00fclerinnen ihre Talente, F\u00e4higkeiten und Interessen entdecken k\u00f6nnen, bietet hier eine besondere Chance f\u00fcr M\u00e4dchen und f\u00fcr Unternehmen und Organisationen, die qualifizierten und motivierten Nachwuchs suchen.<\/p>\n<p><strong>Was lernen die Jungen am Girls\u2019Day?<\/strong><\/p>\n<p>Auch Jungen orientieren sich h\u00e4ufig eindimensional, ohne das volle Berufswahlspektrum zu beachten. An sie richten sich schulische und au\u00dferschulische Veranstaltungen \u2013 ausschlie\u00dflich f\u00fcr Jungen. Informationen bietet das Serviceb\u00fcro Neue Wege f\u00fcr Jungs unter <a href=\"http:\/\/www.neue-wege-fuer-jungs.de\/\"><span style=\"text-decoration: underline;\">www.neue-wege-fuer-jungs.de<\/span><\/a>. Das Robert-Gerwig -Gymnasium unterst\u00fctzt die Teilnahme von Jungs am Girls\u2019Day. Jungen sollen sich auch ein Bild von Berufen machen, die eher als \u201eFrauenberuf\u201c gelten. Es bietet sich an, in den \u00f6rtlichen Kinderg\u00e4rten, Grundschulen, Krankenh\u00e4user(erst ab Mittelstufe) und Altenheimen nachzufragen.<\/p>\n<p><strong>Unterst\u00fctzende des Girls\u2019Day<\/strong><br \/>\nDie Bundesweite Koordinierungsstelle Girls&#8217;Day \u2013 M\u00e4dchen-Zukunftstag wird gef\u00f6rdert vom Bundesministerium f\u00fcr Bildung und Forschung (BMBF), vom Bundesministerium f\u00fcr Familie, Senioren, Frauen und Jugend (BMFSFJ) sowie aus Mitteln des Europ\u00e4ischen Sozialfonds. Der Girls&#8217;Day \u2013 M\u00e4dchen-Zukunftstag ist ein Projekt des Kompetenzzentrums Technik-Diversity-Chancengleichheit e.V. und eine Gemeinschaftsaktion des BMBF und des BMFSFJ, der Initiative D21, der Bundesagentur f\u00fcr Arbeit, des Deutschen Gewerkschaftsbundes, der Bundesvereinigung der Deutschen Arbeitgeberverb\u00e4nde, des Deutschen Industrie- und Handelskammertages, des Zentralverbands des Deutschen Handwerks, des Bundesverbandes der Deutschen Industrie und des Bundeselternrats.<\/p>\n<p><strong>Unterst\u00fctzende des Boys\u2019Day<\/strong><br \/>\nDer Boys&#8217;Day \u2013 Jungen-Zukunftstag ist eine Aktion von Neue Wege f\u00fcr Jungs und wird gef\u00f6rdert vom Bundesministerium f\u00fcr Familie, Senioren, Frauen und Jugend (BMFSFJ) sowie aus Mitteln des Europ\u00e4ischen Sozialfonds. Der Boys&#8217;Day \u2013 Jungen-Zukunftstag ist ein Projekt des Kompetenzzentrums Technik-Diversity-Chancengleichheit e.V. und eine Gemeinschaftsaktion von BMFSFJ, Arbeitsgemeinschaft f\u00fcr Kinder- und Jugendhilfe, Bundesagentur f\u00fcr Arbeit, Bundesarbeitsgemeinschaft der Freien Wohlfahrtspflege, Bundeselternrat, Bundesverband der Freien Berufe, Bundesverband privater Anbieter Sozialer Dienste, Bundesvereinigung der Deutschen Arbeitgeberverb\u00e4nde, Bundesverband der Deutschen Industrie, Deutscher Berufsverband f\u00fcr Pflegeberufe, Deutsche Krankenhausgesellschaft, Deutscher St\u00e4dtetag sowie Deutscher Landkreistag.<\/p>\n<p><a href=\"http:\/\/www.girls-day.de\/\" target=\"_blank\" rel=\"noopener noreferrer\">www.girls-day.de<\/a> | <a href=\"http:\/\/www.boys-day.de\/\" target=\"_blank\" rel=\"noopener noreferrer\">www.boys-day.de<\/a> | <a href=\"http:\/\/www.neue-wege-fuer-jungs.de\/\" target=\"_blank\" rel=\"noopener noreferrer\">www.neue-wege-fuer-jungs.de<\/a> | <a href=\"http:\/\/www.kompetenzz.de\/\" target=\"_blank\" rel=\"noopener noreferrer\">www.kompetenzz.de<\/a><\/p>\n<p><iframe loading=\"lazy\" title=\"Girls&#039;Day \u2013 ein Erkl\u00e4rfilm\" width=\"500\" height=\"281\" src=\"https:\/\/www.youtube.com\/embed\/5WBqtLis3qY?feature=oembed\" frameborder=\"0\" allow=\"accelerometer; autoplay; clipboard-write; encrypted-media; gyroscope; picture-in-picture; web-share\" referrerpolicy=\"strict-origin-when-cross-origin\" allowfullscreen><\/iframe><\/p>\n","protected":false},"excerpt":{"rendered":"<p>Ein Tag \u2013 zwei Projekte Da die Berufs- und Lebensplanung junger Menschen stark von traditionellen Rollenvorstellungen gepr\u00e4gt ist, lernen M\u00e4dchen und Jungen am Girls\u2019Day bzw. Boys\u2018Day Berufe und Lebensmodelle kennen, die nicht diesen Geschlechterstereotypen entsprechen. Wichtiges Konzept dabei ist, die Jugendlichen nach M\u00e4dchen und Jungen zu trennen. Diese Trennung erleichtert es den Sch\u00fclerinnen und Sch\u00fclern [&hellip;]<\/p>\n","protected":false},"author":3,"featured_media":0,"parent":8087,"menu_order":4,"comment_status":"open","ping_status":"closed","template":"","meta":{"saved_in_kubio":false,"footnotes":""},"class_list":["post-8854","page","type-page","status-publish","hentry"],"kubio_ai_page_context":{"short_desc":"","purpose":"general"},"_links":{"self":[{"href":"https:\/\/gesamtschule-immenhausen.de\/index.php?rest_route=\/wp\/v2\/pages\/8854","targetHints":{"allow":["GET"]}}],"collection":[{"href":"https:\/\/gesamtschule-immenhausen.de\/index.php?rest_route=\/wp\/v2\/pages"}],"about":[{"href":"https:\/\/gesamtschule-immenhausen.de\/index.php?rest_route=\/wp\/v2\/types\/page"}],"author":[{"embeddable":true,"href":"https:\/\/gesamtschule-immenhausen.de\/index.php?rest_route=\/wp\/v2\/users\/3"}],"replies":[{"embeddable":true,"href":"https:\/\/gesamtschule-immenhausen.de\/index.php?rest_route=%2Fwp%2Fv2%2Fcomments&post=8854"}],"version-history":[{"count":4,"href":"https:\/\/gesamtschule-immenhausen.de\/index.php?rest_route=\/wp\/v2\/pages\/8854\/revisions"}],"predecessor-version":[{"id":33600,"href":"https:\/\/gesamtschule-immenhausen.de\/index.php?rest_route=\/wp\/v2\/pages\/8854\/revisions\/33600"}],"up":[{"embeddable":true,"href":"https:\/\/gesamtschule-immenhausen.de\/index.php?rest_route=\/wp\/v2\/pages\/8087"}],"wp:attachment":[{"href":"https:\/\/gesamtschule-immenhausen.de\/index.php?rest_route=%2Fwp%2Fv2%2Fmedia&parent=8854"}],"curies":[{"name":"wp","href":"https:\/\/api.w.org\/{rel}","templated":true}]}}