{"id":6682,"date":"2011-10-31T14:56:19","date_gmt":"2011-10-31T13:56:19","guid":{"rendered":"https:\/\/gesamtschule-immenhausen.de\/?page_id=6682"},"modified":"2021-01-26T09:03:40","modified_gmt":"2021-01-26T08:03:40","slug":"praxistag-jahrgang-h-9","status":"publish","type":"page","link":"https:\/\/gesamtschule-immenhausen.de\/?page_id=6682","title":{"rendered":"Praxistag P9"},"content":{"rendered":"<p>Die berufliche Praxisorientierung wollen wir in der P9 mit regelm\u00e4\u00dfigen und langfristigen Praxistagen fortsetzen. Nach den Herbstferien bis Mai\/ Juni gehen die Sch\u00fclerinnen und Sch\u00fcler an einem Tag in der Woche in einen ausgew\u00e4hlten Praktikumsbetrieb. Dies gibt ihnen mehr Sicherheit in der Berufswahlentscheidung und im Umgang mit betrieblichen Verhaltensregeln. Dieses Zusatzpraktikum wird im Zeugnis als \u201eBetriebliche Zusatzqualifikation\u201c vermerkt und bewertet.<\/p>\n<p>Die Sch\u00fcler verbessern dadurch nicht nur ihre Bewerbungschancen und k\u00f6nnen sich bei entsprechender Leistungsf\u00e4higkeit und betrieblicher \u00dcbereinstimmung f\u00fcr einen Ausbildungsplatz qualifizieren, sondern erhalten eine praxisorientierte Berufsvorbereitung in Anlehnung an realistische, betriebliche Bedingungen.<\/p>\n<p>Den Auftakt bilden zwei \u201eKennenlern-Tage\u201c, an denen die Sch\u00fclerinnen und Sch\u00fcler den gew\u00e4hlten Betrieb kennen lernen. F\u00fcr diesen Praxistag werden die Stunden der F\u00e4cher Arbeitslehre und des Wahlpflichtunterrichts genutzt. Alle anderen F\u00e4cher werden regul\u00e4r, gem\u00e4\u00df der Stundentafel, unterrichtet. Dadurch wird gew\u00e4hrleistet, dass durch den Praxistag keine anderen F\u00e4cher ausfallen oder eingeschr\u00e4nkt sind.<\/p>\n<p>Die Sch\u00fclerinnen und Sch\u00fcler suchen sich ihren Praktikumsplatz selbst\u00e4ndig. Unterst\u00fctzt werden sie von der betreuenden Lehrkraft sowie bei Bedarf durch den BIP. Die Fahrtkosten sind ggf. vorzustrecken und werden gegen Vorlage der Fahrkarten erstattet.<br \/>Die Sch\u00fclerinnen und Sch\u00fcler sollen am Praxistag sieben Stunden arbeiten. Bei Erkrankung in dieser Zeit m\u00fcssen der Betrieb und die Schule (Betreuungslehrer\/in) fr\u00fchzeitig informiert werden. Eine Arbeitsunf\u00e4higkeitsbescheinigung muss vorgelegt werden.<\/p>\n<p>Alle Einzelheiten werden im Rahmen eines Elternabends im Vorfeld erl\u00e4utert.<\/p>\n<p>W\u00e4hrend der Praxistage fertigen die Sch\u00fclerinnen und Sch\u00fcler Berichte an und bearbeiten Aufgabenstellungen zum Praktikum.<\/p>\n<p>Die Informationen und Erlebnisse dieser Praxistage bearbeiten die Jugendlichen an den restlichen Schultagen und pr\u00e4sentieren die entstandenen Ergebnisse.<\/p>\n<p>Jeder Einzelne erlebt im Rahmen dieses langfristigen Praktikums vielschichtige Erfahrungen. Folgende Kompetenzen werden u.a. gest\u00e4rkt:<\/p>\n<ul>\n<li>die Eigeninitiative der Jugendlichen wird gef\u00f6rdert;<\/li>\n<li>die Lern- und Schulmotivation der oft schulm\u00fcden Jugendlichen nimmt sp\u00fcrbar zu und Tugenden wie P\u00fcnktlichkeit und Zuverl\u00e4ssigkeit werden wieder wichtig;<\/li>\n<li>das Selbstwertgef\u00fchl vieler Jugendlicher steigert sich durch die positiven R\u00fcckmeldungen der Betriebe;<\/li>\n<li>die Ausbildungsf\u00e4higkeit wird verbessert.<\/li>\n<\/ul>\n<p>Au\u00dferhalb dieser \u201ePraxistage\u201c absolviert noch jede Achtkl\u00e4sslerin und jeder Achtkl\u00e4ssler zus\u00e4tzlich ein zweiw\u00f6chiges Blockpraktikum, so dass insgesamt verschiedene Berufe w\u00e4hrend der Zeit an unserer Schule \u201eerlebt\u201c werden.<\/p>\n\n\n<figure class=\"wp-block-image\"><img loading=\"lazy\" decoding=\"async\" width=\"1024\" height=\"768\" src=\"https:\/\/gesamtschule-immenhausen.de\/wp-content\/uploads\/Feuerwehr-41-1024x768.jpg\" alt=\"\" class=\"wp-image-26984\" srcset=\"https:\/\/gesamtschule-immenhausen.de\/wp-content\/uploads\/Feuerwehr-41-1024x768.jpg 1024w, https:\/\/gesamtschule-immenhausen.de\/wp-content\/uploads\/Feuerwehr-41-150x113.jpg 150w, https:\/\/gesamtschule-immenhausen.de\/wp-content\/uploads\/Feuerwehr-41-768x576.jpg 768w, https:\/\/gesamtschule-immenhausen.de\/wp-content\/uploads\/Feuerwehr-41-400x300.jpg 400w, https:\/\/gesamtschule-immenhausen.de\/wp-content\/uploads\/Feuerwehr-41.jpg 1200w\" sizes=\"(max-width: 1024px) 100vw, 1024px\" \/><\/figure>\n","protected":false},"excerpt":{"rendered":"<p>Die berufliche Praxisorientierung wollen wir in der P9 mit regelm\u00e4\u00dfigen und langfristigen Praxistagen fortsetzen. Nach den Herbstferien bis Mai\/ Juni gehen die Sch\u00fclerinnen und Sch\u00fcler an einem Tag in der Woche in einen ausgew\u00e4hlten Praktikumsbetrieb. Dies gibt ihnen mehr Sicherheit in der Berufswahlentscheidung und im Umgang mit betrieblichen Verhaltensregeln. Dieses Zusatzpraktikum wird im Zeugnis als [&hellip;]<\/p>\n","protected":false},"author":3,"featured_media":0,"parent":8087,"menu_order":3,"comment_status":"open","ping_status":"closed","template":"","meta":{"saved_in_kubio":false,"footnotes":""},"class_list":["post-6682","page","type-page","status-publish","hentry"],"kubio_ai_page_context":{"short_desc":"","purpose":"general"},"_links":{"self":[{"href":"https:\/\/gesamtschule-immenhausen.de\/index.php?rest_route=\/wp\/v2\/pages\/6682","targetHints":{"allow":["GET"]}}],"collection":[{"href":"https:\/\/gesamtschule-immenhausen.de\/index.php?rest_route=\/wp\/v2\/pages"}],"about":[{"href":"https:\/\/gesamtschule-immenhausen.de\/index.php?rest_route=\/wp\/v2\/types\/page"}],"author":[{"embeddable":true,"href":"https:\/\/gesamtschule-immenhausen.de\/index.php?rest_route=\/wp\/v2\/users\/3"}],"replies":[{"embeddable":true,"href":"https:\/\/gesamtschule-immenhausen.de\/index.php?rest_route=%2Fwp%2Fv2%2Fcomments&post=6682"}],"version-history":[{"count":7,"href":"https:\/\/gesamtschule-immenhausen.de\/index.php?rest_route=\/wp\/v2\/pages\/6682\/revisions"}],"predecessor-version":[{"id":29416,"href":"https:\/\/gesamtschule-immenhausen.de\/index.php?rest_route=\/wp\/v2\/pages\/6682\/revisions\/29416"}],"up":[{"embeddable":true,"href":"https:\/\/gesamtschule-immenhausen.de\/index.php?rest_route=\/wp\/v2\/pages\/8087"}],"wp:attachment":[{"href":"https:\/\/gesamtschule-immenhausen.de\/index.php?rest_route=%2Fwp%2Fv2%2Fmedia&parent=6682"}],"curies":[{"name":"wp","href":"https:\/\/api.w.org\/{rel}","templated":true}]}}