{"id":62,"date":"2011-06-27T11:06:54","date_gmt":"2011-06-27T11:06:54","guid":{"rendered":"https:\/\/gesamtschule-immenhausen.de\/?page_id=62"},"modified":"2021-01-21T19:42:01","modified_gmt":"2021-01-21T18:42:01","slug":"bibliothek","status":"publish","type":"page","link":"https:\/\/gesamtschule-immenhausen.de\/?page_id=62","title":{"rendered":"Stadt- und Schulb\u00fccherei"},"content":{"rendered":"<p>Die Stadt- und Schulb\u00fccherei Immenhausen ist eine \u00f6ffentliche Einrichtung der Stadt Immenhausen, der Freiherr &#8211; vom &#8211; Stein Gesamtschule und der Grundschule Lilli &#8211; Jahn. Sie steht Sch\u00fclerinnen und Sch\u00fclern, Eltern sowie allen B\u00fcrgerinnen und B\u00fcrgern offen.<\/p>\n<p><strong>\u00d6ffnungszeiten: <\/strong><strong>Dienstag, Mittwoch, Donnerstag: 10.00 Uhr &#8211; 12.30 Uhr |\u00a0 D<\/strong><strong>ienstag und Donnerstag: 17.00 Uhr &#8211; 18.30 Uhr<\/strong><\/p>\n<p>In der B\u00fccherei gibt es Bilderb\u00fccher, Kinder- und Jugendb\u00fccher, Romane f\u00fcr Erwachsene, Sachb\u00fccher f\u00fcr Kinder und Jugendliche, H\u00f6rb\u00fccher f\u00fcr Erwachsene und Jugendliche, einige Zeitschriften, Computerspiele und seit kurzem auch Spielfilme auf DVD. Alles in allem verf\u00fcgt die B\u00fccherei \u00fcber einen Bestand von 10.000 Medien.<\/p>\n<p>Au\u00dferdem finden Autorenlesungen, der j\u00e4hrliche Lesewettbewerb, B\u00fccherflohmarkt und B\u00fcchereieinf\u00fchrungen in unregelm\u00e4\u00dfigen Abst\u00e4nden statt.<\/p>\n<p><strong>Die Ausstellung eines Leseausweises kostet <\/strong><strong>einmalig 3 \u20ac. Die Medienausleihe ist frei.<\/strong><\/p>\n<p>Eine Jahresgeb\u00fchr gibt es nicht! Die Ausleihfrist f\u00fcr B\u00fccher und H\u00f6rb\u00fccher betr\u00e4gt 4 Wochen, f\u00fcr Zeitschriften, Computerspiele und Spielfilme 2 Wochen!<\/p>\n<p>Link zur Facebookseite: <a href=\"https:\/\/www.facebook.com\/buecherei.immenhausen\">https:\/\/www.facebook.com\/buecherei.immenhausen<\/a><\/p>\n\n\n<figure class=\"wp-block-image\"><img loading=\"lazy\" decoding=\"async\" width=\"1024\" height=\"768\" src=\"https:\/\/gesamtschule-immenhausen.de\/wp-content\/uploads\/neuB\u00fccherei-1024x768.jpg\" alt=\"\" class=\"wp-image-28258\" srcset=\"https:\/\/gesamtschule-immenhausen.de\/wp-content\/uploads\/neuB\u00fccherei-1024x768.jpg 1024w, https:\/\/gesamtschule-immenhausen.de\/wp-content\/uploads\/neuB\u00fccherei-150x112.jpg 150w, https:\/\/gesamtschule-immenhausen.de\/wp-content\/uploads\/neuB\u00fccherei-768x576.jpg 768w, https:\/\/gesamtschule-immenhausen.de\/wp-content\/uploads\/neuB\u00fccherei-400x300.jpg 400w, https:\/\/gesamtschule-immenhausen.de\/wp-content\/uploads\/neuB\u00fccherei.jpg 1451w\" sizes=\"(max-width: 1024px) 100vw, 1024px\" \/><\/figure>\n\n\n\n<figure class=\"wp-block-image\"><img loading=\"lazy\" decoding=\"async\" width=\"1024\" height=\"683\" src=\"https:\/\/gesamtschule-immenhausen.de\/wp-content\/uploads\/IMG_2201-1024x683.jpg\" alt=\"\" class=\"wp-image-24581\" srcset=\"https:\/\/gesamtschule-immenhausen.de\/wp-content\/uploads\/IMG_2201-1024x683.jpg 1024w, https:\/\/gesamtschule-immenhausen.de\/wp-content\/uploads\/IMG_2201-150x100.jpg 150w, https:\/\/gesamtschule-immenhausen.de\/wp-content\/uploads\/IMG_2201-768x512.jpg 768w, https:\/\/gesamtschule-immenhausen.de\/wp-content\/uploads\/IMG_2201-400x267.jpg 400w\" sizes=\"(max-width: 1024px) 100vw, 1024px\" \/><\/figure>\n","protected":false},"excerpt":{"rendered":"<p>Die Stadt- und Schulb\u00fccherei Immenhausen ist eine \u00f6ffentliche Einrichtung der Stadt Immenhausen, der Freiherr &#8211; vom &#8211; Stein Gesamtschule und der Grundschule Lilli &#8211; Jahn. Sie steht Sch\u00fclerinnen und Sch\u00fclern, Eltern sowie allen B\u00fcrgerinnen und B\u00fcrgern offen. \u00d6ffnungszeiten: Dienstag, Mittwoch, Donnerstag: 10.00 Uhr &#8211; 12.30 Uhr |\u00a0 Dienstag und Donnerstag: 17.00 Uhr &#8211; 18.30 Uhr [&hellip;]<\/p>\n","protected":false},"author":9,"featured_media":1010,"parent":123,"menu_order":4,"comment_status":"open","ping_status":"closed","template":"","meta":{"saved_in_kubio":false,"footnotes":""},"class_list":["post-62","page","type-page","status-publish","has-post-thumbnail","hentry"],"kubio_ai_page_context":{"short_desc":"","purpose":"general"},"_links":{"self":[{"href":"https:\/\/gesamtschule-immenhausen.de\/index.php?rest_route=\/wp\/v2\/pages\/62","targetHints":{"allow":["GET"]}}],"collection":[{"href":"https:\/\/gesamtschule-immenhausen.de\/index.php?rest_route=\/wp\/v2\/pages"}],"about":[{"href":"https:\/\/gesamtschule-immenhausen.de\/index.php?rest_route=\/wp\/v2\/types\/page"}],"author":[{"embeddable":true,"href":"https:\/\/gesamtschule-immenhausen.de\/index.php?rest_route=\/wp\/v2\/users\/9"}],"replies":[{"embeddable":true,"href":"https:\/\/gesamtschule-immenhausen.de\/index.php?rest_route=%2Fwp%2Fv2%2Fcomments&post=62"}],"version-history":[{"count":5,"href":"https:\/\/gesamtschule-immenhausen.de\/index.php?rest_route=\/wp\/v2\/pages\/62\/revisions"}],"predecessor-version":[{"id":29392,"href":"https:\/\/gesamtschule-immenhausen.de\/index.php?rest_route=\/wp\/v2\/pages\/62\/revisions\/29392"}],"up":[{"embeddable":true,"href":"https:\/\/gesamtschule-immenhausen.de\/index.php?rest_route=\/wp\/v2\/pages\/123"}],"wp:featuredmedia":[{"embeddable":true,"href":"https:\/\/gesamtschule-immenhausen.de\/index.php?rest_route=\/wp\/v2\/media\/1010"}],"wp:attachment":[{"href":"https:\/\/gesamtschule-immenhausen.de\/index.php?rest_route=%2Fwp%2Fv2%2Fmedia&parent=62"}],"curies":[{"name":"wp","href":"https:\/\/api.w.org\/{rel}","templated":true}]}}