{"id":5772,"date":"2011-10-25T22:58:35","date_gmt":"2011-10-25T20:58:35","guid":{"rendered":"https:\/\/gesamtschule-immenhausen.de\/?page_id=5772"},"modified":"2011-10-25T23:04:23","modified_gmt":"2011-10-25T21:04:23","slug":"der-namensgeber","status":"publish","type":"page","link":"https:\/\/gesamtschule-immenhausen.de\/?page_id=5772","title":{"rendered":"Der Namensgeber"},"content":{"rendered":"<p><a href=\"https:\/\/gesamtschule-immenhausen.de\/wp-content\/uploads\/Freiherr-vom-Sein.jpg\"><img loading=\"lazy\" decoding=\"async\" class=\"alignright size-full wp-image-5775\" title=\"Freiherr vom Sein\" src=\"https:\/\/gesamtschule-immenhausen.de\/wp-content\/uploads\/Freiherr-vom-Sein.jpg\" alt=\"\" width=\"333\" height=\"387\" srcset=\"https:\/\/gesamtschule-immenhausen.de\/wp-content\/uploads\/Freiherr-vom-Sein-259x300.jpg 259w, https:\/\/gesamtschule-immenhausen.de\/wp-content\/uploads\/Freiherr-vom-Sein-129x150.jpg 129w\" sizes=\"(max-width: 333px) 100vw, 333px\" \/><\/a>Der preu\u00dfische Politiker und Reformer Karl Freiherr vom und zum Stein wurde am 26. Oktober 1757 in Nassau geboren. Er studierte Jura in G\u00f6ttingen und trat 1780 in den preu\u00dfischen Staatsdienst ein. 1784 wurde er Direktor der westf\u00e4lischen Berg\u00e4mter, 1788 Direktor der Kriegskammer von Kleve und 1803 Oberkammerpr\u00e4sident von M\u00fcnster und Hamm. 1804 ernannte man ihn zum preu\u00dfischen Minister f\u00fcr Wirtschaft und Finanzen.<\/p>\n<p>Er wollte das Regierungssystem \u00e4ndern, konnte sich jedoch nicht durchsetzen. Aus Protest lehnte er den Posten des Au\u00dfenministers ab und wurde daraufhin am 3. Januar 1807 von<br \/>\nK\u00f6nig Friedrich Wilhelm III entlassen.\u00a0\u00a0Er zog sich auf sein Gut in Nassau zur\u00fcck und verfasste dort die Denkschrift zur Reform der Verwaltung, worin der wichtigste Punkt die Selbstverwaltung der Gemeinden und Provinzen und somit die Beteiligung aller B\u00fcrger am Staatswesen war. Diese Reformen konnte er durchsetzen, als er 1807 erneut zum Minister berufen wurde.<\/p>\n<p>Er war damit ein Vordenker f\u00fcr die Mitbestummung und Mitverantwortung der B\u00fcrgerinnen und B\u00fcrger in einer Demokratie. Wenn es heute eine Sch\u00fclermitverwaltung (SV), Elternbeir\u00e4te, eine Schulkonferenz gibt, dann geht das mit auf seine Arbeit und seine Thesen zur\u00fcck. <strong>In diesem Geiste f\u00fchlen wir uns als Schule verpflichtet und motiviert, jungen Menschen zu m\u00fcndigen und mutigen Staatsb\u00fcrgern zu erziehen, die Verantwortung in Schule, Vereinen, Kirchen, Parteien und gesellschaftlichen Gruppen \u00fcbernehmen. Mit dieser Erziehung beginnen wir in den Klassenratsstunden, beim Mensaaufsichten und der Selbstverwaltung der Toiletten. Kleine Schritte, die Sch\u00fclerinnen und Sch\u00fclern einbeziehen und eigene Veranwortung \u00fcbertragen.<\/strong><\/p>\n<p>Die St\u00e4dte erhielten die Selbstverwaltung und die Kabinettsregierung wurde durch eine Ministerialregierung ersetzt. Er ging nach \u00d6sterreich ins Exil, nachdem er im November 1808 wegen eines Konfliktes mit Napoleon auf eigenen Wunsch entlassen wurde. 1812 holte ihn Zar Alexander I als Berater nach Russland. Nachdem Napoleon dort besiegt wurde, vereinigte Stein Russland und Ostpreu\u00dfen zu einem B\u00fcndnis gegen Frankreich. Als Berater des Zaren setzte sich Stein 1814 beim Wiener Kongress noch einmal gezielt, aber erfolglos f\u00fcr einen starken deutschen Bundesstaat ein. Danach lebte Stein zur\u00fcckgezogen in Westfalen. 1819 gr\u00fcndete er die Gesellschaft f\u00fcr \u00e4ltere deutsche Geschichtskunde. Stein starb am 29. Juni \u00a01831 in Cappenberg.<\/p>\n<p>&nbsp;<\/p>\n","protected":false},"excerpt":{"rendered":"<p>Der preu\u00dfische Politiker und Reformer Karl Freiherr vom und zum Stein wurde am 26. Oktober 1757 in Nassau geboren. Er studierte Jura in G\u00f6ttingen und trat 1780 in den preu\u00dfischen Staatsdienst ein. 1784 wurde er Direktor der westf\u00e4lischen Berg\u00e4mter, 1788 Direktor der Kriegskammer von Kleve und 1803 Oberkammerpr\u00e4sident von M\u00fcnster und Hamm. 1804 ernannte man [&hellip;]<\/p>\n","protected":false},"author":3,"featured_media":0,"parent":15,"menu_order":0,"comment_status":"open","ping_status":"closed","template":"","meta":{"saved_in_kubio":false,"footnotes":""},"class_list":["post-5772","page","type-page","status-publish","hentry"],"kubio_ai_page_context":{"short_desc":"","purpose":"general"},"_links":{"self":[{"href":"https:\/\/gesamtschule-immenhausen.de\/index.php?rest_route=\/wp\/v2\/pages\/5772","targetHints":{"allow":["GET"]}}],"collection":[{"href":"https:\/\/gesamtschule-immenhausen.de\/index.php?rest_route=\/wp\/v2\/pages"}],"about":[{"href":"https:\/\/gesamtschule-immenhausen.de\/index.php?rest_route=\/wp\/v2\/types\/page"}],"author":[{"embeddable":true,"href":"https:\/\/gesamtschule-immenhausen.de\/index.php?rest_route=\/wp\/v2\/users\/3"}],"replies":[{"embeddable":true,"href":"https:\/\/gesamtschule-immenhausen.de\/index.php?rest_route=%2Fwp%2Fv2%2Fcomments&post=5772"}],"version-history":[{"count":3,"href":"https:\/\/gesamtschule-immenhausen.de\/index.php?rest_route=\/wp\/v2\/pages\/5772\/revisions"}],"predecessor-version":[{"id":5774,"href":"https:\/\/gesamtschule-immenhausen.de\/index.php?rest_route=\/wp\/v2\/pages\/5772\/revisions\/5774"}],"up":[{"embeddable":true,"href":"https:\/\/gesamtschule-immenhausen.de\/index.php?rest_route=\/wp\/v2\/pages\/15"}],"wp:attachment":[{"href":"https:\/\/gesamtschule-immenhausen.de\/index.php?rest_route=%2Fwp%2Fv2%2Fmedia&parent=5772"}],"curies":[{"name":"wp","href":"https:\/\/api.w.org\/{rel}","templated":true}]}}