{"id":56,"date":"2011-06-27T11:06:05","date_gmt":"2011-06-27T11:06:05","guid":{"rendered":"https:\/\/gesamtschule-immenhausen.de\/?page_id=56"},"modified":"2025-03-14T10:29:57","modified_gmt":"2025-03-14T09:29:57","slug":"leitbild","status":"publish","type":"page","link":"https:\/\/gesamtschule-immenhausen.de\/?page_id=56","title":{"rendered":"Leitbild"},"content":{"rendered":"<p class=\"x_xmsonormal\"><b>Auf dem Weg zu neuen Leitwerten<\/b><\/p>\n<p class=\"x_xmsonormal\">Seit November 2024 beteiligten sich Sch\u00fclerinnen und Sch\u00fcler, Lehrkr\u00e4fte, die UBUS-Kraft, die Schulsozialarbeit, Eltern sowie das nicht-p\u00e4dagogische Personal (z.B. Hausmeister und Sekret\u00e4rinnen) an der Sammlung und Diskussion neuer Leitwerte f\u00fcr die Freiherr-vom-Stein-Schule Immenhausen. Ca. 800 Mitglieder unserer Schulgemeinde steuerten aktiv Vorschl\u00e4ge zu diesem Aushandlungsprozess bei.<\/p>\n<p class=\"x_xmsonormal\">Die Favoriten der Klassen, die im Unterricht erarbeitet wurden, der Eltern, die digital ihre Leitwerte sammelten und die Vorschl\u00e4ge des p\u00e4dagogischen sowie nicht-p\u00e4dagogischen Personals wurden am p\u00e4dagogischen Tag am 17.02.25 genauer unter die Lupe genommen. Am Ende eines 3-schrittigen Auswahlverfahrens, das vom Coach Stefan Clotz begleitet wurde, einigten sich die Vertreter der Schulgemeinde auf sechs neue Leitwerte:<\/p>\n<p class=\"x_xmsonormal\">\u00a0<\/p>\n<p class=\"x_xmsonormal\">MITEINANDER<\/p>\n<p class=\"x_xmsonormal\">ZUKUNFTSVERANTWORTUNG<\/p>\n<p class=\"x_xmsonormal\">WERTSCH\u00c4TZUNG<\/p>\n<p class=\"x_xmsonormal\">KOMMUNIKATION<\/p>\n<p class=\"x_xmsonormal\">BEGEISTERUNG<\/p>\n<p class=\"x_xmsonormal\">MUT<\/p>\n<p class=\"x_xmsonormal\">Diese Werte nun mit Inhalt zu f\u00fcllen und in unserem t\u00e4glichen Umgang miteinander sp\u00fcrbar zu machen, ist die gro\u00dfe Aufgabe, die wir aus diesem Tag mitnehmen.<\/p>\n<p class=\"x_xmsonormal\">Herzlichen Dank f\u00fcr die Teilnahme an der Elternumfrage, f\u00fcr die demokratische Erarbeitung im Unterricht sowie f\u00fcr die lebhaften Diskussionen am p\u00e4dagogischen Tag. Ein besonderer Dank geht an die Sch\u00fclerinnen und Sch\u00fcler, Tim Acker, Elias F\u00f6rster, Annely Galzew und Emma Schulz sowie die Elternvertreterinnen, Frau Hinze, Frau Konrad und Frau Vialon, die sich aktiv am p\u00e4dagogischen Tag eingebracht haben.<\/p>\n<p>\u00a0<\/p>\n<div id=\"x_Signature\">\n<div id=\"x_divtagdefaultwrapper\" dir=\"ltr\">\n<div>\n<p dir=\"ltr\"><a href=\"https:\/\/gesamtschule-immenhausen.de\/wp-content\/uploads\/PadTag.jpg\"><img loading=\"lazy\" decoding=\"async\" class=\"aligncenter size-large wp-image-34999\" src=\"https:\/\/gesamtschule-immenhausen.de\/wp-content\/uploads\/PadTag-1024x768.jpg\" alt=\"\" width=\"1024\" height=\"768\" srcset=\"https:\/\/gesamtschule-immenhausen.de\/wp-content\/uploads\/PadTag-1024x768.jpg 1024w, https:\/\/gesamtschule-immenhausen.de\/wp-content\/uploads\/PadTag-150x113.jpg 150w, https:\/\/gesamtschule-immenhausen.de\/wp-content\/uploads\/PadTag-768x576.jpg 768w, https:\/\/gesamtschule-immenhausen.de\/wp-content\/uploads\/PadTag-1536x1152.jpg 1536w, https:\/\/gesamtschule-immenhausen.de\/wp-content\/uploads\/PadTag-1440x1080.jpg 1440w, https:\/\/gesamtschule-immenhausen.de\/wp-content\/uploads\/PadTag.jpg 2016w\" sizes=\"(max-width: 1024px) 100vw, 1024px\" \/><\/a><\/p>\n<\/div>\n<\/div>\n<\/div>\n<p>\u00a0<\/p>\n<p><strong>F\u00fcr gute Atmosph\u00e4re sorgen: <\/strong><strong>Wir achten auf einen wertsch\u00e4tzenden Umgang untereinander<\/strong><strong>.<\/strong><\/p>\n<p><em><strong>Das hei\u00dft f\u00fcr uns&#8230; <\/strong><\/em><\/p>\n<ul>\n<li>Wir f\u00f6rdern das soziale Miteinander.<\/li>\n<li>Wir erm\u00f6glichen Gemeinschaftserlebnisse im geistigen, kulturellen, sozialen und sportlichen Bereich.<\/li>\n<li>Wir tragen durch das Kennenlernen\u00a0anderer Kulturen und Lebensformen zum Abbau von Vorurteilen bei.<\/li>\n<li>Wir nutzen auch die \u201eSozialarbeit in Schule\u201c zur Konfliktbew\u00e4ltigung.<\/li>\n<li>Wir unterst\u00fctzen uns gegenseitig in erzieherischen Fragen.<\/li>\n<\/ul>\n<p>\u00a0<\/p>\n<p><strong>Nachhaltig kommunizieren: <\/strong><strong>Wir pflegen ein offenes Gespr\u00e4chsklima.<\/strong><\/p>\n<p><em><strong>Das hei\u00dft f\u00fcr uns&#8230; <\/strong><\/em><\/p>\n<ul>\n<li>Wir f\u00f6rdern die Bereitschaft und F\u00e4higkeit zur Verst\u00e4ndigung.<\/li>\n<li>Wir sprechen h\u00f6flich miteinander.<\/li>\n<li>Wir h\u00f6ren anderen zu und \u00e4u\u00dfern verst\u00e4ndlich unsere Anliegen.<\/li>\n<li>Wir suchen nach L\u00f6sungen statt nach Schuldigen.<\/li>\n<li>Wir akzeptieren Kompromisse, wo sie n\u00f6tig sind.<\/li>\n<li>Wir sind offen f\u00fcr neue Impulse und Ideen.<\/li>\n<\/ul>\n<p>\u00a0<\/p>\n<p><strong>Eigenst\u00e4ndigkeit gro\u00dfschreiben: <\/strong><strong>Wir st\u00e4rken Selbstst\u00e4ndigkeit und Eigenverantwortung.<\/strong><\/p>\n<p><em><strong>Das hei\u00dft f\u00fcr uns&#8230; <\/strong><\/em><\/p>\n<ul>\n<li>Wir unterst\u00fctzen Heranwachsende in ihrer Entwicklung zu einer verantwortungsbewussten Pers\u00f6nlichkeit.<\/li>\n<\/ul>\n<ul>\n<li>Wir ermutigen jeden, sich selbst Ziele\u00a0zu setzen und Verantwortung f\u00fcr das eigene Handeln zu \u00fcbernehmen.<\/li>\n<li>Wir best\u00e4rken Fortschritte mit Lob und\u00a0Anerkennung.<\/li>\n<li>Wir gehen sorgsam mit Ressourcen (R\u00e4umen,\u00a0B\u00fccher, Inventar, Energie) um.<\/li>\n<li>Wir gestalten Schule zu einem\u00a0einladenden Ort.<\/li>\n<\/ul>\n<p>\u00a0<\/p>\n<p><strong>Lernkultur pflegen: <\/strong><strong>Wir f\u00f6rdern eine Kultur des Lernens, die einer m\u00f6glichst breiten Entfaltung unterschiedlicher Kompetenzen Raum gibt.<\/strong><\/p>\n<p><em><strong>Das hei\u00dft f\u00fcr uns\u2026<\/strong><\/em><\/p>\n<ul>\n<li>Wir wollen, dass\u00a0jeder seine eigenen F\u00e4higkeiten entdecken und sie in das Schulleben einbringen kann.<\/li>\n<li>Wir best\u00e4rken Lernende und Lehrende darin, sich die Neugier als Motor des Lernens zu erhalten.<\/li>\n<li>Wir ermutigen dazu, aus Fehlern zu lernen.<\/li>\n<li>Wir geben Kindern und Jugendlichen altersgem\u00e4\u00dfe Lernstrategien an die Hand, die sie bef\u00e4higen, selbstt\u00e4tig zu\u00a0lernen und zu arbeiten.<\/li>\n<li>Wir setzen auf bew\u00e4hrte und innovative Lehr- und Lernmethoden, die wir miteinander verbinden.<\/li>\n<li>Wir gew\u00e4hrleisten einen qualifizierten Unterricht und bilden uns regelm\u00e4\u00dfig fort.<\/li>\n<\/ul>\n<p>\u00a0<\/p>\n<p><strong>\u00dcber den Tellerrand schauen: <\/strong><strong>Wir kooperieren zukunftsweisend mit Institutionen, Betrieben und Vereinen.<\/strong><\/p>\n<p><em><strong>Das hei\u00dft f\u00fcr uns &#8230;<\/strong><\/em><\/p>\n<ul>\n<li>Wir gestalten unsere Arbeit\u00a0nach au\u00dfen transparent.<\/li>\n<li>Wir binden Kooperationspartner\u00a0unserer Umgebung in unsere Arbeit ein.<\/li>\n<li>Wir unterst\u00fctzen die \u00d6ffnung\u00a0der Schule durch \u00fcbergreifende Projekte wie zum Beispiel Busbegleiter, Schulsanit\u00e4ter, etc.<\/li>\n<li>Wir arbeiten kontinuierlich an einem Netzwerk mit au\u00dferschulischen\u00a0Tr\u00e4gern und Betrieben, das die Sch\u00fclerinnen und Sch\u00fcler berufsorientierend\u00a0unterst\u00fctzt.<\/li>\n<li>Wir informieren \u00fcber weiterf\u00fchrende Schulen und begleiten\u00a0\u00dcberg\u00e4nge.<\/li>\n<\/ul>\n<p><strong>Entwicklungen zulassen: <\/strong><strong>Wir verstehen unsere Schule als einen lebendigen Ort, der Ver\u00e4nderungen gegen\u00fcber aufgeschlossen ist.<\/strong><\/p>\n<p><em><strong>Das hei\u00dft f\u00fcr uns\u2026<\/strong><\/em><\/p>\n<ul>\n<li>Wir schauen neuen Sch\u00fclergenerationen neugierig entgegen.<\/li>\n<li>Wir informieren uns \u00fcber die schulische Relevanz gesellschaftlicher Ver\u00e4nderungen und reagieren angemessen darauf.<\/li>\n<li>Wir vermeiden starre Verhaltensmuster, die sinnvolle Ver\u00e4nderungen im Schulleben erschweren.<\/li>\n<li>Wir reflektieren regelm\u00e4\u00dfig unsere Arbeit und sind bereit, notwendige Ver\u00e4nderungen vorzunehmen.<\/li>\n<\/ul>\n<p><strong>Umwelt sch\u00fctzen: <\/strong><strong>Wir lernen gemeinsam, f\u00fcr alle Belange des Umweltschutzes sensibel zu sein, bzw. zu werden.<\/strong><\/p>\n<p><em><strong>Das hei\u00dft f\u00fcr uns\u2026<\/strong><\/em><\/p>\n<ul>\n<li>Wir erziehen uns gegenseitig zu einem bewussten Umgang mit den Ressourcen der Erde.<\/li>\n<li>Wir \u00f6ffnen unsere Augen besonders f\u00fcr die Umweltprobleme, an deren Verringerung wir durch unser Handeln in der Schule beispielhaft aktiv teilhaben k\u00f6nnen.<\/li>\n<li>Wir schauen verantwortungsvoll und positiv in die Zukunft, indem wir in m\u00f6glichst vielen Bereichen \u00a0umweltfreundlich handeln.<\/li>\n<\/ul>\n\n\n<figure class=\"wp-block-image\"><img loading=\"lazy\" decoding=\"async\" width=\"998\" height=\"665\" src=\"https:\/\/gesamtschule-immenhausen.de\/wp-content\/uploads\/Immenhausen_2018-11-24_D5_3515.jpg\" alt=\"\" class=\"wp-image-29073\" srcset=\"https:\/\/gesamtschule-immenhausen.de\/wp-content\/uploads\/Immenhausen_2018-11-24_D5_3515.jpg 998w, https:\/\/gesamtschule-immenhausen.de\/wp-content\/uploads\/Immenhausen_2018-11-24_D5_3515-150x100.jpg 150w, https:\/\/gesamtschule-immenhausen.de\/wp-content\/uploads\/Immenhausen_2018-11-24_D5_3515-768x512.jpg 768w, https:\/\/gesamtschule-immenhausen.de\/wp-content\/uploads\/Immenhausen_2018-11-24_D5_3515-400x267.jpg 400w\" sizes=\"(max-width: 998px) 100vw, 998px\" \/><\/figure>\n","protected":false},"excerpt":{"rendered":"<p>Auf dem Weg zu neuen Leitwerten Seit November 2024 beteiligten sich Sch\u00fclerinnen und Sch\u00fcler, Lehrkr\u00e4fte, die UBUS-Kraft, die Schulsozialarbeit, Eltern sowie das nicht-p\u00e4dagogische Personal (z.B. Hausmeister und Sekret\u00e4rinnen) an der Sammlung und Diskussion neuer Leitwerte f\u00fcr die Freiherr-vom-Stein-Schule Immenhausen. Ca. 800 Mitglieder unserer Schulgemeinde steuerten aktiv Vorschl\u00e4ge zu diesem Aushandlungsprozess bei. Die Favoriten der Klassen, [&hellip;]<\/p>\n","protected":false},"author":9,"featured_media":0,"parent":123,"menu_order":1,"comment_status":"open","ping_status":"closed","template":"","meta":{"saved_in_kubio":false,"footnotes":""},"class_list":["post-56","page","type-page","status-publish","hentry"],"kubio_ai_page_context":{"short_desc":"","purpose":"general"},"_links":{"self":[{"href":"https:\/\/gesamtschule-immenhausen.de\/index.php?rest_route=\/wp\/v2\/pages\/56","targetHints":{"allow":["GET"]}}],"collection":[{"href":"https:\/\/gesamtschule-immenhausen.de\/index.php?rest_route=\/wp\/v2\/pages"}],"about":[{"href":"https:\/\/gesamtschule-immenhausen.de\/index.php?rest_route=\/wp\/v2\/types\/page"}],"author":[{"embeddable":true,"href":"https:\/\/gesamtschule-immenhausen.de\/index.php?rest_route=\/wp\/v2\/users\/9"}],"replies":[{"embeddable":true,"href":"https:\/\/gesamtschule-immenhausen.de\/index.php?rest_route=%2Fwp%2Fv2%2Fcomments&post=56"}],"version-history":[{"count":7,"href":"https:\/\/gesamtschule-immenhausen.de\/index.php?rest_route=\/wp\/v2\/pages\/56\/revisions"}],"predecessor-version":[{"id":35000,"href":"https:\/\/gesamtschule-immenhausen.de\/index.php?rest_route=\/wp\/v2\/pages\/56\/revisions\/35000"}],"up":[{"embeddable":true,"href":"https:\/\/gesamtschule-immenhausen.de\/index.php?rest_route=\/wp\/v2\/pages\/123"}],"wp:attachment":[{"href":"https:\/\/gesamtschule-immenhausen.de\/index.php?rest_route=%2Fwp%2Fv2%2Fmedia&parent=56"}],"curies":[{"name":"wp","href":"https:\/\/api.w.org\/{rel}","templated":true}]}}