{"id":54,"date":"2011-06-27T11:05:53","date_gmt":"2011-06-27T11:05:53","guid":{"rendered":"https:\/\/gesamtschule-immenhausen.de\/?page_id=54"},"modified":"2025-08-19T10:33:12","modified_gmt":"2025-08-19T08:33:12","slug":"schulordnung","status":"publish","type":"page","link":"https:\/\/gesamtschule-immenhausen.de\/?page_id=54","title":{"rendered":"Schulordnung"},"content":{"rendered":"<p>Die Schule hat sich eine Schulordnung gegeben. Sie wurde von den Gremien der Schule, Gesamtkonferenz der Lehrer, Sch\u00fclerselbstverwaltung (SV), Schulelternbeirat und Schulkonferenz erarbeitet und beschlossen und ist somit verbindlich f\u00fcr alle Menschen an der Freiherr-vom-Stein-Schule. Sie zeigt Recht und Pflichten auf und will damit zu einem guten Schulklima beitragen.<\/p>\n<p><strong>Grundprinzipien<\/strong><\/p>\n<p>Unsere Schulordnung basiert auf unseren sechs Leitwerten: Kommunikation, Wertsch\u00e4tzung, Mut, Zukunftsverantwortung, Miteinander und Begeisterung.<\/p>\n<p>\u00a0<\/p>\n<p><strong>Verhalten im Schulalltag<\/strong><\/p>\n<p><strong>\u00a0<\/strong><span style=\"color: initial;\">Wir begegnen einander respektvoll, freundlich und hilfsbereit.<\/span><\/p>\n<ul>\n<li>Wir sind ehrlich zueinander und stehen zu den Fehlern, die wir machen.<\/li>\n<li>Wir achten darauf, dass alle ungest\u00f6rt lernen und arbeiten k\u00f6nnen.<\/li>\n<li>Gewalt in jeglicher Form (k\u00f6rperlich, verbal und digital) wird nicht geduldet.<\/li>\n<li>Wir \u00fcbernehmen Verantwortung f\u00fcr unser eigenes Verhalten und unsere Umgebung.<\/li>\n<li>Wir kleiden uns angemessen und verzichten somit auf durchsichtige und zu kurze Kleidung.<\/li>\n<li>Caps und Jacken tragen wir nicht im Unterricht.<\/li>\n<li>Im Unterricht trinken wir keine S\u00fc\u00dfgetr\u00e4nke und kauen kein Kaugummi. Koffeinhaltige Getr\u00e4nke und Energy Drinks sind w\u00e4hrend der gesamten Schulzeit von 7:45 bis 16:20 Uhr verboten.<\/li>\n<li>Fachr\u00e4ume, die Sporthalle, die Mensa, die lernBibliotheken, lernForen und Toiletten haben ihre eigenen Regeln, diese beachten wir.<\/li>\n<\/ul>\n<p>\u00a0<\/p>\n<p><strong>Rituale &amp; Gemeinschaft<\/strong><\/p>\n<p><strong>\u00a0<\/strong><span style=\"color: initial;\">Wir starten und beenden den Unterricht p\u00fcnktlich. Darum gehen die Sch\u00fclerinnen und Sch\u00fcler sowie Lehrkr\u00e4fte mit dem ersten Klingeln zu ihren R\u00e4umen. Vers\u00e4umte Zeit muss ggf. am Nachmittag nachgeholt werden.<\/span><\/p>\n<ul>\n<li>Wir nehmen unsere Coachingtermine p\u00fcnktlich und eigenverantwortlich wahr.<\/li>\n<li>Wir sorgen f\u00fcr Sauberkeit und Ordnung in den Lernr\u00e4umen, die wir gemeinsam nutzen d\u00fcrfen.<\/li>\n<li>Wir beteiligen uns aktiv in der Schulgemeinde: an Projekten, Veranstaltungen, in der SV und im Sch\u00fclerparlament.<\/li>\n<\/ul>\n<p>\u00a0<\/p>\n<p><strong>Medien- &amp; Handynutzung<\/strong><\/p>\n<p><strong>\u00a0<\/strong><\/p>\n<ul>\n<li>W\u00e4hrend der gesamten Unterrichtszeit von 7:45 Uhr bis 16:20 Uhr bleiben Handys, Kopfh\u00f6rer und andere rein private Ger\u00e4te ausgeschaltet und in der Tasche. Die Schule wird damit zur Smartphone-Schutzzone. Wird auf dem Schulgel\u00e4nde, w\u00e4hrend der allgemeinen Unterrichtszeit, gegen diese Regel versto\u00dfen, werden die technischen Ger\u00e4te von einer Lehrkraft abgenommen und verwahrt.<\/li>\n<li>Geht ein Sch\u00fcler\/eine Sch\u00fclerin w\u00e4hrend der Unterrichtszeit zur Toilette, m\u00fcssen Handy und Smartwatch im Unterrichtsraum verbleiben.<\/li>\n<li>Pausen sind grunds\u00e4tzlich Medienpausen, mit Ausnahme der Mittagspause in der Spieliothek.<\/li>\n<li>Die schulische Nutzung der iPads, von Kopfh\u00f6rern und Lernplattformen erfolgt verantwortungsvoll und ausschlie\u00dflich zu Lernzwecken.<\/li>\n<li>Der Nutzungsvertrag f\u00fcr iPad, KI und WLAN wird eingehalten.<\/li>\n<li>Das Aufnehmen und Verbreiten von Bildern, Videos oder Tonaufnahmen ist ohne ausdr\u00fcckliche Erlaubnis durch eine Lehrkraft verboten.<\/li>\n<\/ul>\n<p>\u00a0<\/p>\n<p><strong>Schulgel\u00e4<\/strong><strong>nde &amp; Pausenregeln<\/strong><\/p>\n<ul>\n<li>In den Pausen verhalten wir uns r\u00fccksichtsvoll, sowohl auf dem Schulhof, als auch in der Mensa.<\/li>\n<li>Grobes Verhalten, wie (Vor-)Dr\u00e4ngeln und Schubsen, ist zu unterlassen.<\/li>\n<li>Vapes, Zigaretten, Alkohol, Drogen sowie Waffen sind auf dem gesamten Schulgel\u00e4nde verboten.<\/li>\n<li>Auch in den Pausen achten wir auf Sauberkeit und entsorgen unseren M\u00fcll in den M\u00fclleimern.<\/li>\n<li>Das Schulgel\u00e4nde darf w\u00e4hrend der Unterrichtszeit nicht verlassen werden.<\/li>\n<li>Wir entziehen uns nicht der Aufsicht. Das Aufhalten in G\u00e4ngen und Fluren ist in den gro\u00dfen Pausen verboten.<\/li>\n<li>Das Sekretariat steht in der Pause f\u00fcr wichtige Anliegen und dringende Fragen zur Verf\u00fcgung. Sch\u00fclerinnen und Sch\u00fcler treten daf\u00fcr einzeln ein.<\/li>\n<li>Das Lehrerzimmer ist in der Pause nur in dringenden F\u00e4llen aufzusuchen. Sch\u00fclerinnen und Sch\u00fcler kommen mit ihren Anliegen allein oder mit h\u00f6chstens einer Begleitperson.<\/li>\n<\/ul>\n<p>\u00a0\u00a0\u00a0\u00a0\u00a0\u00a0\u00a0\u00a0\u00a0\u00a0\u00a0<\/p>\n<p><strong>Umgang mit Eigentum<\/strong><\/p>\n<p><strong>\u00a0<\/strong><\/p>\n<ul>\n<li>Wir gehen sorgf\u00e4ltig mit Schulmaterialien, M\u00f6beln und digitalen Ger\u00e4ten um.<\/li>\n<li>F\u00fcr Sch\u00e4den, die mutwillig verursacht werden, m\u00fcssen wir Verantwortung \u00fcbernehmen und entstandene Sch\u00e4den wieder gut machen.<\/li>\n<\/ul>\n<p>\u00a0<\/p>\n<p>\u00a0<\/p>\n<p><strong>Bei Nichteinhaltung dieser Regeln nutzen die Lehrkr\u00e4fte &#8211; je nach H\u00e4rte und H\u00e4ufigkeit der Verst\u00f6\u00dfe &#8211; p\u00e4dagogische Ma\u00dfnahmen wie Gespr\u00e4che, Missbilligungen, Auszeiten im Trainingsraum etc. oder in Absprache mit der Schulleitung Ordnungsma\u00dfnahmen gem\u00e4\u00df \u00a782 HSchG.<\/strong><\/p>\n\n\n<figure class=\"wp-block-image\"><img loading=\"lazy\" decoding=\"async\" width=\"998\" height=\"665\" src=\"https:\/\/gesamtschule-immenhausen.de\/wp-content\/uploads\/Immenhausen_2018-11-24_D850_4325.jpg\" alt=\"\" class=\"wp-image-29192\" srcset=\"https:\/\/gesamtschule-immenhausen.de\/wp-content\/uploads\/Immenhausen_2018-11-24_D850_4325.jpg 998w, https:\/\/gesamtschule-immenhausen.de\/wp-content\/uploads\/Immenhausen_2018-11-24_D850_4325-150x100.jpg 150w, https:\/\/gesamtschule-immenhausen.de\/wp-content\/uploads\/Immenhausen_2018-11-24_D850_4325-768x512.jpg 768w, https:\/\/gesamtschule-immenhausen.de\/wp-content\/uploads\/Immenhausen_2018-11-24_D850_4325-400x267.jpg 400w\" sizes=\"(max-width: 998px) 100vw, 998px\" \/><\/figure>\n","protected":false},"excerpt":{"rendered":"<p>Die Schule hat sich eine Schulordnung gegeben. Sie wurde von den Gremien der Schule, Gesamtkonferenz der Lehrer, Sch\u00fclerselbstverwaltung (SV), Schulelternbeirat und Schulkonferenz erarbeitet und beschlossen und ist somit verbindlich f\u00fcr alle Menschen an der Freiherr-vom-Stein-Schule. Sie zeigt Recht und Pflichten auf und will damit zu einem guten Schulklima beitragen. Grundprinzipien Unsere Schulordnung basiert auf unseren [&hellip;]<\/p>\n","protected":false},"author":9,"featured_media":0,"parent":123,"menu_order":0,"comment_status":"open","ping_status":"closed","template":"","meta":{"saved_in_kubio":false,"footnotes":""},"class_list":["post-54","page","type-page","status-publish","hentry"],"kubio_ai_page_context":{"short_desc":"","purpose":"general"},"_links":{"self":[{"href":"https:\/\/gesamtschule-immenhausen.de\/index.php?rest_route=\/wp\/v2\/pages\/54","targetHints":{"allow":["GET"]}}],"collection":[{"href":"https:\/\/gesamtschule-immenhausen.de\/index.php?rest_route=\/wp\/v2\/pages"}],"about":[{"href":"https:\/\/gesamtschule-immenhausen.de\/index.php?rest_route=\/wp\/v2\/types\/page"}],"author":[{"embeddable":true,"href":"https:\/\/gesamtschule-immenhausen.de\/index.php?rest_route=\/wp\/v2\/users\/9"}],"replies":[{"embeddable":true,"href":"https:\/\/gesamtschule-immenhausen.de\/index.php?rest_route=%2Fwp%2Fv2%2Fcomments&post=54"}],"version-history":[{"count":6,"href":"https:\/\/gesamtschule-immenhausen.de\/index.php?rest_route=\/wp\/v2\/pages\/54\/revisions"}],"predecessor-version":[{"id":35657,"href":"https:\/\/gesamtschule-immenhausen.de\/index.php?rest_route=\/wp\/v2\/pages\/54\/revisions\/35657"}],"up":[{"embeddable":true,"href":"https:\/\/gesamtschule-immenhausen.de\/index.php?rest_route=\/wp\/v2\/pages\/123"}],"wp:attachment":[{"href":"https:\/\/gesamtschule-immenhausen.de\/index.php?rest_route=%2Fwp%2Fv2%2Fmedia&parent=54"}],"curies":[{"name":"wp","href":"https:\/\/api.w.org\/{rel}","templated":true}]}}