{"id":5391,"date":"2011-10-19T10:15:08","date_gmt":"2011-10-19T08:15:08","guid":{"rendered":"https:\/\/gesamtschule-immenhausen.de\/?page_id=5391"},"modified":"2024-09-13T08:25:26","modified_gmt":"2024-09-13T06:25:26","slug":"kurzvorstellung","status":"publish","type":"page","link":"https:\/\/gesamtschule-immenhausen.de\/?page_id=5391","title":{"rendered":"Kurzvorstellung"},"content":{"rendered":"<p>Wir wollen Ihre Kinder zeitgem\u00e4\u00df zu einem Schulabschluss f\u00fchren. Gleichzeitig bereiten wir auf das Leben vor, sind ein pr\u00e4gender Ort, der Freude am Lernen vermittelt. Wir sind f\u00fcr Immenhausen, Espenau und Reinhardshagen die wohnortnahe kooperative Gesamtschule mit Ganztagsangebot (Profil 2). Das hei\u00dft, dass die Kinder nach Unterrichtsende w\u00e4hlen k\u00f6nnen, ob und zu welchem Nachmittagsangebot sie gehen.<\/p>\n<p><a href=\"_wp_link_placeholder\" data-wplink-edit=\"true\"><iframe loading=\"lazy\" src=\"\/\/www.youtube.com\/embed\/gEQYa0Fj2eM\" width=\"560\" height=\"314\" allowfullscreen=\"allowfullscreen\"><\/iframe><\/a><\/p>\n<p>Als eine Besonderheit unserer Schule gibt es in allen Schulzweigen mehrj\u00e4hrigen PC-Unterricht. Der Wahlpflichtbereich setzt Schwerpunkte in Wirtschaft\/ \u00d6kologie, Naturwissenschaften und im musisch-k\u00fcnstlerischen Lernen. In der Klasse 7 gibt es eine Schneesportwoche in Berchtesgaden. Die Abschlussklassen lernen in einer Studienfahrt eine Gro\u00dfstadt kennen. Durch Rhythmisierung des Unterrichts mit vielen Doppelstunden und damit verbunden weniger F\u00e4chern und Hausaufgaben pro Tag gestalten wir den Schulalltag ruhig und stressfreier. Konzentration und Lernmotivation werden erh\u00f6ht. Neu sind die LernZeiten. Jede Klasse hat eine Klassenlehrerstunde f\u00fcr \u201eSoziales Lernen&#8220; und das Kl\u00e4ren von Problemen im Klassenrat. Ebenfalls beim Klassenlehrer findet die w\u00f6chentliche LernZeit-Stunde statt, in der Hausaufgaben erledigt werden k\u00f6nnen. Am Nachmittag kann man freiwillig an der Hausaufgabenhilfe oder auch an offener Nachhilfe teilnehmen. Lese- und Rechtschreibf\u00f6rderung sind ein Schwerpunkt. Speziell ausgebildete Lehrkr\u00e4fte f\u00fchren F\u00f6rderung bei LRS durch. Wichtig ist uns die Herausbildung sozialer Kompetenzen (Klassenrat, LionsQuest \u201eErwachsen werden&#8220;, Schulsozialarbeiterinnen, Klassenlehrerstunde). Den Schulalltag bereichert eine Klassenfahrt zu Beginn der Klasse 6 und der Besuch au\u00dferschulischer Lernorte. Ein Spielplatz und ein Ballsportfeld auf dem Schulhof mit \u201eGr\u00fcnem Klassenzimmer&#8220; und Kletterwand, die neu gebaute Stadt- und Schulbibliothek sowie eine Mensa mit t\u00e4glichem Mittagstisch und M\u00fcslifr\u00fchst\u00fcck geh\u00f6ren zur 2008\/09 komplett sanierten und modernisierten Schule.<\/p>\n<p>Im freiwilligen Nachmittagsangebot bieten wir mehr als 60 Angebote an: Von Schulband bis Keramik, Turnen bis Tennis. T\u00e4glich gibt es Hausaufgabenbetreuung. Wir pflegen eine Schulpartnerschaft mit Montaigu (Frankreich), 2013 gab es erstmals eine Fahrt nach London, auch Rom war bereits Reiseziel. Der F\u00f6rderverein hat eine hervorragende Ausstattung der Schule erm\u00f6glicht. Wir verf\u00fcgen \u00fcber drei PC-R\u00e4ume mit Smartboards, zus\u00e4tzliche R\u00e4ume haben Beamer. Unsere zwei Schulsozialarbeiterinnen sind Ansprechpartnerinnen bei Sorgen und N\u00f6ten. Ein Trainingsraumprogramm verbessert das Lernklima und hilft Unterrichtsst\u00f6rungen zu vermindern. Zum Schulleben geh\u00f6ren Projektwochen, Sporttage, Konzerte, Musical \/ Theaterauff\u00fchrungen, Autorenlesungen und Exkursionen. Im Zuge des Schulschwerpunktes Berufsorientierung gibt es einen eigenen Berufseinstiegsberater. Bewerbungstraining wird in allen Zweigen durchgef\u00fchrt. Die Teilnahme an Wettbewerben und Projekten sind Teil der p\u00e4dagogischen Arbeit. Dazu geh\u00f6rten Vorlesewettbewerbe in Deutsch und Englisch, \u201eSINUS&#8220; in Mathematik und Naturwissenschaften sowie Sport- und Schachturniere und \u201eJugend Trainiert f\u00fcr Olympia&#8220;. Bei diesem Wettbewerb wurden die Turner 2011 Bundessieger im Ger\u00e4tturnen.<\/p>\n<p><strong>Mittelstufenschulzweig: <\/strong><strong>Wege zum Hauptschul- und Realschulabschluss<\/strong><\/p>\n<p>Zun\u00e4chst besuchen die Kinder nach der 4. Klasse die Aufbaustufe (ehemals F\u00f6rderstufe). Dort ist man drei statt bisher zwei Jahre im Klassenverband zusammen, lernt also l\u00e4nger gemeinsam. Nach der Klasse 7 bieten wir den \u201eMittleren Bildungsgang&#8220; an, der zum Realschulabschluss f\u00fchrt. Der \u201ePraxisorientierte Bildungsgang&#8220; bietet nach der Klasse 7 intensiven Praxisbezug -auch durch die Nutzung von Fachr\u00e4umen beruflicher Schulen &#8211; und soll bei der Berufswahl helfen, er f\u00fchrt zum Hauptschulabschluss. Beide Abschl\u00fcsse bef\u00e4higen bei Eignung zum Besuch weiterf\u00fchrender Schulen. Im Jahrgang 5 gibt es gemeinsamen Unterricht in den Hauptf\u00e4chern, die Kursbildung findet nach einj\u00e4hriger Orientierungsphase in Deutsch, Englisch und Mathematik (B- und C-Kurse ab Jg. 6) statt. Ein l\u00e4ngeres gemeinsames Lernen wird durch Schulzweigbildung erst nach der 7, Klasse m\u00f6glich. Durch die enge Kooperation zwischen Aufbaustufe und Gymnasialzweig ist ein Schulzweigwechsel bis zum Ende der Klasse 6 m\u00f6glich.<\/p>\n<p><strong>Nach der Grundschule<\/strong><\/p>\n<p>Wir erm\u00f6glichen einen f\u00fcr die Kinder guten \u00dcbergang von der Grundschule in die Aufbaustufe (Klasse 5-7) und in die 5. Klasse des Gymnasialzweiges. Das bedeutet: An Hospitationstagen und am Tag der Offenen T\u00fcr k\u00f6nnen Grundsch\u00fclerinnen und Grundsch\u00fcler unsere Schule schon in der 4. Klasse kennenlernen. Freundschaftsgruppen werden bei den Klassenbildungen ber\u00fccksichtigt. Die neue Lernumgebung wird in einer Projektwoche zu Beginn der Schulzeit erkundet. Es besteht eine enge Zusammenarbeit zwischen den Lehrerinnen und Lehrern derJahrgangsstufen4 und 5.<\/p>\n<p><strong>Gymnasialzweig (G9): <\/strong><strong>Wege zum Abitur<\/strong><\/p>\n<p>In kleinen Klassen mit derzeit ca. 23 Sch\u00fclerinnen und Sch\u00fclern pro Klasse legen wir den Grundstein zum erfolgreichen Besuch der gymnasialen Oberstufe. Nach der Klasse 10 setzen unsere Gymnasiasten ihre Schullaufbahn an der Albert-Schweitzer-Schule Hofgeismar (ASS) fort oder wechseln zu einem Beruflichen Gymnasium oder einer anderen Oberstufenschule nach Kassel. Mit der ASS sind wir durch wechselseitige Abordnungen von Gymnasiallehrerinnen und -lehrern eng verbunden. Wir stimmen die Lehrpl\u00e4ne miteinander ab, damit der \u00dcbergang leicht f\u00e4llt. Mittelstufenzweigsch\u00fclerinnen und -Sch\u00fcler mit qualifizierendem Realschulabschluss k\u00f6nnen bei entsprechender Eignung ebenfalls eine Gymnasiale Oberstufenschule oder ein Berufliches Gymnasium besuchen, bzw. an einer Fachoberschule (FOS) das Fachabitur ablegen. Im G-Zweig werden Englisch ab Klasse 5, Franz\u00f6sisch und Latein ab Klasse? unterrichtet. Zus\u00e4tzlich bieten wir ab Klasse 9 Franz\u00f6sisch als dritte Fremdsprache an.<\/p>\n<p>Hier finden Sie unseren Flyer: <a href=\"https:\/\/gesamtschule-immenhausen.de\/wp-content\/uploads\/Flyer_Schule_Immenhausen_Quadratisch_2022_End.pdf\">SchulFlyer_2022<\/a><\/p>\n<p><iframe loading=\"lazy\" title=\"SchuleNeuDenken:  Raum- und Lernkonzept Gesamtschule Immenhausen\" width=\"500\" height=\"281\" src=\"https:\/\/www.youtube.com\/embed\/sVlekZLocrQ?start=222&#038;feature=oembed\" frameborder=\"0\" allow=\"accelerometer; autoplay; clipboard-write; encrypted-media; gyroscope; picture-in-picture; web-share\" referrerpolicy=\"strict-origin-when-cross-origin\" allowfullscreen><\/iframe><\/p>\n\n\n<figure class=\"wp-block-embed is-type-video is-provider-youtube wp-block-embed-youtube wp-embed-aspect-16-9 wp-has-aspect-ratio\"><div class=\"wp-block-embed__wrapper\">\n<iframe loading=\"lazy\" title=\"Der Film: Die Gesamtschule Immenhausen\" width=\"500\" height=\"281\" src=\"https:\/\/www.youtube.com\/embed\/sX-3X49C3Sc?feature=oembed\" frameborder=\"0\" allow=\"accelerometer; autoplay; clipboard-write; encrypted-media; gyroscope; picture-in-picture; web-share\" referrerpolicy=\"strict-origin-when-cross-origin\" allowfullscreen><\/iframe>\n<\/div><\/figure>\n","protected":false},"excerpt":{"rendered":"<p>Wir wollen Ihre Kinder zeitgem\u00e4\u00df zu einem Schulabschluss f\u00fchren. Gleichzeitig bereiten wir auf das Leben vor, sind ein pr\u00e4gender Ort, der Freude am Lernen vermittelt. Wir sind f\u00fcr Immenhausen, Espenau und Reinhardshagen die wohnortnahe kooperative Gesamtschule mit Ganztagsangebot (Profil 2). Das hei\u00dft, dass die Kinder nach Unterrichtsende w\u00e4hlen k\u00f6nnen, ob und zu welchem Nachmittagsangebot sie [&hellip;]<\/p>\n","protected":false},"author":3,"featured_media":0,"parent":2,"menu_order":0,"comment_status":"open","ping_status":"closed","template":"","meta":{"saved_in_kubio":false,"footnotes":""},"class_list":["post-5391","page","type-page","status-publish","hentry"],"kubio_ai_page_context":{"short_desc":"","purpose":"general"},"_links":{"self":[{"href":"https:\/\/gesamtschule-immenhausen.de\/index.php?rest_route=\/wp\/v2\/pages\/5391","targetHints":{"allow":["GET"]}}],"collection":[{"href":"https:\/\/gesamtschule-immenhausen.de\/index.php?rest_route=\/wp\/v2\/pages"}],"about":[{"href":"https:\/\/gesamtschule-immenhausen.de\/index.php?rest_route=\/wp\/v2\/types\/page"}],"author":[{"embeddable":true,"href":"https:\/\/gesamtschule-immenhausen.de\/index.php?rest_route=\/wp\/v2\/users\/3"}],"replies":[{"embeddable":true,"href":"https:\/\/gesamtschule-immenhausen.de\/index.php?rest_route=%2Fwp%2Fv2%2Fcomments&post=5391"}],"version-history":[{"count":26,"href":"https:\/\/gesamtschule-immenhausen.de\/index.php?rest_route=\/wp\/v2\/pages\/5391\/revisions"}],"predecessor-version":[{"id":34268,"href":"https:\/\/gesamtschule-immenhausen.de\/index.php?rest_route=\/wp\/v2\/pages\/5391\/revisions\/34268"}],"up":[{"embeddable":true,"href":"https:\/\/gesamtschule-immenhausen.de\/index.php?rest_route=\/wp\/v2\/pages\/2"}],"wp:attachment":[{"href":"https:\/\/gesamtschule-immenhausen.de\/index.php?rest_route=%2Fwp%2Fv2%2Fmedia&parent=5391"}],"curies":[{"name":"wp","href":"https:\/\/api.w.org\/{rel}","templated":true}]}}