{"id":5102,"date":"2011-10-18T23:43:03","date_gmt":"2011-10-18T21:43:03","guid":{"rendered":"https:\/\/gesamtschule-immenhausen.de\/?page_id=5102"},"modified":"2025-01-31T09:59:51","modified_gmt":"2025-01-31T08:59:51","slug":"kontakt-anfahrt","status":"publish","type":"page","link":"https:\/\/gesamtschule-immenhausen.de\/?page_id=5102","title":{"rendered":"Kontakt &#038; Anfahrt"},"content":{"rendered":"<p>Freiherr-vom-Stein-Schule Immenhausen<\/p>\n<p>Kooperative Gesamtschule des Landkreises Kassel<\/p>\n<p>als Offene Ganztagsschule mit Mittelstufenschulzweig<\/p>\n<p>Kampweg 24<\/p>\n<p>34376 Immenhausen<\/p>\n<p>Telefon 0 56 73\/99 81-0 | Fax 0 56 73\/99 81-10<\/p>\n<p>Email <a href=\"mailto:poststelle9230@schule.hessen.de\">poststelle9230@schule.hessen.de<\/a><\/p>\n<p>Homepage <a href=\"https:\/\/gesamtschule-immenhausen.de\">www.gesamtschule-immenhausen.de<\/a><\/p>\n<p>Das Besondere an der Schule ist, dass es nicht ein Geb\u00e4ude gibt, sondern viele verschiedene H\u00e4user. Das f\u00fchrt zu viel Licht in den R\u00e4umen, zu weniger Lautst\u00e4rke auf den Fluren und auch viel frische Luft, weil die Sch\u00fclerinnen und Sch\u00fcler bei einem Raumwechsel in der Regel auch das Geb\u00e4ude wechseln und \u00fcber den Schulhof gehen.<\/p>\n<p>Die Aufbaustufenklassen und die Eingangsjahrg\u00e4nge des Gymnasialzweigs sind in der Regel im Geb\u00e4ude A. Die Abgangsklassen sind im Geb\u00e4ude C untergebracht. Au\u00dferdem ist dort die Skiwerkstatt. Das Geb\u00e4ude F auf dem hinteren Schulhof wird von der Grundschule genutzt.<\/p>\n<p>Die naturwissenschaftlichen R\u00e4ume und zwei Computerr\u00e4ume sind in Geb\u00e4ude B. Hier findet sich auch die Mensa, Buchausgabe und die Spielothek. Im Geb\u00e4ude D sind die Aula, Werk- und Kunstr\u00e4ume sowie zwei weitere Klassenr\u00e4ume. Im Bereich E sind der dritte Computerraum und zwei Musikr\u00e4ume vorhanden. Au\u00dferdem befindet sich dort die Schulk\u00fcche sowie ein Video- und Tonstudioraum.<\/p>\n<p><a href=\"https:\/\/gesamtschule-immenhausen.de\/wp-content\/uploads\/anfahrt.jpg\"><img loading=\"lazy\" decoding=\"async\" class=\"alignleft size-full wp-image-5104\" title=\"anfahrt\" src=\"https:\/\/gesamtschule-immenhausen.de\/wp-content\/uploads\/anfahrt.jpg\" alt=\"\" width=\"620\" height=\"428\" srcset=\"https:\/\/gesamtschule-immenhausen.de\/wp-content\/uploads\/anfahrt.jpg 620w, https:\/\/gesamtschule-immenhausen.de\/wp-content\/uploads\/anfahrt-300x207.jpg 300w, https:\/\/gesamtschule-immenhausen.de\/wp-content\/uploads\/anfahrt-150x103.jpg 150w, https:\/\/gesamtschule-immenhausen.de\/wp-content\/uploads\/anfahrt-400x276.jpg 400w\" sizes=\"(max-width: 620px) 100vw, 620px\" \/><\/a><\/p>\n<p><a href=\"https:\/\/gesamtschule-immenhausen.de\/wp-content\/uploads\/Lageplan-2014010.jpg\"><img loading=\"lazy\" decoding=\"async\" class=\"alignleft size-large wp-image-16768\" src=\"https:\/\/gesamtschule-immenhausen.de\/wp-content\/uploads\/Lageplan-2014010-1024x540.jpg\" alt=\"Lageplan 2014010\" width=\"640\" height=\"337\" srcset=\"https:\/\/gesamtschule-immenhausen.de\/wp-content\/uploads\/Lageplan-2014010-1024x540.jpg 1024w, https:\/\/gesamtschule-immenhausen.de\/wp-content\/uploads\/Lageplan-2014010-300x158.jpg 300w, https:\/\/gesamtschule-immenhausen.de\/wp-content\/uploads\/Lageplan-2014010-150x79.jpg 150w, https:\/\/gesamtschule-immenhausen.de\/wp-content\/uploads\/Lageplan-2014010-400x211.jpg 400w\" sizes=\"(max-width: 640px) 100vw, 640px\" \/><\/a><\/p>\n\n\n<figure class=\"wp-block-image\"><img loading=\"lazy\" decoding=\"async\" width=\"824\" height=\"826\" src=\"https:\/\/gesamtschule-immenhausen.de\/wp-content\/uploads\/Bildschirmfoto-2021-01-28-um-22.17.02.png\" alt=\"\" class=\"wp-image-29484\" srcset=\"https:\/\/gesamtschule-immenhausen.de\/wp-content\/uploads\/Bildschirmfoto-2021-01-28-um-22.17.02.png 824w, https:\/\/gesamtschule-immenhausen.de\/wp-content\/uploads\/Bildschirmfoto-2021-01-28-um-22.17.02-150x150.png 150w, https:\/\/gesamtschule-immenhausen.de\/wp-content\/uploads\/Bildschirmfoto-2021-01-28-um-22.17.02-768x770.png 768w, https:\/\/gesamtschule-immenhausen.de\/wp-content\/uploads\/Bildschirmfoto-2021-01-28-um-22.17.02-400x401.png 400w\" sizes=\"(max-width: 824px) 100vw, 824px\" \/><\/figure>\n\n\n","protected":false},"excerpt":{"rendered":"<p>Freiherr-vom-Stein-Schule Immenhausen Kooperative Gesamtschule des Landkreises Kassel als Offene Ganztagsschule mit Mittelstufenschulzweig Kampweg 24 34376 Immenhausen Telefon 0 56 73\/99 81-0 | Fax 0 56 73\/99 81-10 Email poststelle9230@schule.hessen.de Homepage www.gesamtschule-immenhausen.de Das Besondere an der Schule ist, dass es nicht ein Geb\u00e4ude gibt, sondern viele verschiedene H\u00e4user. Das f\u00fchrt zu viel Licht in den R\u00e4umen, [&hellip;]<\/p>\n","protected":false},"author":3,"featured_media":0,"parent":2,"menu_order":0,"comment_status":"open","ping_status":"closed","template":"","meta":{"saved_in_kubio":false,"footnotes":""},"class_list":["post-5102","page","type-page","status-publish","hentry"],"kubio_ai_page_context":{"short_desc":"","purpose":"general"},"_links":{"self":[{"href":"https:\/\/gesamtschule-immenhausen.de\/index.php?rest_route=\/wp\/v2\/pages\/5102","targetHints":{"allow":["GET"]}}],"collection":[{"href":"https:\/\/gesamtschule-immenhausen.de\/index.php?rest_route=\/wp\/v2\/pages"}],"about":[{"href":"https:\/\/gesamtschule-immenhausen.de\/index.php?rest_route=\/wp\/v2\/types\/page"}],"author":[{"embeddable":true,"href":"https:\/\/gesamtschule-immenhausen.de\/index.php?rest_route=\/wp\/v2\/users\/3"}],"replies":[{"embeddable":true,"href":"https:\/\/gesamtschule-immenhausen.de\/index.php?rest_route=%2Fwp%2Fv2%2Fcomments&post=5102"}],"version-history":[{"count":16,"href":"https:\/\/gesamtschule-immenhausen.de\/index.php?rest_route=\/wp\/v2\/pages\/5102\/revisions"}],"predecessor-version":[{"id":34836,"href":"https:\/\/gesamtschule-immenhausen.de\/index.php?rest_route=\/wp\/v2\/pages\/5102\/revisions\/34836"}],"up":[{"embeddable":true,"href":"https:\/\/gesamtschule-immenhausen.de\/index.php?rest_route=\/wp\/v2\/pages\/2"}],"wp:attachment":[{"href":"https:\/\/gesamtschule-immenhausen.de\/index.php?rest_route=%2Fwp%2Fv2%2Fmedia&parent=5102"}],"curies":[{"name":"wp","href":"https:\/\/api.w.org\/{rel}","templated":true}]}}