{"id":5,"date":"2011-06-27T10:44:12","date_gmt":"2011-06-27T10:44:12","guid":{"rendered":"https:\/\/gesamtschule-immenhausen.de\/?page_id=5"},"modified":"2026-04-28T13:13:15","modified_gmt":"2026-04-28T11:13:15","slug":"schulleitung","status":"publish","type":"page","link":"https:\/\/gesamtschule-immenhausen.de\/?page_id=5","title":{"rendered":"Schulleitung"},"content":{"rendered":"<p><strong>Schulleiterin:<\/strong> Dr. Tina Hoffmann-Deist<\/p>\n<p><strong>Stellvertretender Schulleiter \/ Praxisorientierter Bildungsgang: <\/strong> Dan Smith<\/p>\n<p><strong>Leiterin Aufbaustufe:<\/strong> Katja Krug<\/p>\n<p><strong>Leiterin Gymnasialzweig: <\/strong>Julia Metze<\/p>\n<p><strong> Leiter Mittlerer Bildungsgang:<\/strong> Marcel M\u00fcller<\/p>\n<p><strong>P\u00e4dagogischer Leiter Ganztag und au\u00dferschulische Netzwerke:<\/strong> Marcus Leitschuh<\/p>\n\n","protected":false},"excerpt":{"rendered":"<p>Schulleiterin: Dr. Tina Hoffmann-Deist Stellvertretender Schulleiter \/ Praxisorientierter Bildungsgang: Dan Smith Leiterin Aufbaustufe: Katja Krug Leiterin Gymnasialzweig: Julia Metze Leiter Mittlerer Bildungsgang: Marcel M\u00fcller P\u00e4dagogischer Leiter Ganztag und au\u00dferschulische Netzwerke: Marcus Leitschuh<\/p>\n","protected":false},"author":9,"featured_media":0,"parent":2,"menu_order":4,"comment_status":"closed","ping_status":"closed","template":"","meta":{"saved_in_kubio":true,"footnotes":""},"class_list":["post-5","page","type-page","status-publish","hentry"],"kubio_ai_page_context":{"short_desc":"","purpose":"general"},"_links":{"self":[{"href":"https:\/\/gesamtschule-immenhausen.de\/index.php?rest_route=\/wp\/v2\/pages\/5","targetHints":{"allow":["GET"]}}],"collection":[{"href":"https:\/\/gesamtschule-immenhausen.de\/index.php?rest_route=\/wp\/v2\/pages"}],"about":[{"href":"https:\/\/gesamtschule-immenhausen.de\/index.php?rest_route=\/wp\/v2\/types\/page"}],"author":[{"embeddable":true,"href":"https:\/\/gesamtschule-immenhausen.de\/index.php?rest_route=\/wp\/v2\/users\/9"}],"replies":[{"embeddable":true,"href":"https:\/\/gesamtschule-immenhausen.de\/index.php?rest_route=%2Fwp%2Fv2%2Fcomments&post=5"}],"version-history":[{"count":45,"href":"https:\/\/gesamtschule-immenhausen.de\/index.php?rest_route=\/wp\/v2\/pages\/5\/revisions"}],"predecessor-version":[{"id":36482,"href":"https:\/\/gesamtschule-immenhausen.de\/index.php?rest_route=\/wp\/v2\/pages\/5\/revisions\/36482"}],"up":[{"embeddable":true,"href":"https:\/\/gesamtschule-immenhausen.de\/index.php?rest_route=\/wp\/v2\/pages\/2"}],"wp:attachment":[{"href":"https:\/\/gesamtschule-immenhausen.de\/index.php?rest_route=%2Fwp%2Fv2%2Fmedia&parent=5"}],"curies":[{"name":"wp","href":"https:\/\/api.w.org\/{rel}","templated":true}]}}