{"id":49,"date":"2011-06-27T11:00:13","date_gmt":"2011-06-27T11:00:13","guid":{"rendered":"https:\/\/gesamtschule-immenhausen.de\/?page_id=49"},"modified":"2025-10-01T08:44:48","modified_gmt":"2025-10-01T06:44:48","slug":"download","status":"publish","type":"page","link":"https:\/\/gesamtschule-immenhausen.de\/?page_id=49","title":{"rendered":"Download: Formulare"},"content":{"rendered":"<p>Auf dieser Seite finden Sie verschiedene Dokumente aus dem Schulalltag. Mit einem &#8222;Klick&#8220; auf den Link kann man sie \u00f6ffnen und ausdrucken. &#8211; Weitere Downloads, z.B. von alten Sch\u00fclerzeitungen, finden Sie in den jeweiligen Rubriken als PDF gekennzeichnet.<\/p>\n<p>Zum Drucken und Ansehen ben\u00f6tigen Sie z.B. das Programm Adobe Reader. Dieses kann unter folgendem Link kostenlos heruntergeladen werden<em>. <\/em><a href=\"http:\/\/www.adobe.com\/de\/products\/reader.html\" target=\"_blank\" rel=\"noopener noreferrer\"><strong>http:\/\/www.adobe.com\/de\/products\/reader.html<\/strong><\/a><\/p>\n<p><strong>Formulare\u00a0&amp;\u00a0Vorlagen\u00a0<\/strong><\/p>\n<p>Schulan- und abmeldung<\/p>\n<p><a href=\"https:\/\/gesamtschule-immenhausen.de\/wp-content\/uploads\/Schueleranmeldung-mit-Schutzimpfung-fuer-Homepage.docx\">Sch\u00fcleranmeldung\u00a0<\/a><\/p>\n<p><a href=\"https:\/\/gesamtschule-immenhausen.de\/wp-content\/uploads\/Schuelerabmeldung-1.docx\">Sch\u00fclerabmeldung<\/a><\/p>\n<p>Beschwerden an Landkreis zum Busverkehr<\/p>\n<p><a href=\"https:\/\/gesamtschule-immenhausen.de\/wp-content\/uploads\/Meldebogen-Schuelerbefoerderung.pdf\">Meldebogen Sch\u00fclerbef\u00f6rderung<\/a> (PDF)<\/p>\n<p><a href=\"https:\/\/gesamtschule-immenhausen.de\/wp-content\/uploads\/Meldebogen-Schuelerbefoerderung.doc\">Meldebogen Sch\u00fclerbef\u00f6rderung<\/a> (Word)<\/p>\n<p>Anmeldung Stadt- und Schulb\u00fccherei<\/p>\n<p><a href=\"https:\/\/gesamtschule-immenhausen.de\/wp-content\/uploads\/Anmeldung-Stadt-und-Schulbuecherei.pdf\">Anmeldung Stadt- und Schulb\u00fccherei<\/a><\/p>\n<p>Ganztag<\/p>\n<p><a href=\"https:\/\/gesamtschule-immenhausen.de\/wp-content\/uploads\/Abmeldung-Ganztag-1.pdf\">Abmeldung Ganztag<\/a><\/p>\n<p><a href=\"https:\/\/gesamtschule-immenhausen.de\/wp-content\/uploads\/Anmeldung-Ganztag-1.pdf\">Anmeldung Ganztag<\/a><\/p>\n<p>F\u00f6rderverein<\/p>\n<p><a href=\"https:\/\/gesamtschule-immenhausen.de\/wp-content\/uploads\/FoerdervereinFlyer-6.pdf\">F\u00f6rdervereinFlyer2025<\/a><\/p>\n<p><a href=\"https:\/\/gesamtschule-immenhausen.de\/wp-content\/uploads\/Beitrittsformular-Foerderverein.pdf\">Beitrittsformular F\u00f6rderverein<\/a><\/p>\n<p><a href=\"https:\/\/gesamtschule-immenhausen.de\/wp-content\/uploads\/Satzung-Foerderverein-FVSS-13.09.24.pdf\">Satzung F\u00f6rderverein FVSS 13.09.24<\/a><\/p>\n<p>Schule<\/p>\n<p><a href=\"https:\/\/gesamtschule-immenhausen.de\/wp-content\/uploads\/Flyer_Schule_Immenhausen_Quadratisch_2022_End.pdf\">SchulFlyer_2022<\/a><\/p>\n","protected":false},"excerpt":{"rendered":"<p>Auf dieser Seite finden Sie verschiedene Dokumente aus dem Schulalltag. Mit einem &#8222;Klick&#8220; auf den Link kann man sie \u00f6ffnen und ausdrucken. &#8211; Weitere Downloads, z.B. von alten Sch\u00fclerzeitungen, finden Sie in den jeweiligen Rubriken als PDF gekennzeichnet. Zum Drucken und Ansehen ben\u00f6tigen Sie z.B. das Programm Adobe Reader. Dieses kann unter folgendem Link kostenlos [&hellip;]<\/p>\n","protected":false},"author":9,"featured_media":0,"parent":2,"menu_order":11,"comment_status":"closed","ping_status":"closed","template":"","meta":{"saved_in_kubio":false,"footnotes":""},"class_list":["post-49","page","type-page","status-publish","hentry"],"kubio_ai_page_context":{"short_desc":"","purpose":"general"},"_links":{"self":[{"href":"https:\/\/gesamtschule-immenhausen.de\/index.php?rest_route=\/wp\/v2\/pages\/49","targetHints":{"allow":["GET"]}}],"collection":[{"href":"https:\/\/gesamtschule-immenhausen.de\/index.php?rest_route=\/wp\/v2\/pages"}],"about":[{"href":"https:\/\/gesamtschule-immenhausen.de\/index.php?rest_route=\/wp\/v2\/types\/page"}],"author":[{"embeddable":true,"href":"https:\/\/gesamtschule-immenhausen.de\/index.php?rest_route=\/wp\/v2\/users\/9"}],"replies":[{"embeddable":true,"href":"https:\/\/gesamtschule-immenhausen.de\/index.php?rest_route=%2Fwp%2Fv2%2Fcomments&post=49"}],"version-history":[{"count":55,"href":"https:\/\/gesamtschule-immenhausen.de\/index.php?rest_route=\/wp\/v2\/pages\/49\/revisions"}],"predecessor-version":[{"id":35883,"href":"https:\/\/gesamtschule-immenhausen.de\/index.php?rest_route=\/wp\/v2\/pages\/49\/revisions\/35883"}],"up":[{"embeddable":true,"href":"https:\/\/gesamtschule-immenhausen.de\/index.php?rest_route=\/wp\/v2\/pages\/2"}],"wp:attachment":[{"href":"https:\/\/gesamtschule-immenhausen.de\/index.php?rest_route=%2Fwp%2Fv2%2Fmedia&parent=49"}],"curies":[{"name":"wp","href":"https:\/\/api.w.org\/{rel}","templated":true}]}}