{"id":34606,"date":"2025-05-23T17:34:24","date_gmt":"2025-05-23T15:34:24","guid":{"rendered":"https:\/\/gesamtschule-immenhausen.de\/?page_id=34606"},"modified":"2025-05-23T17:34:24","modified_gmt":"2025-05-23T15:34:24","slug":"trainingsraum-und-tagescoaching","status":"publish","type":"page","link":"https:\/\/gesamtschule-immenhausen.de\/?page_id=34606","title":{"rendered":"Trainingsraum und Tagescoaching"},"content":{"rendered":"\n\n\n<p>Wenn es St\u00f6rungen in der Klasse gibt oder sich Sch\u00fclerinnen und Sch\u00fcler nicht an die Regeln halten, dann gibt es bei uns den betreuten &#8222;Trainingsraum&#8220;, wo mit den Kindern gemeinsam nach L\u00f6sungen und Gr\u00fcnden gesucht wird. Au\u00dferdem gibt es das Tagescoaching, bei dem die Aufgaben nicht in der Klasse, sondern mit Hilfe im Trainingsraum erledigt werden m\u00fcssen. Hier ist eine \u00dcbersicht \u00fcber das Konzept.\u00a0<\/p>\n<p><a href=\"https:\/\/gesamtschule-immenhausen.de\/wp-content\/uploads\/coaching.jpg\"><img loading=\"lazy\" decoding=\"async\" class=\"aligncenter size-full wp-image-34608\" src=\"https:\/\/gesamtschule-immenhausen.de\/wp-content\/uploads\/coaching.jpg\" alt=\"\" width=\"881\" height=\"496\" srcset=\"https:\/\/gesamtschule-immenhausen.de\/wp-content\/uploads\/coaching.jpg 881w, https:\/\/gesamtschule-immenhausen.de\/wp-content\/uploads\/coaching-150x84.jpg 150w, https:\/\/gesamtschule-immenhausen.de\/wp-content\/uploads\/coaching-768x432.jpg 768w\" sizes=\"(max-width: 881px) 100vw, 881px\" \/><\/a><\/p>\n<p>\u00a0<\/p>\n","protected":false},"excerpt":{"rendered":"<p>Wenn es St\u00f6rungen in der Klasse gibt oder sich Sch\u00fclerinnen und Sch\u00fcler nicht an die Regeln halten, dann gibt es bei uns den betreuten &#8222;Trainingsraum&#8220;, wo mit den Kindern gemeinsam nach L\u00f6sungen und Gr\u00fcnden gesucht wird. Au\u00dferdem gibt es das Tagescoaching, bei dem die Aufgaben nicht in der Klasse, sondern mit Hilfe im Trainingsraum erledigt [&hellip;]<\/p>\n","protected":false},"author":3,"featured_media":0,"parent":135,"menu_order":0,"comment_status":"closed","ping_status":"closed","template":"","meta":{"saved_in_kubio":false,"footnotes":""},"class_list":["post-34606","page","type-page","status-publish","hentry"],"kubio_ai_page_context":{"short_desc":"","purpose":"general"},"_links":{"self":[{"href":"https:\/\/gesamtschule-immenhausen.de\/index.php?rest_route=\/wp\/v2\/pages\/34606","targetHints":{"allow":["GET"]}}],"collection":[{"href":"https:\/\/gesamtschule-immenhausen.de\/index.php?rest_route=\/wp\/v2\/pages"}],"about":[{"href":"https:\/\/gesamtschule-immenhausen.de\/index.php?rest_route=\/wp\/v2\/types\/page"}],"author":[{"embeddable":true,"href":"https:\/\/gesamtschule-immenhausen.de\/index.php?rest_route=\/wp\/v2\/users\/3"}],"replies":[{"embeddable":true,"href":"https:\/\/gesamtschule-immenhausen.de\/index.php?rest_route=%2Fwp%2Fv2%2Fcomments&post=34606"}],"version-history":[{"count":1,"href":"https:\/\/gesamtschule-immenhausen.de\/index.php?rest_route=\/wp\/v2\/pages\/34606\/revisions"}],"predecessor-version":[{"id":35340,"href":"https:\/\/gesamtschule-immenhausen.de\/index.php?rest_route=\/wp\/v2\/pages\/34606\/revisions\/35340"}],"up":[{"embeddable":true,"href":"https:\/\/gesamtschule-immenhausen.de\/index.php?rest_route=\/wp\/v2\/pages\/135"}],"wp:attachment":[{"href":"https:\/\/gesamtschule-immenhausen.de\/index.php?rest_route=%2Fwp%2Fv2%2Fmedia&parent=34606"}],"curies":[{"name":"wp","href":"https:\/\/api.w.org\/{rel}","templated":true}]}}