{"id":34440,"date":"2024-09-24T14:00:36","date_gmt":"2024-09-24T12:00:36","guid":{"rendered":"https:\/\/gesamtschule-immenhausen.de\/?page_id=34440"},"modified":"2024-10-30T14:30:55","modified_gmt":"2024-10-30T13:30:55","slug":"stadt-und-schulbuecherei","status":"publish","type":"page","link":"https:\/\/gesamtschule-immenhausen.de\/?page_id=34440","title":{"rendered":"Stadt- und Schulb\u00fccherei"},"content":{"rendered":"\n<p>Die Stadt- und Schulb\u00fccherei Immenhausen ist eine \u00f6ffentliche Einrichtung der Stadt Immenhausen, der Freiherr \u2013 vom \u2013 Stein Gesamtschule und der Grundschule Lilli \u2013 Jahn. Sie steht Sch\u00fclerinnen und Sch\u00fclern, Eltern sowie allen B\u00fcrgerinnen und B\u00fcrgern offen.<\/p>\n\n\n\n<p>\u00d6ffnungszeiten: Dienstag, Mittwoch, Donnerstag: 10.00 Uhr \u2013 12.30 Uhr &#8211; Dienstag und Donnerstag: 17.00 Uhr \u2013 18.30 Uhr<\/p>\n\n\n\n<p>In der B\u00fccherei gibt es Bilderb\u00fccher, Kinder- und Jugendb\u00fccher, Romane f\u00fcr Erwachsene, Sachb\u00fccher f\u00fcr Kinder und Jugendliche, H\u00f6rb\u00fccher f\u00fcr Erwachsene und Jugendliche, einige Zeitschriften, DVD und Tonie-Figuren. Alles in allem verf\u00fcgt die B\u00fccherei \u00fcber einen Bestand von 12.000 Medien. Mit der App B24 haben sie die ganze B\u00fccherei auf ihrem Handy und k\u00f6nnen nach erfolgreicher Registrierung selber Verl\u00e4ngern und ausleihen, per mail werden sie an die R\u00fcckgabe erinnert. Unseren Medienkatalog k\u00f6nnen sie auch online anschauen \u00fcber http:\/\/webopac.winbiap.de\/immenhausen<\/p>\n\n\n\n<p>Au\u00dferdem finden Autorenlesungen, der j\u00e4hrliche Lesewettbewerb, B\u00fccherflohmarkt und B\u00fcchereieinf\u00fchrungen in unregelm\u00e4\u00dfigen Abst\u00e4nden statt. <\/p>\n\n\n\n<p>Die Ausstellung eines Leseausweises kostet einmalig 3 \u20ac. Die Medienausleihe ist frei. Eine Jahresgeb\u00fchr gibt es nicht! Die Ausleihfrist f\u00fcr B\u00fccher und H\u00f6rb\u00fccher betr\u00e4gt vier Wochen, f\u00fcr Zeitschriften und DVDs 2 Wochen!<\/p>\n\n\n\n<p>Link zur Facebookseite: https:\/\/www.facebook.com\/buecherei.immenhausen<\/p>\n\n\n\n\n\n<p><a href=\"https:\/\/gesamtschule-immenhausen.de\/wp-content\/uploads\/Benutzungsordnung-Din-A-4.cleaned.doc.pdf\">Benutzungsordnung B\u00fccherei<\/a> <a href=\"https:\/\/gesamtschule-immenhausen.de\/wp-content\/uploads\/Anmeldeformular-neu-mit-Eule.cleaned.doc.pdf\">Anmeldeformular B\u00fccherei<\/a><\/p>\n","protected":false},"excerpt":{"rendered":"<p>Die Stadt- und Schulb\u00fccherei Immenhausen ist eine \u00f6ffentliche Einrichtung der Stadt Immenhausen, der Freiherr \u2013 vom \u2013 Stein Gesamtschule und der Grundschule Lilli \u2013 Jahn. Sie steht Sch\u00fclerinnen und Sch\u00fclern, Eltern sowie allen B\u00fcrgerinnen und B\u00fcrgern offen. \u00d6ffnungszeiten: Dienstag, Mittwoch, Donnerstag: 10.00 Uhr \u2013 12.30 Uhr &#8211; Dienstag und Donnerstag: 17.00 Uhr \u2013 18.30 Uhr [&hellip;]<\/p>\n","protected":false},"author":3,"featured_media":0,"parent":0,"menu_order":0,"comment_status":"closed","ping_status":"closed","template":"","meta":{"saved_in_kubio":false,"footnotes":""},"class_list":["post-34440","page","type-page","status-publish","hentry"],"kubio_ai_page_context":{"short_desc":"","purpose":"general"},"_links":{"self":[{"href":"https:\/\/gesamtschule-immenhausen.de\/index.php?rest_route=\/wp\/v2\/pages\/34440","targetHints":{"allow":["GET"]}}],"collection":[{"href":"https:\/\/gesamtschule-immenhausen.de\/index.php?rest_route=\/wp\/v2\/pages"}],"about":[{"href":"https:\/\/gesamtschule-immenhausen.de\/index.php?rest_route=\/wp\/v2\/types\/page"}],"author":[{"embeddable":true,"href":"https:\/\/gesamtschule-immenhausen.de\/index.php?rest_route=\/wp\/v2\/users\/3"}],"replies":[{"embeddable":true,"href":"https:\/\/gesamtschule-immenhausen.de\/index.php?rest_route=%2Fwp%2Fv2%2Fcomments&post=34440"}],"version-history":[{"count":3,"href":"https:\/\/gesamtschule-immenhausen.de\/index.php?rest_route=\/wp\/v2\/pages\/34440\/revisions"}],"predecessor-version":[{"id":34543,"href":"https:\/\/gesamtschule-immenhausen.de\/index.php?rest_route=\/wp\/v2\/pages\/34440\/revisions\/34543"}],"wp:attachment":[{"href":"https:\/\/gesamtschule-immenhausen.de\/index.php?rest_route=%2Fwp%2Fv2%2Fmedia&parent=34440"}],"curies":[{"name":"wp","href":"https:\/\/api.w.org\/{rel}","templated":true}]}}