{"id":34423,"date":"2024-09-23T15:53:20","date_gmt":"2024-09-23T13:53:20","guid":{"rendered":"https:\/\/gesamtschule-immenhausen.de\/?page_id=34423"},"modified":"2025-08-26T13:12:16","modified_gmt":"2025-08-26T11:12:16","slug":"uebergang-5-6","status":"publish","type":"page","link":"https:\/\/gesamtschule-immenhausen.de\/?page_id=34423","title":{"rendered":"\u00dcbergang 4\/5"},"content":{"rendered":"\n\n\n<p>Nach der Grundschule vielleicht auf die Freiherr-vom-Stein-Schule Immenhausen? Hier gibt es einige Informationen, wie wir den \u00dcbergang in unsere Schule gestalten und Ihnen und euch die Entscheidung erleichtern.\u00a0<\/p>\n<p>Wir nehmen Kinder in den Jahrgang 5 der Aufbaustufe und des Gymnasialzweiges in enger Absprache mit den Grundschulen auf.<\/p>\n<p>Hier finden Sie unseren Schulflyer: <a href=\"https:\/\/gesamtschule-immenhausen.de\/wp-content\/uploads\/FoerdervereinFlyer-6.pdf\">Flyer Schule 2025<\/a><\/p>\n<p>Hier finden Sie ein paar Einblicke in unsere Schule und das Lernkonzept:\u00a0<\/p>\n<p><iframe loading=\"lazy\" src=\"\/\/www.youtube.com\/embed\/6jOnzHJmrj8\" width=\"560\" height=\"314\" allowfullscreen=\"allowfullscreen\"><\/iframe><\/p>\n<p>Die Wahl des Bildungsganges obliegt den Eltern, dennoch empfehlen wir, die Kompetenz der Grundschullehrkr\u00e4fte in Bezug auf die individuelle Leistungsf\u00e4higkeit und Arbeitshaltung des Kindes zu akzeptieren und sich an den Empfehlungen der Grundschule zu orientieren. Der Besuch des gymnasialen Bildungsganges setzt eine entsprechende Eignung voraus, welche gegeben ist, \u201ewenn bisherige Lernentwicklung, Leistungsstand und Arbeitshaltung eine erfolgreiche Teilnahme am Unterricht des gew\u00e4hlten Bildungsganges erwarten lassen.\u201c (\u00a777 HSchG Abs.2).<\/p>\n<p>Durch die enge Kooperation mit unseren Verbundschulen k\u00f6nnen bei der Klassenzusammensetzung Freundschaftsgruppen aus Espenau, Immenhausen und Reinhardshagen ber\u00fccksichtigt werden. Die h\u00f6here Nachfrage nach der Einschulung in die FvSS aus weiteren Grundschulen der Region erleichtert uns zudem die Integration von Kindern au\u00dferhalb unseres Schulverbundes.<\/p>\n<p>F\u00fcr einen gelingenden \u00dcbergang bietet die Freiherr-vom-Stein-Schule vielf\u00e4ltige Beratungs- und Kennenlernangebote. Diese Angebote helfen dabei, dass ein Gro\u00dfteil der Kinder und Eltern R\u00e4umlichkeiten, Mitsch\u00fcler und Mitsch\u00fclerinnen und auch Lehrkr\u00e4fte der Schule vor dem eigentlichen Schulstart im Sommer kennen lernen \u2013 um dann ohne gro\u00dfe Unsicherheit in die gro\u00dfe Schule starten zu k\u00f6nnen.<\/p>\n<p><a href=\"https:\/\/gesamtschule-immenhausen.de\/wp-content\/uploads\/Wir-stellen-unsere-Schule-vor-3-scaled.png\"><img loading=\"lazy\" decoding=\"async\" class=\"aligncenter size-large wp-image-35725\" src=\"https:\/\/gesamtschule-immenhausen.de\/wp-content\/uploads\/Wir-stellen-unsere-Schule-vor-3-1024x1024.png\" alt=\"\" width=\"1024\" height=\"1024\" srcset=\"https:\/\/gesamtschule-immenhausen.de\/wp-content\/uploads\/Wir-stellen-unsere-Schule-vor-3-1024x1024.png 1024w, https:\/\/gesamtschule-immenhausen.de\/wp-content\/uploads\/Wir-stellen-unsere-Schule-vor-3-150x150.png 150w, https:\/\/gesamtschule-immenhausen.de\/wp-content\/uploads\/Wir-stellen-unsere-Schule-vor-3-768x768.png 768w, https:\/\/gesamtschule-immenhausen.de\/wp-content\/uploads\/Wir-stellen-unsere-Schule-vor-3-1536x1536.png 1536w, https:\/\/gesamtschule-immenhausen.de\/wp-content\/uploads\/Wir-stellen-unsere-Schule-vor-3-2048x2048.png 2048w, https:\/\/gesamtschule-immenhausen.de\/wp-content\/uploads\/Wir-stellen-unsere-Schule-vor-3-1080x1080.png 1080w\" sizes=\"(max-width: 1024px) 100vw, 1024px\" \/><\/a> <a href=\"https:\/\/gesamtschule-immenhausen.de\/wp-content\/uploads\/Freiherr-vom-stein-schule-immenhausen.png\"><img loading=\"lazy\" decoding=\"async\" class=\"aligncenter size-large wp-image-35726\" src=\"https:\/\/gesamtschule-immenhausen.de\/wp-content\/uploads\/Freiherr-vom-stein-schule-immenhausen-1024x1024.png\" alt=\"\" width=\"1024\" height=\"1024\" srcset=\"https:\/\/gesamtschule-immenhausen.de\/wp-content\/uploads\/Freiherr-vom-stein-schule-immenhausen-1024x1024.png 1024w, https:\/\/gesamtschule-immenhausen.de\/wp-content\/uploads\/Freiherr-vom-stein-schule-immenhausen-150x150.png 150w, https:\/\/gesamtschule-immenhausen.de\/wp-content\/uploads\/Freiherr-vom-stein-schule-immenhausen-768x768.png 768w, https:\/\/gesamtschule-immenhausen.de\/wp-content\/uploads\/Freiherr-vom-stein-schule-immenhausen-1536x1536.png 1536w, https:\/\/gesamtschule-immenhausen.de\/wp-content\/uploads\/Freiherr-vom-stein-schule-immenhausen-2048x2048.png 2048w, https:\/\/gesamtschule-immenhausen.de\/wp-content\/uploads\/Freiherr-vom-stein-schule-immenhausen-1080x1080.png 1080w\" sizes=\"(max-width: 1024px) 100vw, 1024px\" \/><\/a><\/p>\n<p>\u00a0<\/p>\n","protected":false},"excerpt":{"rendered":"<p>Nach der Grundschule vielleicht auf die Freiherr-vom-Stein-Schule Immenhausen? Hier gibt es einige Informationen, wie wir den \u00dcbergang in unsere Schule gestalten und Ihnen und euch die Entscheidung erleichtern.\u00a0 Wir nehmen Kinder in den Jahrgang 5 der Aufbaustufe und des Gymnasialzweiges in enger Absprache mit den Grundschulen auf. Hier finden Sie unseren Schulflyer: Flyer Schule 2025 [&hellip;]<\/p>\n","protected":false},"author":3,"featured_media":0,"parent":17,"menu_order":0,"comment_status":"closed","ping_status":"closed","template":"","meta":{"saved_in_kubio":false,"footnotes":""},"class_list":["post-34423","page","type-page","status-publish","hentry"],"kubio_ai_page_context":{"short_desc":"","purpose":"general"},"_links":{"self":[{"href":"https:\/\/gesamtschule-immenhausen.de\/index.php?rest_route=\/wp\/v2\/pages\/34423","targetHints":{"allow":["GET"]}}],"collection":[{"href":"https:\/\/gesamtschule-immenhausen.de\/index.php?rest_route=\/wp\/v2\/pages"}],"about":[{"href":"https:\/\/gesamtschule-immenhausen.de\/index.php?rest_route=\/wp\/v2\/types\/page"}],"author":[{"embeddable":true,"href":"https:\/\/gesamtschule-immenhausen.de\/index.php?rest_route=\/wp\/v2\/users\/3"}],"replies":[{"embeddable":true,"href":"https:\/\/gesamtschule-immenhausen.de\/index.php?rest_route=%2Fwp%2Fv2%2Fcomments&post=34423"}],"version-history":[{"count":10,"href":"https:\/\/gesamtschule-immenhausen.de\/index.php?rest_route=\/wp\/v2\/pages\/34423\/revisions"}],"predecessor-version":[{"id":35729,"href":"https:\/\/gesamtschule-immenhausen.de\/index.php?rest_route=\/wp\/v2\/pages\/34423\/revisions\/35729"}],"up":[{"embeddable":true,"href":"https:\/\/gesamtschule-immenhausen.de\/index.php?rest_route=\/wp\/v2\/pages\/17"}],"wp:attachment":[{"href":"https:\/\/gesamtschule-immenhausen.de\/index.php?rest_route=%2Fwp%2Fv2%2Fmedia&parent=34423"}],"curies":[{"name":"wp","href":"https:\/\/api.w.org\/{rel}","templated":true}]}}