{"id":32423,"date":"2023-03-14T11:24:47","date_gmt":"2023-03-14T10:24:47","guid":{"rendered":"https:\/\/gesamtschule-immenhausen.de\/?page_id=32423"},"modified":"2024-01-24T11:48:30","modified_gmt":"2024-01-24T10:48:30","slug":"newsletter","status":"publish","type":"page","link":"https:\/\/gesamtschule-immenhausen.de\/?page_id=32423","title":{"rendered":"Newsletter"},"content":{"rendered":"<p><div class=\"tnp tnp-subscription \">\n<form method=\"post\" action=\"https:\/\/gesamtschule-immenhausen.de\/?na=s\">\n<input type=\"hidden\" name=\"nlang\" value=\"\">\n<div class=\"tnp-field tnp-field-firstname\"><label for=\"tnp-1\">Vorname<\/label>\n<input class=\"tnp-name\" type=\"text\" name=\"nn\" id=\"tnp-1\" value=\"\" placeholder=\"\" required><\/div>\n<div class=\"tnp-field tnp-field-surname\"><label for=\"tnp-2\">Nachname<\/label>\n<input class=\"tnp-surname\" type=\"text\" name=\"ns\" id=\"tnp-2\" value=\"\" placeholder=\"\" required><\/div><div class=\"tnp-field tnp-field-email\"><label for=\"tnp-3\">Email<\/label>\n<input class=\"tnp-email\" type=\"email\" name=\"ne\" id=\"tnp-3\" value=\"\" placeholder=\"\" required><\/div>\n<div class=\"tnp-field tnp-field-gender\"><label for=\"tnp-4\">Ich bin<\/label>\n<select name=\"nx\" class=\"tnp-gender\" id=\"tnp-gender\"><option value=\"n\">divers<\/option><option value=\"f\">Frau<\/option><option value=\"m\">Mann<\/option><\/select><\/div>\n<div class=\"tnp-field tnp-privacy-field\"><label><input type=\"checkbox\" name=\"ny\" required class=\"tnp-privacy\"> <a target=\"_blank\" href=\"https:\/\/gesamtschule-immenhausen.de\/?page_id=5435\">Indem Du fortf\u00e4hrst, akzeptierst Du unsere Datenschutzerkl\u00e4rung.<\/a><\/label><\/div><div class=\"tnp-field tnp-field-button\" style=\"text-align: left\"><input class=\"tnp-submit\" type=\"submit\" value=\"Abonnieren\" style=\"\">\n<\/div>\n<\/form>\n<\/div>\n<\/p>\n<p>Tragen Sie sich hier ein, wenn Sie in unregelm\u00e4\u00dfigen Abstanden Neuigkeiten der Freiherr-vom-Stein-Schule als Mail bekommen wollen. Au\u00dferdem informieren wir Sie bei ungew\u00f6hnlichen Ereignissen (Unterrichtsausfall durch Streik, Schnee oder Sturm etc.) direkt. Sie k\u00f6nnen Sich jederzeit wieder aus der Liste entfernen.<\/p>\n","protected":false},"excerpt":{"rendered":"<p>Tragen Sie sich hier ein, wenn Sie in unregelm\u00e4\u00dfigen Abstanden Neuigkeiten der Freiherr-vom-Stein-Schule als Mail bekommen wollen. Au\u00dferdem informieren wir Sie bei ungew\u00f6hnlichen Ereignissen (Unterrichtsausfall durch Streik, Schnee oder Sturm etc.) direkt. Sie k\u00f6nnen Sich jederzeit wieder aus der Liste entfernen.<\/p>\n","protected":false},"author":3,"featured_media":11870,"parent":0,"menu_order":0,"comment_status":"closed","ping_status":"closed","template":"","meta":{"saved_in_kubio":false,"footnotes":""},"class_list":["post-32423","page","type-page","status-publish","has-post-thumbnail","hentry"],"kubio_ai_page_context":{"short_desc":"","purpose":"general"},"_links":{"self":[{"href":"https:\/\/gesamtschule-immenhausen.de\/index.php?rest_route=\/wp\/v2\/pages\/32423","targetHints":{"allow":["GET"]}}],"collection":[{"href":"https:\/\/gesamtschule-immenhausen.de\/index.php?rest_route=\/wp\/v2\/pages"}],"about":[{"href":"https:\/\/gesamtschule-immenhausen.de\/index.php?rest_route=\/wp\/v2\/types\/page"}],"author":[{"embeddable":true,"href":"https:\/\/gesamtschule-immenhausen.de\/index.php?rest_route=\/wp\/v2\/users\/3"}],"replies":[{"embeddable":true,"href":"https:\/\/gesamtschule-immenhausen.de\/index.php?rest_route=%2Fwp%2Fv2%2Fcomments&post=32423"}],"version-history":[{"count":2,"href":"https:\/\/gesamtschule-immenhausen.de\/index.php?rest_route=\/wp\/v2\/pages\/32423\/revisions"}],"predecessor-version":[{"id":32460,"href":"https:\/\/gesamtschule-immenhausen.de\/index.php?rest_route=\/wp\/v2\/pages\/32423\/revisions\/32460"}],"wp:featuredmedia":[{"embeddable":true,"href":"https:\/\/gesamtschule-immenhausen.de\/index.php?rest_route=\/wp\/v2\/media\/11870"}],"wp:attachment":[{"href":"https:\/\/gesamtschule-immenhausen.de\/index.php?rest_route=%2Fwp%2Fv2%2Fmedia&parent=32423"}],"curies":[{"name":"wp","href":"https:\/\/api.w.org\/{rel}","templated":true}]}}