{"id":29518,"date":"2021-01-28T22:56:08","date_gmt":"2021-01-28T21:56:08","guid":{"rendered":"https:\/\/gesamtschule-immenhausen.de\/?page_id=29518"},"modified":"2021-01-28T22:56:08","modified_gmt":"2021-01-28T21:56:08","slug":"daz-deutsch-als-zweitsprache","status":"publish","type":"page","link":"https:\/\/gesamtschule-immenhausen.de\/?page_id=29518","title":{"rendered":"DaZ (Deutsch als Zweitsprache)"},"content":{"rendered":"\n<p><strong>DaZ<\/strong>&nbsp;steht f\u00fcr&nbsp;<strong>Deutsch als Zweitsprache<\/strong>. Der Erwerb von Deutsch als Zweitsprache findet im Land der Zielsprache statt, also in Deutschland.&nbsp;<\/p>\n\n\n\n<p>F\u00fcr Menschen, die nach Deutschland kommen und deren Muttersprache nicht Deutsch ist, ist die deutsche Sprache die Voraussetzung f\u00fcr gesellschaftliche Integration und Schulerfolg.&nbsp;Die neue Sprache nimmt einen hohen Stellenwert im Leben der Lernenden ein, da sie wichtig f\u00fcr die t\u00e4gliche Kommunikation ist und essenziell, um sich im Alltag zurechtzufinden (z.B. beim Einkaufen).<\/p>\n\n\n\n<p>Dadurch, dass die Lernenden den ganzen Tag von der deutschen Sprache umgeben sind und sie ihren Alltag auf Deutsch bew\u00e4ltigen m\u00fcssen, tauchen die Lernenden in ein sogenanntes \u201eSprachbad\u201c ein, so lernen sie \u201eautomatisch\u201c (ungesteuert) schon etwas Deutsch. Zus\u00e4tzlich gibt es den (gesteuerten) DaZ-Unterricht, um die Sch\u00fcler\/innen beim Deutschlernen zu unterst\u00fctzen. Dazu gibt es an unserer Schule zwei DaZ-Kurse (jeweils 2-st\u00fcndig), die w\u00f6chentlich stattfinden und in einen \u201eAnf\u00e4nger-\u201c und einen \u201eFortgeschrittenenkurs\u201c aufgeteilt sind.<\/p>\n\n\n\n<figure class=\"wp-block-image\"><img loading=\"lazy\" decoding=\"async\" width=\"998\" height=\"665\" src=\"https:\/\/gesamtschule-immenhausen.de\/wp-content\/uploads\/Immenhausen_2018-11-24_D5_3992.jpg\" alt=\"\" class=\"wp-image-29113\" srcset=\"https:\/\/gesamtschule-immenhausen.de\/wp-content\/uploads\/Immenhausen_2018-11-24_D5_3992.jpg 998w, https:\/\/gesamtschule-immenhausen.de\/wp-content\/uploads\/Immenhausen_2018-11-24_D5_3992-150x100.jpg 150w, https:\/\/gesamtschule-immenhausen.de\/wp-content\/uploads\/Immenhausen_2018-11-24_D5_3992-768x512.jpg 768w, https:\/\/gesamtschule-immenhausen.de\/wp-content\/uploads\/Immenhausen_2018-11-24_D5_3992-400x267.jpg 400w\" sizes=\"(max-width: 998px) 100vw, 998px\" \/><\/figure>\n","protected":false},"excerpt":{"rendered":"<p>DaZ&nbsp;steht f\u00fcr&nbsp;Deutsch als Zweitsprache. Der Erwerb von Deutsch als Zweitsprache findet im Land der Zielsprache statt, also in Deutschland.&nbsp; F\u00fcr Menschen, die nach Deutschland kommen und deren Muttersprache nicht Deutsch ist, ist die deutsche Sprache die Voraussetzung f\u00fcr gesellschaftliche Integration und Schulerfolg.&nbsp;Die neue Sprache nimmt einen hohen Stellenwert im Leben der Lernenden ein, da sie [&hellip;]<\/p>\n","protected":false},"author":3,"featured_media":0,"parent":178,"menu_order":0,"comment_status":"closed","ping_status":"closed","template":"","meta":{"saved_in_kubio":false,"footnotes":""},"class_list":["post-29518","page","type-page","status-publish","hentry"],"kubio_ai_page_context":{"short_desc":"","purpose":"general"},"_links":{"self":[{"href":"https:\/\/gesamtschule-immenhausen.de\/index.php?rest_route=\/wp\/v2\/pages\/29518","targetHints":{"allow":["GET"]}}],"collection":[{"href":"https:\/\/gesamtschule-immenhausen.de\/index.php?rest_route=\/wp\/v2\/pages"}],"about":[{"href":"https:\/\/gesamtschule-immenhausen.de\/index.php?rest_route=\/wp\/v2\/types\/page"}],"author":[{"embeddable":true,"href":"https:\/\/gesamtschule-immenhausen.de\/index.php?rest_route=\/wp\/v2\/users\/3"}],"replies":[{"embeddable":true,"href":"https:\/\/gesamtschule-immenhausen.de\/index.php?rest_route=%2Fwp%2Fv2%2Fcomments&post=29518"}],"version-history":[{"count":1,"href":"https:\/\/gesamtschule-immenhausen.de\/index.php?rest_route=\/wp\/v2\/pages\/29518\/revisions"}],"predecessor-version":[{"id":29519,"href":"https:\/\/gesamtschule-immenhausen.de\/index.php?rest_route=\/wp\/v2\/pages\/29518\/revisions\/29519"}],"up":[{"embeddable":true,"href":"https:\/\/gesamtschule-immenhausen.de\/index.php?rest_route=\/wp\/v2\/pages\/178"}],"wp:attachment":[{"href":"https:\/\/gesamtschule-immenhausen.de\/index.php?rest_route=%2Fwp%2Fv2%2Fmedia&parent=29518"}],"curies":[{"name":"wp","href":"https:\/\/api.w.org\/{rel}","templated":true}]}}