{"id":29499,"date":"2021-01-28T22:34:55","date_gmt":"2021-01-28T21:34:55","guid":{"rendered":"https:\/\/gesamtschule-immenhausen.de\/?page_id=29499"},"modified":"2025-05-28T14:21:50","modified_gmt":"2025-05-28T12:21:50","slug":"schuelercoaching","status":"publish","type":"page","link":"https:\/\/gesamtschule-immenhausen.de\/?page_id=29499","title":{"rendered":"Coaching"},"content":{"rendered":"\n<p>F\u00fcr des Sch\u00fclercoaching steht der Coachingraum zur Verf\u00fcgung, welcher u.a. durch eine gro\u00dfformatige Blumenwiese (Fototapete) eine angenehme Gespr\u00e4chsatmosph\u00e4re bietet.&nbsp;<\/p>\n\n\n\n<p>Die Intention des \u201eSch\u00fclercoaching\u201c liegt in erster Linie darin, dass Sch\u00fcler \u00fcber ihre&nbsp;<strong>Ziele<\/strong>&nbsp;nachdenken bzw. sich dieser bewusst werden. Besonders wichtig ist hier das Erkennen der Bedeutung ihres&nbsp;<strong>Verhaltens&nbsp;<\/strong>f\u00fcr die&nbsp;<strong>Erreichung<\/strong>&nbsp;<strong>ihrer Ziele<\/strong>.&nbsp;<\/p>\n\n\n\n<p>Gew\u00fcnschte Verhaltens\u00e4nderungen, verbunden mit etwaigen Hilfestellungen und Strategien, werden am Ende einer Coachingsitzung schriftlich vereinbart, als Vertrag zwischen dem Sch\u00fcler und dem Lehrer. Beim n\u00e4chsten Treffen wird dann besprochen, ob das Vereinbarte funktioniert hat und ob ggf. nachgesteuert werden muss.<\/p>\n\n\n\n<p>Inhaltlich richten sich die Coachinggespr\u00e4che nach den Bed\u00fcrfnissen der Sch\u00fclerinnen und Sch\u00fcler, wobei der Schwerpunkt auf schulischen und berufsperspektivischen Themen liegt.\u00a0Grundlage f\u00fcr das Sch\u00fclercoaching ist ein gutes Vertrauensverh\u00e4ltnis zwischen den Beteiligten. <\/p>\n\n\n\n<p><\/p>\n\n\n\n<figure class=\"wp-block-image\"><img loading=\"lazy\" decoding=\"async\" width=\"998\" height=\"665\" src=\"https:\/\/gesamtschule-immenhausen.de\/wp-content\/uploads\/Immenhausen_2018-11-24_D5_3988.jpg\" alt=\"\" class=\"wp-image-29112\" srcset=\"https:\/\/gesamtschule-immenhausen.de\/wp-content\/uploads\/Immenhausen_2018-11-24_D5_3988.jpg 998w, https:\/\/gesamtschule-immenhausen.de\/wp-content\/uploads\/Immenhausen_2018-11-24_D5_3988-150x100.jpg 150w, https:\/\/gesamtschule-immenhausen.de\/wp-content\/uploads\/Immenhausen_2018-11-24_D5_3988-768x512.jpg 768w, https:\/\/gesamtschule-immenhausen.de\/wp-content\/uploads\/Immenhausen_2018-11-24_D5_3988-400x267.jpg 400w\" sizes=\"(max-width: 998px) 100vw, 998px\" \/><\/figure>\n","protected":false},"excerpt":{"rendered":"<p>F\u00fcr des Sch\u00fclercoaching steht der Coachingraum zur Verf\u00fcgung, welcher u.a. durch eine gro\u00dfformatige Blumenwiese (Fototapete) eine angenehme Gespr\u00e4chsatmosph\u00e4re bietet.&nbsp; Die Intention des \u201eSch\u00fclercoaching\u201c liegt in erster Linie darin, dass Sch\u00fcler \u00fcber ihre&nbsp;Ziele&nbsp;nachdenken bzw. sich dieser bewusst werden. Besonders wichtig ist hier das Erkennen der Bedeutung ihres&nbsp;Verhaltens&nbsp;f\u00fcr die&nbsp;Erreichung&nbsp;ihrer Ziele.&nbsp; Gew\u00fcnschte Verhaltens\u00e4nderungen, verbunden mit etwaigen Hilfestellungen und [&hellip;]<\/p>\n","protected":false},"author":3,"featured_media":0,"parent":178,"menu_order":0,"comment_status":"closed","ping_status":"closed","template":"","meta":{"saved_in_kubio":false,"footnotes":""},"class_list":["post-29499","page","type-page","status-publish","hentry"],"kubio_ai_page_context":{"short_desc":"","purpose":"general"},"_links":{"self":[{"href":"https:\/\/gesamtschule-immenhausen.de\/index.php?rest_route=\/wp\/v2\/pages\/29499","targetHints":{"allow":["GET"]}}],"collection":[{"href":"https:\/\/gesamtschule-immenhausen.de\/index.php?rest_route=\/wp\/v2\/pages"}],"about":[{"href":"https:\/\/gesamtschule-immenhausen.de\/index.php?rest_route=\/wp\/v2\/types\/page"}],"author":[{"embeddable":true,"href":"https:\/\/gesamtschule-immenhausen.de\/index.php?rest_route=\/wp\/v2\/users\/3"}],"replies":[{"embeddable":true,"href":"https:\/\/gesamtschule-immenhausen.de\/index.php?rest_route=%2Fwp%2Fv2%2Fcomments&post=29499"}],"version-history":[{"count":3,"href":"https:\/\/gesamtschule-immenhausen.de\/index.php?rest_route=\/wp\/v2\/pages\/29499\/revisions"}],"predecessor-version":[{"id":35362,"href":"https:\/\/gesamtschule-immenhausen.de\/index.php?rest_route=\/wp\/v2\/pages\/29499\/revisions\/35362"}],"up":[{"embeddable":true,"href":"https:\/\/gesamtschule-immenhausen.de\/index.php?rest_route=\/wp\/v2\/pages\/178"}],"wp:attachment":[{"href":"https:\/\/gesamtschule-immenhausen.de\/index.php?rest_route=%2Fwp%2Fv2%2Fmedia&parent=29499"}],"curies":[{"name":"wp","href":"https:\/\/api.w.org\/{rel}","templated":true}]}}