{"id":29491,"date":"2021-01-28T22:26:35","date_gmt":"2021-01-28T21:26:35","guid":{"rendered":"https:\/\/gesamtschule-immenhausen.de\/?page_id=29491"},"modified":"2021-01-29T16:14:34","modified_gmt":"2021-01-29T15:14:34","slug":"inklusion","status":"publish","type":"page","link":"https:\/\/gesamtschule-immenhausen.de\/?page_id=29491","title":{"rendered":"Inklusion"},"content":{"rendered":"\n<p>Inklusion wird seit 2011 erfolgreich gelebt. Durch die Teilnahme am Regelunterricht ergibt sich hierbei auch f\u00fcr Kinder mit besonderem F\u00f6rderbedarf eine Chancengleichheit. Schwerpunkt soll auf der Entwicklung fachlicher und sozialer Kompetenzen&nbsp;aller&nbsp;Sch\u00fclerinnen und Sch\u00fcler liegen. Mit der Durchf\u00fchrung des Klassenrats, Lions-Quest, Klassenpaten und Sch\u00fclercoaching wird dies zus\u00e4tzlich forciert.&nbsp;<\/p>\n\n\n\n<p>Inklusiv beschult werden Kinder mit allen F\u00f6rderschwerpunkten.<\/p>\n\n\n\n<p>Die Klassen- und Fachlehrer werden hierbei von Kolleginnen und Kollegen des Beratungs- und F\u00f6rderzentrums (BFZ) unterst\u00fctzt.<\/p>\n\n\n\n<p>In<strong>&nbsp;Absprache mit der Klassenlehrkraft\/Fachlehrkr\u00e4ften kann die BFZ-Kraft in den folgenden Bereichen unterst\u00fctzen:<\/strong><\/p>\n\n\n\n<ul class=\"wp-block-list\"><li>Sch\u00fclerbezogene Begleitung und F\u00f6rderung im Unterricht und Schulalltag,<\/li><li>Unterst\u00fctzung der gesamten Lerngruppe,<\/li><li>Systemische Beratung bei der Gestaltung inklusiven Unterrichts,<\/li><li>Elternberatung.<\/li><\/ul>\n\n\n\n<p>In der Unterrichtsplanung stimmen sich BFZ- und Regelschullehrer ab, wobei gemeinsame Beobachtungen und Diagnostik der Sch\u00fcler mit in die Unterrichtsplanung einflie\u00dfen. Sch\u00fcler mit sonderp\u00e4dagogischem F\u00f6rderbedarf erhalten dabei unterst\u00fctzende Hilfen, die in enger Kooperation von dem F\u00f6rderschullehrer bereitgestellt werden.<\/p>\n\n\n\n<p>Die Schule verf\u00fcgt \u00fcber barrierefreie Zug\u00e4nge (z.B. durch einen Fahrstuhl) und ein entsprechendes WC, so dass auch Sch\u00fclerinnen und Sch\u00fcler mit k\u00f6rperlichen Beeintr\u00e4chtigung am Unterricht teilnehmen k\u00f6nnen. Sch\u00fclerinnen und Sch\u00fclern mit H\u00f6rbeeintr\u00e4chtigungen werden in Klassenr\u00e4umen unterrichtet, die speziell mit Teppichboden ausgestattet sind. Ein fest installierter, ger\u00e4uscharmer Beamer, ein Laptop und eine Dokumentenkamera k\u00f6nnen zur Visualisierung im Unterricht herangezogen werden. Im Entspannungs-Raum kann in entsprechender Atmosph\u00e4re eine Einzelf\u00f6rderung durchgef\u00fchrt werden.<\/p>\n\n\n\n<p>Um den \u00dcbergang von der Grundschule zur Schule m\u00f6glichst sanft und problemlos zu gestalten, finden erste Gespr\u00e4che in den Wochen nach den Osterferien zwischen der BFZ Mitarbeiterin und den bisherigen Klassenlehrern, der bisherigen BFZ Kraft und nach M\u00f6glichkeit den Eltern statt. Durch den Austausch von Diagnose- und Unterrichtsmaterialien zwischen den beiden Schulformen\u00a0\u00a0jeder Sch\u00fcler\/ jede Sch\u00fclerin entsprechend seiner M\u00f6glichkeiten gef\u00f6rdert werden.<\/p>\n\n\n\n<figure class=\"wp-block-embed-youtube wp-block-embed is-type-video is-provider-youtube wp-embed-aspect-16-9 wp-has-aspect-ratio\"><div class=\"wp-block-embed__wrapper\">\n<iframe loading=\"lazy\" title=\"Was ist Inklusion? (in 80 Sekunden erkl\u00e4rt)\" width=\"500\" height=\"281\" src=\"https:\/\/www.youtube.com\/embed\/COJyb3D_JjA?feature=oembed\" frameborder=\"0\" allow=\"accelerometer; autoplay; clipboard-write; encrypted-media; gyroscope; picture-in-picture; web-share\" referrerpolicy=\"strict-origin-when-cross-origin\" allowfullscreen><\/iframe>\n<\/div><\/figure>\n","protected":false},"excerpt":{"rendered":"<p>Inklusion wird seit 2011 erfolgreich gelebt. Durch die Teilnahme am Regelunterricht ergibt sich hierbei auch f\u00fcr Kinder mit besonderem F\u00f6rderbedarf eine Chancengleichheit. Schwerpunkt soll auf der Entwicklung fachlicher und sozialer Kompetenzen&nbsp;aller&nbsp;Sch\u00fclerinnen und Sch\u00fcler liegen. Mit der Durchf\u00fchrung des Klassenrats, Lions-Quest, Klassenpaten und Sch\u00fclercoaching wird dies zus\u00e4tzlich forciert.&nbsp; Inklusiv beschult werden Kinder mit allen F\u00f6rderschwerpunkten. Die [&hellip;]<\/p>\n","protected":false},"author":3,"featured_media":0,"parent":178,"menu_order":0,"comment_status":"closed","ping_status":"closed","template":"","meta":{"saved_in_kubio":false,"footnotes":""},"class_list":["post-29491","page","type-page","status-publish","hentry"],"kubio_ai_page_context":{"short_desc":"","purpose":"general"},"_links":{"self":[{"href":"https:\/\/gesamtschule-immenhausen.de\/index.php?rest_route=\/wp\/v2\/pages\/29491","targetHints":{"allow":["GET"]}}],"collection":[{"href":"https:\/\/gesamtschule-immenhausen.de\/index.php?rest_route=\/wp\/v2\/pages"}],"about":[{"href":"https:\/\/gesamtschule-immenhausen.de\/index.php?rest_route=\/wp\/v2\/types\/page"}],"author":[{"embeddable":true,"href":"https:\/\/gesamtschule-immenhausen.de\/index.php?rest_route=\/wp\/v2\/users\/3"}],"replies":[{"embeddable":true,"href":"https:\/\/gesamtschule-immenhausen.de\/index.php?rest_route=%2Fwp%2Fv2%2Fcomments&post=29491"}],"version-history":[{"count":2,"href":"https:\/\/gesamtschule-immenhausen.de\/index.php?rest_route=\/wp\/v2\/pages\/29491\/revisions"}],"predecessor-version":[{"id":29614,"href":"https:\/\/gesamtschule-immenhausen.de\/index.php?rest_route=\/wp\/v2\/pages\/29491\/revisions\/29614"}],"up":[{"embeddable":true,"href":"https:\/\/gesamtschule-immenhausen.de\/index.php?rest_route=\/wp\/v2\/pages\/178"}],"wp:attachment":[{"href":"https:\/\/gesamtschule-immenhausen.de\/index.php?rest_route=%2Fwp%2Fv2%2Fmedia&parent=29491"}],"curies":[{"name":"wp","href":"https:\/\/api.w.org\/{rel}","templated":true}]}}