{"id":28846,"date":"2020-09-29T09:46:59","date_gmt":"2020-09-29T07:46:59","guid":{"rendered":"https:\/\/gesamtschule-immenhausen.de\/?page_id=28846"},"modified":"2024-09-12T12:10:05","modified_gmt":"2024-09-12T10:10:05","slug":"bip-berufsinfopoint","status":"publish","type":"page","link":"https:\/\/gesamtschule-immenhausen.de\/?page_id=28846","title":{"rendered":"BIP (Berufsinfopoint)"},"content":{"rendered":"<p>Der BIP (Berufsinfopoint) ist die zentrale Anlaufstelle f\u00fcr alle Fragen rund um das Thema Berufswahl, Bewerbung, Ausbildung und den \u00dcbergang in weiterf\u00fchrende Schulen und hilft bei allen Fragen zu diesen Themen. Er befindet sich im Anbau der Stadt- und Schulb\u00fccherei und hat einen eigenen Eingang von der Seite der Lehrerparkpl\u00e4tze.<\/p>\n<p>Hierbei versteht sich der BIP als Ansprechpartner f\u00fcr Sch\u00fcler\/ innen, Eltern, Lehrer\/ innen, Firmen und sonstigen Vertretern der Berufswelt.<\/p>\n<p>Wir bieten u.a. \u2026<\/p>\n<ul>\n<li>Unterst\u00fctzung bei der Suche nach einem passenden Beruf<\/li>\n<li>Unterst\u00fctzung beim \u00dcbergang von unserer Schule in den Beruf oder in weiterf\u00fchrende Schulen<\/li>\n<li>Informationsmaterialien und Unterlagen zum Thema Berufs- und Studienorientierung<\/li>\n<li>Kontakt zu Betrieben<\/li>\n<li>Informationen \u00fcber freie Ausbildungspl\u00e4tze<\/li>\n<li>Informationen zu Praktikumspl\u00e4tzen in der Region<\/li>\n<li>Unterst\u00fctzung in allen Fragen zum Thema \u201eBewerbung\u201c<\/li>\n<\/ul>\n<p>Unsere <strong>Sprechzeiten<\/strong> sind im Schuljahr im 1. Halbjahr 2024\/25:<\/p>\n<p>\u00a0<\/p>\n<p>Montag:\u00a0\u00a0\u00a0\u00a0\u00a0 \u00a0\u00a0\u00a0\u00a0\u00a0 2. Pause (Herr K\u00f6hling)<\/p>\n<p>\u00a0<\/p>\n<p>Dienstag:\u00a0\u00a0\u00a0\u00a0\u00a0\u00a0\u00a0\u00a0\u00a0\u00a0 2.\/3. Stunde (Frau Hopf) + 1. Pause (Frau Hopf)<\/p>\n<p>\u00a0<\/p>\n<p>Mittwoch:\u00a0\u00a0\u00a0\u00a0\u00a0\u00a0\u00a0\u00a0 4.\/5. Stunde (Herr K\u00f6hling) + 1. Pause (Frau Lindberg)<\/p>\n<p>\u00a0<\/p>\n<p>Donnerstag: \u00a0\u00a0\u00a0\u00a0 5. Stunde (Frau Lindberg)<\/p>\n<p>\u00a0<\/p>\n<p>Freitag:\u00a0\u00a0\u00a0\u00a0\u00a0\u00a0\u00a0\u00a0\u00a0\u00a0\u00a0\u00a0\u00a0 4. Stunde (Frau Lindberg)<\/p>\n<p>\u00a0<\/p>\n<p>+ Termine nach Vereinbarung<\/p>\n<p><strong>______________________________________________________________________________<\/strong><\/p>\n<p><strong>_______________________________________________________________________________<\/strong><\/p>\n<p style=\"margin: 0cm; margin-bottom: .0001pt; background: white; font-variant-ligatures: normal; font-variant-caps: normal; orphans: 2; text-align: start; widows: 2; -webkit-text-stroke-width: 0px; text-decoration-thickness: initial; text-decoration-style: initial; text-decoration-color: initial; word-spacing: 0px;\">\u00a0<\/p>\n<p>Gespr\u00e4che nach individueller Terminvereinbarung<\/p>\n<p>Tel.: 05673 \u2013 9981 &#8211; 46<\/p>\n<p>E-Mail: <a href=\"mailto:bip-immenhausen@gmx.de\">bip-immenhausen@gmx.de<\/a><\/p>\n<p>Tel.: 05673 \u2013 9981\u00a0 &#8211; 0 (Sekretariat)<\/p>\n\n\n<figure class=\"wp-block-image\"><img loading=\"lazy\" decoding=\"async\" width=\"1024\" height=\"715\" src=\"https:\/\/gesamtschule-immenhausen.de\/wp-content\/uploads\/Bildschirmfoto-2020-05-06-um-17.05.14-1024x715.png\" alt=\"\" class=\"wp-image-28281\" srcset=\"https:\/\/gesamtschule-immenhausen.de\/wp-content\/uploads\/Bildschirmfoto-2020-05-06-um-17.05.14-1024x715.png 1024w, https:\/\/gesamtschule-immenhausen.de\/wp-content\/uploads\/Bildschirmfoto-2020-05-06-um-17.05.14-150x105.png 150w, https:\/\/gesamtschule-immenhausen.de\/wp-content\/uploads\/Bildschirmfoto-2020-05-06-um-17.05.14-768x536.png 768w, https:\/\/gesamtschule-immenhausen.de\/wp-content\/uploads\/Bildschirmfoto-2020-05-06-um-17.05.14-400x279.png 400w\" sizes=\"(max-width: 1024px) 100vw, 1024px\" \/><\/figure>\n","protected":false},"excerpt":{"rendered":"<p>Der BIP (Berufsinfopoint) ist die zentrale Anlaufstelle f\u00fcr alle Fragen rund um das Thema Berufswahl, Bewerbung, Ausbildung und den \u00dcbergang in weiterf\u00fchrende Schulen und hilft bei allen Fragen zu diesen Themen. Er befindet sich im Anbau der Stadt- und Schulb\u00fccherei und hat einen eigenen Eingang von der Seite der Lehrerparkpl\u00e4tze. Hierbei versteht sich der BIP [&hellip;]<\/p>\n","protected":false},"author":3,"featured_media":0,"parent":123,"menu_order":2,"comment_status":"closed","ping_status":"closed","template":"","meta":{"saved_in_kubio":false,"footnotes":""},"class_list":["post-28846","page","type-page","status-publish","hentry"],"kubio_ai_page_context":{"short_desc":"","purpose":"general"},"_links":{"self":[{"href":"https:\/\/gesamtschule-immenhausen.de\/index.php?rest_route=\/wp\/v2\/pages\/28846","targetHints":{"allow":["GET"]}}],"collection":[{"href":"https:\/\/gesamtschule-immenhausen.de\/index.php?rest_route=\/wp\/v2\/pages"}],"about":[{"href":"https:\/\/gesamtschule-immenhausen.de\/index.php?rest_route=\/wp\/v2\/types\/page"}],"author":[{"embeddable":true,"href":"https:\/\/gesamtschule-immenhausen.de\/index.php?rest_route=\/wp\/v2\/users\/3"}],"replies":[{"embeddable":true,"href":"https:\/\/gesamtschule-immenhausen.de\/index.php?rest_route=%2Fwp%2Fv2%2Fcomments&post=28846"}],"version-history":[{"count":6,"href":"https:\/\/gesamtschule-immenhausen.de\/index.php?rest_route=\/wp\/v2\/pages\/28846\/revisions"}],"predecessor-version":[{"id":34257,"href":"https:\/\/gesamtschule-immenhausen.de\/index.php?rest_route=\/wp\/v2\/pages\/28846\/revisions\/34257"}],"up":[{"embeddable":true,"href":"https:\/\/gesamtschule-immenhausen.de\/index.php?rest_route=\/wp\/v2\/pages\/123"}],"wp:attachment":[{"href":"https:\/\/gesamtschule-immenhausen.de\/index.php?rest_route=%2Fwp%2Fv2%2Fmedia&parent=28846"}],"curies":[{"name":"wp","href":"https:\/\/api.w.org\/{rel}","templated":true}]}}