{"id":28842,"date":"2020-09-29T09:37:35","date_gmt":"2020-09-29T07:37:35","guid":{"rendered":"https:\/\/gesamtschule-immenhausen.de\/?page_id=28842"},"modified":"2024-09-17T14:16:57","modified_gmt":"2024-09-17T12:16:57","slug":"betriebspraktika","status":"publish","type":"page","link":"https:\/\/gesamtschule-immenhausen.de\/?page_id=28842","title":{"rendered":"Betriebspraktika"},"content":{"rendered":"<p>Hier finden Sie die Durchf\u00fchrungshinweise zum Sch\u00fclerbetriebspraktikum: <a href=\"https:\/\/gesamtschule-immenhausen.de\/wp-content\/uploads\/3-Merkblatt-Durchfuehrungshinweise-zum-Schuelerbetriebspraktikum-bearbeitet.pdf\">Merkblatt Durchf\u00fchrungshinweise zum Sch\u00fclerbetriebspraktikum (bearbeitet)<\/a><\/p>\n<p>An der Freiherr-vom-Stein-Schule Immenhausen werden folgende Betriebspraktika durchgef\u00fchrt:<\/p>\n<ul>\n<li><u>Praxisorientierter Bildungsgang<\/u> <em>(ehemals Hauptschulzweig)<\/em>\n<ul>\n<li>2-w\u00f6chiges Praktikum im Jahrgang 8<em> (in den beiden vorletzten Wochen vor den Sommerferien)<\/em><\/li>\n<li>&#8222;kontinuierlicher Praxistag&#8220; im Jahrgang 9 <em>(1 Tag\/ Woche, ab den Herbstferien bis Juni)<\/em><\/li>\n<\/ul>\n<\/li>\n<li><u>Mittlerer Bildungsgang<\/u> (ehemals Realschulzweig):\n<ul>\n<li>2-w\u00f6chiges Praktikum im Jahrgang 8 <em>(die beiden vorletzten Wochen vor den Sommerferien)<\/em><\/li>\n<li>2-w\u00f6chiges Praktikum im Jahrgang 9 <em>(im Februar)<\/em><\/li>\n<\/ul>\n<\/li>\n<li><u>Gymnasialzweig<\/u>:\n<ul>\n<li>3-w\u00f6chiges Praktikum im Jahrgang 9<em> (vor den Herbstferien)<\/em><\/li>\n<\/ul>\n<\/li>\n<\/ul>\n<p><strong>Allgemeine Informationen:\u00a0<\/strong><\/p>\n<ul>\n<li>Wo darf es stattfinden? &#8211; Landkreis und Stadt Kassel, Raum Hann. M\u00fcnden<\/li>\n<li>Fahrtkosten eigenes Hessenticket oder Erstattung der Fahrtkosten bei Nutzung \u00f6ffentlicher Verkehrsmittel<\/li>\n<li>Versicherungsschutz: Es ist eine Schulveranstaltung, Versicherungsschutz besteht<\/li>\n<li>Arbeitszeit: 7 Stunden am Tag, 35 Stunden\/ Woche<\/li>\n<li>Betreuung:\u00a0 Besuche von Lehrkr\u00e4ften in den Betrieben<\/li>\n<li>Bewertung: der Praktikumsbericht wird abgegeben und benotet oder es finden andere Pr\u00e4sentationsformen statt<\/li>\n<\/ul>\n<p><strong><span style=\"color: #ff6600;\">AKTUELL \u2013 Praktika\u00a0<\/span><\/strong><\/p>\n<div class=\"gmail_default\">\n<p>Betriebspraktika im Schuljahr 2024\/25:<\/p>\n<p>G9er: 23.09. &#8211; 11.10.24<\/p>\n<p>M9er: 03. &#8211; 14.02.25<\/p>\n<p>M8er\/ P8er: 16.06. &#8211; 01.07.25<\/p>\n<p>Kontinuierlicher Praxistag P9er: 31.10.24 &#8211; 12.06.25<\/p>\n<\/div>\n\n\n<figure class=\"wp-block-image\"><img loading=\"lazy\" decoding=\"async\" width=\"998\" height=\"665\" src=\"https:\/\/gesamtschule-immenhausen.de\/wp-content\/uploads\/Immenhausen_2018-11-24_D850_3931.jpg\" alt=\"\" class=\"wp-image-29157\" srcset=\"https:\/\/gesamtschule-immenhausen.de\/wp-content\/uploads\/Immenhausen_2018-11-24_D850_3931.jpg 998w, https:\/\/gesamtschule-immenhausen.de\/wp-content\/uploads\/Immenhausen_2018-11-24_D850_3931-150x100.jpg 150w, https:\/\/gesamtschule-immenhausen.de\/wp-content\/uploads\/Immenhausen_2018-11-24_D850_3931-768x512.jpg 768w, https:\/\/gesamtschule-immenhausen.de\/wp-content\/uploads\/Immenhausen_2018-11-24_D850_3931-400x267.jpg 400w\" sizes=\"(max-width: 998px) 100vw, 998px\" \/><\/figure>\n","protected":false},"excerpt":{"rendered":"<p>Hier finden Sie die Durchf\u00fchrungshinweise zum Sch\u00fclerbetriebspraktikum: Merkblatt Durchf\u00fchrungshinweise zum Sch\u00fclerbetriebspraktikum (bearbeitet) An der Freiherr-vom-Stein-Schule Immenhausen werden folgende Betriebspraktika durchgef\u00fchrt: Praxisorientierter Bildungsgang (ehemals Hauptschulzweig) 2-w\u00f6chiges Praktikum im Jahrgang 8 (in den beiden vorletzten Wochen vor den Sommerferien) &#8222;kontinuierlicher Praxistag&#8220; im Jahrgang 9 (1 Tag\/ Woche, ab den Herbstferien bis Juni) Mittlerer Bildungsgang (ehemals Realschulzweig): 2-w\u00f6chiges [&hellip;]<\/p>\n","protected":false},"author":3,"featured_media":0,"parent":8087,"menu_order":3,"comment_status":"closed","ping_status":"closed","template":"","meta":{"saved_in_kubio":false,"footnotes":""},"class_list":["post-28842","page","type-page","status-publish","hentry"],"kubio_ai_page_context":{"short_desc":"","purpose":"general"},"_links":{"self":[{"href":"https:\/\/gesamtschule-immenhausen.de\/index.php?rest_route=\/wp\/v2\/pages\/28842","targetHints":{"allow":["GET"]}}],"collection":[{"href":"https:\/\/gesamtschule-immenhausen.de\/index.php?rest_route=\/wp\/v2\/pages"}],"about":[{"href":"https:\/\/gesamtschule-immenhausen.de\/index.php?rest_route=\/wp\/v2\/types\/page"}],"author":[{"embeddable":true,"href":"https:\/\/gesamtschule-immenhausen.de\/index.php?rest_route=\/wp\/v2\/users\/3"}],"replies":[{"embeddable":true,"href":"https:\/\/gesamtschule-immenhausen.de\/index.php?rest_route=%2Fwp%2Fv2%2Fcomments&post=28842"}],"version-history":[{"count":10,"href":"https:\/\/gesamtschule-immenhausen.de\/index.php?rest_route=\/wp\/v2\/pages\/28842\/revisions"}],"predecessor-version":[{"id":34385,"href":"https:\/\/gesamtschule-immenhausen.de\/index.php?rest_route=\/wp\/v2\/pages\/28842\/revisions\/34385"}],"up":[{"embeddable":true,"href":"https:\/\/gesamtschule-immenhausen.de\/index.php?rest_route=\/wp\/v2\/pages\/8087"}],"wp:attachment":[{"href":"https:\/\/gesamtschule-immenhausen.de\/index.php?rest_route=%2Fwp%2Fv2%2Fmedia&parent=28842"}],"curies":[{"name":"wp","href":"https:\/\/api.w.org\/{rel}","templated":true}]}}