{"id":203,"date":"2011-06-30T08:24:41","date_gmt":"2011-06-30T08:24:41","guid":{"rendered":"https:\/\/gesamtschule-immenhausen.de\/?page_id=203"},"modified":"2025-05-22T14:16:23","modified_gmt":"2025-05-22T12:16:23","slug":"berufsorientierung","status":"publish","type":"page","link":"https:\/\/gesamtschule-immenhausen.de\/?page_id=203","title":{"rendered":"Berufs- und Studienorientierung"},"content":{"rendered":"<div id=\"idTextPanel\">\n<p><a href=\"https:\/\/gesamtschule-immenhausen.de\/wp-content\/uploads\/Unsere-4.jpg\"><br \/><\/a>Die Berufs- und Studienorientierung an der Freiherr-vom-Stein-Schule versteht sich als Prozess und orientiert sich sowohl an der Dynamik der Arbeitswelt sowie den damit verbundenen Anforderungen als auch an den ver\u00e4nderten Voraussetzungen unserer Sch\u00fclerinnen und Sch\u00fcler.<\/p>\n<p>Dabei soll einerseits auf W\u00fcnsche der Wirtschaft eingegangen werden und andererseits die Ausbildungschancen unserer Sch\u00fcler, bis zur direkten Vermittlung von Ausbildungspl\u00e4tzen, verbessert werden.<\/p>\n<p>Erreichen wollen wir das u.a. durch folgenden Punkte:<\/p>\n<ul>\n<li>Arbeitslehreunterricht w\u00e4hrend der kompletten Aufbaustufe<\/li>\n<li>Teilnahme am \u201eZukunftstag\u201c<\/li>\n<li>Kompetenzfeststellungsverfahren im Jahrgang 7<\/li>\n<li>Kooperation mit der Herwig-Blankertz-Schule Hofgeismar: w\u00f6chentlicher Berufsschultag ab dem Jahrgang 8 im Praxisorientierten und Mittleren Bildungsgang: Hier durchlaufen alle Sch\u00fclerinnen und Sch\u00fcler mehrere Berufsfelder und entscheiden sich anschlie\u00dfend f\u00fcr einen Schwerpunkt.<\/li>\n<li>Betriebspraktika\n<ul>\n<li>Praxistag im Praxisorientierten Bildungsgang des Jahrgangs 9<\/li>\n<li>einheitliche Betreuungsrichtlinien<\/li>\n<li>Zertifikate<\/li>\n<\/ul>\n<\/li>\n<li>Wahlpflichtunterricht<\/li>\n<li>PC-Office Unterricht, durchg\u00e4ngige Nutzung digitaler Medien im gesamten Schulleben<\/li>\n<li>Aufbau von Lernpartnerschaften mit Betrieben<\/li>\n<li>Zusammenarbeit mit Betrieben im praktischen Unterricht<\/li>\n<li>Teilnahme am MINT-Projekt<\/li>\n<li>Bewerbertraining in der Praxis<\/li>\n<li>realistische Durchf\u00fchrung von Bewerbungsverfahren mit einem unserer Partnerunternehmen<\/li>\n<li>Teilnahme am Berufspatenprojekt (Vorstellungsgespr\u00e4che mit Personen aus der Wirtschaft)<\/li>\n<li>Regelm\u00e4\u00dfige Sprechstunden der Berufsberatung in der Schule<\/li>\n<li>Durchf\u00fchrung einer hausinternen Berufemesse, Besuch weiterer Berufemessen (Vocatium u.a.)<\/li>\n<li>Der Berufsinfopoint (BIP) ist der zentrale Ort der Berufsorientierung. Hier stehen drei Lehrer und Lehrerinnen als Ansprechpartner\/ innen an verschiedenen Wochentagen zur Verf\u00fcgung, um die Sch\u00fclerinnen und Sch\u00fcler beispielsweise bei der Praktikumsstelle-, Berufs- und Studienwahl oder dem Bewerbungsschreiben zu unterst\u00fctzen.<\/li>\n<\/ul>\n<p>Wir sind sicher, dass die o.g. Punkte bei unseren Sch\u00fclerinnen und Sch\u00fclern zu einer praxisnahen Berufsorientierung f\u00fchren und damit die Berufswahlentscheidung erleichtern und festigen. Zudem werden die Chancen f\u00fcr die Ausbildungsplatzsuche erh\u00f6ht.<\/p>\n<p><strong>Zum Thema Berufsorientierung gibt es eine eigene Hauptseite dieser Homepage.<\/strong><\/p>\n<\/div>\n\n\n<figure class=\"wp-block-image\"><img loading=\"lazy\" decoding=\"async\" width=\"1024\" height=\"683\" src=\"https:\/\/gesamtschule-immenhausen.de\/wp-content\/uploads\/Besuch-H8-Berufliche-Schulen-HaM\u00fc-030.jpg\" alt=\"\" class=\"wp-image-4295\" srcset=\"https:\/\/gesamtschule-immenhausen.de\/wp-content\/uploads\/Besuch-H8-Berufliche-Schulen-HaM\u00fc-030.jpg 1024w, https:\/\/gesamtschule-immenhausen.de\/wp-content\/uploads\/Besuch-H8-Berufliche-Schulen-HaM\u00fc-030-300x200.jpg 300w, https:\/\/gesamtschule-immenhausen.de\/wp-content\/uploads\/Besuch-H8-Berufliche-Schulen-HaM\u00fc-030-150x100.jpg 150w, https:\/\/gesamtschule-immenhausen.de\/wp-content\/uploads\/Besuch-H8-Berufliche-Schulen-HaM\u00fc-030-400x266.jpg 400w\" sizes=\"(max-width: 1024px) 100vw, 1024px\" \/><\/figure>\n","protected":false},"excerpt":{"rendered":"<p>Die Berufs- und Studienorientierung an der Freiherr-vom-Stein-Schule versteht sich als Prozess und orientiert sich sowohl an der Dynamik der Arbeitswelt sowie den damit verbundenen Anforderungen als auch an den ver\u00e4nderten Voraussetzungen unserer Sch\u00fclerinnen und Sch\u00fcler. Dabei soll einerseits auf W\u00fcnsche der Wirtschaft eingegangen werden und andererseits die Ausbildungschancen unserer Sch\u00fcler, bis zur direkten Vermittlung von [&hellip;]<\/p>\n","protected":false},"author":9,"featured_media":0,"parent":8087,"menu_order":10,"comment_status":"closed","ping_status":"closed","template":"","meta":{"saved_in_kubio":false,"footnotes":""},"class_list":["post-203","page","type-page","status-publish","hentry"],"kubio_ai_page_context":{"short_desc":"","purpose":"general"},"_links":{"self":[{"href":"https:\/\/gesamtschule-immenhausen.de\/index.php?rest_route=\/wp\/v2\/pages\/203","targetHints":{"allow":["GET"]}}],"collection":[{"href":"https:\/\/gesamtschule-immenhausen.de\/index.php?rest_route=\/wp\/v2\/pages"}],"about":[{"href":"https:\/\/gesamtschule-immenhausen.de\/index.php?rest_route=\/wp\/v2\/types\/page"}],"author":[{"embeddable":true,"href":"https:\/\/gesamtschule-immenhausen.de\/index.php?rest_route=\/wp\/v2\/users\/9"}],"replies":[{"embeddable":true,"href":"https:\/\/gesamtschule-immenhausen.de\/index.php?rest_route=%2Fwp%2Fv2%2Fcomments&post=203"}],"version-history":[{"count":7,"href":"https:\/\/gesamtschule-immenhausen.de\/index.php?rest_route=\/wp\/v2\/pages\/203\/revisions"}],"predecessor-version":[{"id":29610,"href":"https:\/\/gesamtschule-immenhausen.de\/index.php?rest_route=\/wp\/v2\/pages\/203\/revisions\/29610"}],"up":[{"embeddable":true,"href":"https:\/\/gesamtschule-immenhausen.de\/index.php?rest_route=\/wp\/v2\/pages\/8087"}],"wp:attachment":[{"href":"https:\/\/gesamtschule-immenhausen.de\/index.php?rest_route=%2Fwp%2Fv2%2Fmedia&parent=203"}],"curies":[{"name":"wp","href":"https:\/\/api.w.org\/{rel}","templated":true}]}}