{"id":201,"date":"2011-06-30T08:24:15","date_gmt":"2011-06-30T08:24:15","guid":{"rendered":"https:\/\/gesamtschule-immenhausen.de\/?page_id=201"},"modified":"2025-05-28T14:31:14","modified_gmt":"2025-05-28T12:31:14","slug":"frankreichaustausch","status":"publish","type":"page","link":"https:\/\/gesamtschule-immenhausen.de\/?page_id=201","title":{"rendered":"Studien- und Austauschfahrten"},"content":{"rendered":"<div id=\"idTextPanel\">\n<div>Schon seit mehr als 25 Jahren gibt es einen Sch\u00fcleraustausch mit zwei Schulen in unserer franz\u00f6sischen Partnerstadt Montaigu, dem staatlichen Coll\u00e8ge Jules F\u00e9ry und dem privaten Coll\u00e8ge Villebois-Mareuil.\u00a0Vor den Osterferien besuchen Sch\u00fcler der Klassen G8 und M9 ihre Austauschpartner in Frankreich, k\u00f6nnen die erlernte Fremdsprache ausprobieren und das Leben in Frankreich kennenlernen. Auf der R\u00fcckfahrt freuen sich alle auf einen kurzen Besuch in Paris.<\/div>\n<div>Ende April kommen dann die Austauschsch\u00fcler an unsere Schule. Sie staunen \u00fcber den nicht eingez\u00e4unten Schulhof, den freundschaftlichen Umgang mit den Lehrern und dass Wasser hier immer blubbert. Besonders beliebt ist\u00a0der gemeinsame Ausflug\u00a0 in das Wissenschaftsmuseum &#8222;Phaeno&#8220; in Wolfsburg.<\/div>\n<div>Nach zehn\u00a0spannenden Tagen hei\u00dft es dann &#8222;Au revoir et \u00e0 l&#8217;ann\u00e9e prochaine&#8220;.<\/div>\n<div>\u00a0<\/div>\n<\/div>\n\n\n<figure class=\"wp-block-image\"><img loading=\"lazy\" decoding=\"async\" width=\"1024\" height=\"683\" src=\"https:\/\/gesamtschule-immenhausen.de\/wp-content\/uploads\/Frankreichaustausch-2013-004.jpg\" alt=\"\" class=\"wp-image-12914\" srcset=\"https:\/\/gesamtschule-immenhausen.de\/wp-content\/uploads\/Frankreichaustausch-2013-004.jpg 1024w, https:\/\/gesamtschule-immenhausen.de\/wp-content\/uploads\/Frankreichaustausch-2013-004-300x200.jpg 300w, https:\/\/gesamtschule-immenhausen.de\/wp-content\/uploads\/Frankreichaustausch-2013-004-150x100.jpg 150w, https:\/\/gesamtschule-immenhausen.de\/wp-content\/uploads\/Frankreichaustausch-2013-004-400x266.jpg 400w\" sizes=\"(max-width: 1024px) 100vw, 1024px\" \/><\/figure>\n","protected":false},"excerpt":{"rendered":"<p>Schon seit mehr als 25 Jahren gibt es einen Sch\u00fcleraustausch mit zwei Schulen in unserer franz\u00f6sischen Partnerstadt Montaigu, dem staatlichen Coll\u00e8ge Jules F\u00e9ry und dem privaten Coll\u00e8ge Villebois-Mareuil.\u00a0Vor den Osterferien besuchen Sch\u00fcler der Klassen G8 und M9 ihre Austauschpartner in Frankreich, k\u00f6nnen die erlernte Fremdsprache ausprobieren und das Leben in Frankreich kennenlernen. Auf der R\u00fcckfahrt [&hellip;]<\/p>\n","protected":false},"author":9,"featured_media":0,"parent":178,"menu_order":9,"comment_status":"open","ping_status":"closed","template":"","meta":{"saved_in_kubio":false,"footnotes":""},"class_list":["post-201","page","type-page","status-publish","hentry"],"kubio_ai_page_context":{"short_desc":"","purpose":"general"},"_links":{"self":[{"href":"https:\/\/gesamtschule-immenhausen.de\/index.php?rest_route=\/wp\/v2\/pages\/201","targetHints":{"allow":["GET"]}}],"collection":[{"href":"https:\/\/gesamtschule-immenhausen.de\/index.php?rest_route=\/wp\/v2\/pages"}],"about":[{"href":"https:\/\/gesamtschule-immenhausen.de\/index.php?rest_route=\/wp\/v2\/types\/page"}],"author":[{"embeddable":true,"href":"https:\/\/gesamtschule-immenhausen.de\/index.php?rest_route=\/wp\/v2\/users\/9"}],"replies":[{"embeddable":true,"href":"https:\/\/gesamtschule-immenhausen.de\/index.php?rest_route=%2Fwp%2Fv2%2Fcomments&post=201"}],"version-history":[{"count":5,"href":"https:\/\/gesamtschule-immenhausen.de\/index.php?rest_route=\/wp\/v2\/pages\/201\/revisions"}],"predecessor-version":[{"id":35366,"href":"https:\/\/gesamtschule-immenhausen.de\/index.php?rest_route=\/wp\/v2\/pages\/201\/revisions\/35366"}],"up":[{"embeddable":true,"href":"https:\/\/gesamtschule-immenhausen.de\/index.php?rest_route=\/wp\/v2\/pages\/178"}],"wp:attachment":[{"href":"https:\/\/gesamtschule-immenhausen.de\/index.php?rest_route=%2Fwp%2Fv2%2Fmedia&parent=201"}],"curies":[{"name":"wp","href":"https:\/\/api.w.org\/{rel}","templated":true}]}}