{"id":16796,"date":"2014-01-29T13:05:18","date_gmt":"2014-01-29T12:05:18","guid":{"rendered":"https:\/\/gesamtschule-immenhausen.de\/?page_id=16796"},"modified":"2024-09-12T11:23:47","modified_gmt":"2024-09-12T09:23:47","slug":"aufbaustufe-5-7","status":"publish","type":"page","link":"https:\/\/gesamtschule-immenhausen.de\/?page_id=16796","title":{"rendered":"Aufbaustufe (5-7)"},"content":{"rendered":"<p><span style=\"font-family: 'Helvetica',sans-serif; color: #0e0e17;\">Zun\u00e4chst besuchen die Kinder nach der 4. Klasse die Aufbaustufe (ehemals F\u00f6rderstufe). Dort ist man drei Jahre im Klassenverband zusammen, lernt also l\u00e4nger gemeinsam. Nach der Klasse 7 bieten wir den \u201eMittleren Bildungsgang\u201c an, der zum Realschulabschluss f\u00fchrt. Der \u201ePraxisorientierte Bildungsgang\u201c bietet nach der Klasse 7 intensiven Praxisbezug -auch durch die Nutzung von Fachr\u00e4umen beruflicher Schulen \u2013 und soll bei der Berufswahl helfen, er f\u00fchrt zum Hauptschulabschluss. Beide Abschl\u00fcsse bef\u00e4higen bei Eignung zum Besuch weiterf\u00fchrender Schulen. Im Jahrgang 5 gibt es gemeinsamen Unterricht in den Hauptf\u00e4chern, die Kursbildung findet nach einj\u00e4hriger Orientierungsphase in Englisch und Mathematik (B- und C-Kurse ab Jg. 6) statt. Ein l\u00e4ngeres gemeinsames Lernen wird durch Schulzweigbildung erst nach der 7, Klasse m\u00f6glich. Durch die enge Kooperation zwischen Aufbaustufe und Gymnasialzweig ist ein Schulzweigwechsel bis zum Ende der Klasse 6 m\u00f6glich.<\/span><\/p>\n<p><span style=\"font-family: 'Helvetica',sans-serif; color: #0e0e17;\">Wir erm\u00f6glichen einen f\u00fcr die Kinder guten \u00dcbergang von der Grundschule in die Aufbaustufe (Klasse 5-7) und in die 5. Klasse des Gymnasialzweiges. Angegebene Freundschaftsgruppen werden bei den Klassenbildungen in der Regel ber\u00fccksichtigt. Die neue Lernumgebung wird in einer Projektwoche zu Beginn der Schulzeit erkundet. Es besteht eine enge Zusammenarbeit zwischen den Lehrerinnen und Lehrern der Jahrgangsstufen 4 und 5.<\/span><\/p>\n<p><span style=\"font-family: 'Helvetica',sans-serif; color: #0e0e17;\">Durch Rhythmisierung des Unterrichts mit vielen Doppelstunden und damit verbunden weniger F\u00e4chern und Hausaufgaben pro Tag gestalten wir den Schulalltag ruhig und stressfreier. Konzentration und Lernmotivation werden erh\u00f6ht. Jede Klasse hat eine Klassenlehrerstunde f\u00fcr \u201eSoziales Lernen\u201c und das Kl\u00e4ren von Problemen im Klassenrat. Ebenfalls beim Klassenlehrer findet die w\u00f6chentliche Lernen lernen-Stunde statt, in der Hausaufgaben erledigt werden k\u00f6nnen. Am Nachmittag kann man freiwillig an der Hausaufgabenhilfe oder auch an offener Nachhilfe teilnehmen. Lese- und Rechtschreibf\u00f6rderung ist ein weiterer ein Schwerpunkt unserer Schule. Speziell ausgebildete Lehrkr\u00e4fte f\u00fchren F\u00f6rderung bei LRS durch. Wichtig ist uns die Herausbildung sozialer Kompetenzen (Klassenrat, LionsQuest \u201eErwachsen werden\u201c, Schulsozialarbeiterinnen, Klassenlehrerstunde). <\/span><\/p>\n<p><span style=\"font-family: 'Helvetica',sans-serif; color: #0e0e17;\">Im Rahmen des Wahlpflichtunterrichts in der Klasse 7 besteht die M\u00f6glichkeit (neben anderen Wahlf\u00e4chern) auch die zweite Fremdsprache (Franz\u00f6sisch) zu belegen. <\/span><\/p>\n<p>\u00dcbersicht Mittelstufenschulzweig zum Download: <a href=\"https:\/\/gesamtschule-immenhausen.de\/wp-content\/uploads\/Schaubild-Mittelstufenzweig-Immenhausen.pdf\">Schaubild Mittelstufenzweig Immenhausen<\/a><\/p>\n","protected":false},"excerpt":{"rendered":"<p>Zun\u00e4chst besuchen die Kinder nach der 4. Klasse die Aufbaustufe (ehemals F\u00f6rderstufe). Dort ist man drei Jahre im Klassenverband zusammen, lernt also l\u00e4nger gemeinsam. Nach der Klasse 7 bieten wir den \u201eMittleren Bildungsgang\u201c an, der zum Realschulabschluss f\u00fchrt. Der \u201ePraxisorientierte Bildungsgang\u201c bietet nach der Klasse 7 intensiven Praxisbezug -auch durch die Nutzung von Fachr\u00e4umen beruflicher [&hellip;]<\/p>\n","protected":false},"author":3,"featured_media":0,"parent":16794,"menu_order":1,"comment_status":"open","ping_status":"closed","template":"","meta":{"saved_in_kubio":false,"footnotes":""},"class_list":["post-16796","page","type-page","status-publish","hentry"],"kubio_ai_page_context":{"short_desc":"","purpose":"general"},"_links":{"self":[{"href":"https:\/\/gesamtschule-immenhausen.de\/index.php?rest_route=\/wp\/v2\/pages\/16796","targetHints":{"allow":["GET"]}}],"collection":[{"href":"https:\/\/gesamtschule-immenhausen.de\/index.php?rest_route=\/wp\/v2\/pages"}],"about":[{"href":"https:\/\/gesamtschule-immenhausen.de\/index.php?rest_route=\/wp\/v2\/types\/page"}],"author":[{"embeddable":true,"href":"https:\/\/gesamtschule-immenhausen.de\/index.php?rest_route=\/wp\/v2\/users\/3"}],"replies":[{"embeddable":true,"href":"https:\/\/gesamtschule-immenhausen.de\/index.php?rest_route=%2Fwp%2Fv2%2Fcomments&post=16796"}],"version-history":[{"count":8,"href":"https:\/\/gesamtschule-immenhausen.de\/index.php?rest_route=\/wp\/v2\/pages\/16796\/revisions"}],"predecessor-version":[{"id":34249,"href":"https:\/\/gesamtschule-immenhausen.de\/index.php?rest_route=\/wp\/v2\/pages\/16796\/revisions\/34249"}],"up":[{"embeddable":true,"href":"https:\/\/gesamtschule-immenhausen.de\/index.php?rest_route=\/wp\/v2\/pages\/16794"}],"wp:attachment":[{"href":"https:\/\/gesamtschule-immenhausen.de\/index.php?rest_route=%2Fwp%2Fv2%2Fmedia&parent=16796"}],"curies":[{"name":"wp","href":"https:\/\/api.w.org\/{rel}","templated":true}]}}