{"id":155,"date":"2011-06-28T09:13:13","date_gmt":"2011-06-28T09:13:13","guid":{"rendered":"https:\/\/gesamtschule-immenhausen.de\/?page_id=155"},"modified":"2021-01-26T09:22:32","modified_gmt":"2021-01-26T08:22:32","slug":"schulelternbeirat","status":"publish","type":"page","link":"https:\/\/gesamtschule-immenhausen.de\/?page_id=155","title":{"rendered":"Schul-Elternbeirat"},"content":{"rendered":"<p>Die von den Klassenelternschaften gew\u00e4hlten Klassenelternbeir\u00e4te bilden den Schulelternbeirat (\u00a7 108 Hessisches Schulgesetz &#8211; HSchG), der das Mitbestimmungsrecht der Eltern an der Schule aus\u00fcbt (\u00a7 110 HSchG). An Schulen bzw. in Schuljahrg\u00e4ngen, die keine Jahrgangsklassen bilden, treten anstelle der Klassenelternschaft die Jahrgangselternvertreterinnen und Jahrgangselternvertreter und in den beruflichen Schulen mit Teilzeitunterricht die Abteilungselternbeir\u00e4te. Entscheidungen der Schulkonferenz, mit denen im Zuge der gest\u00e4rkten Eigenverantwortlichkeit der Schulen das Unterrichtswesen der Schule gestaltet wird, bed\u00fcrfen der Zustimmung des Schulelternbeirats. Der Schulelternbeirat muss wesentlichen Entscheidungen der Schul- und der Gesamtkonferenz zustimmen, unter anderem der Entscheidung \u00fcber das Schulprogramm. Er hat auch ein Mitbestimmungsrecht bei Einrichtung und Beendigung eines Schulversuchs und bei der Umwandlung einer Schule in eine Versuchsschule (\u00a7 110 Abs. 2 HSchG). Hinzu kommen Anh\u00f6rrechte, Informationsrechte und Initiativrechte. Kreis- und Stadtelternbeir\u00e4te, die ebenso wie der Landeselternbeirat von Delegierten der Schulelternbeir\u00e4te gew\u00e4hlt werden, haben u.a. ein Anh\u00f6rungsrecht bei Schulentwicklungspl\u00e4nen der Schultr\u00e4ger.<\/p>\n\n\n<figure class=\"wp-block-image\"><img loading=\"lazy\" decoding=\"async\" width=\"998\" height=\"665\" src=\"https:\/\/gesamtschule-immenhausen.de\/wp-content\/uploads\/Immenhausen_2018-11-24_D850_4284.jpg\" alt=\"\" class=\"wp-image-29189\" srcset=\"https:\/\/gesamtschule-immenhausen.de\/wp-content\/uploads\/Immenhausen_2018-11-24_D850_4284.jpg 998w, https:\/\/gesamtschule-immenhausen.de\/wp-content\/uploads\/Immenhausen_2018-11-24_D850_4284-150x100.jpg 150w, https:\/\/gesamtschule-immenhausen.de\/wp-content\/uploads\/Immenhausen_2018-11-24_D850_4284-768x512.jpg 768w, https:\/\/gesamtschule-immenhausen.de\/wp-content\/uploads\/Immenhausen_2018-11-24_D850_4284-400x267.jpg 400w\" sizes=\"(max-width: 998px) 100vw, 998px\" \/><\/figure>\n","protected":false},"excerpt":{"rendered":"<p>Die von den Klassenelternschaften gew\u00e4hlten Klassenelternbeir\u00e4te bilden den Schulelternbeirat (\u00a7 108 Hessisches Schulgesetz &#8211; HSchG), der das Mitbestimmungsrecht der Eltern an der Schule aus\u00fcbt (\u00a7 110 HSchG). An Schulen bzw. in Schuljahrg\u00e4ngen, die keine Jahrgangsklassen bilden, treten anstelle der Klassenelternschaft die Jahrgangselternvertreterinnen und Jahrgangselternvertreter und in den beruflichen Schulen mit Teilzeitunterricht die Abteilungselternbeir\u00e4te. Entscheidungen der [&hellip;]<\/p>\n","protected":false},"author":9,"featured_media":0,"parent":147,"menu_order":2,"comment_status":"open","ping_status":"closed","template":"","meta":{"saved_in_kubio":false,"footnotes":""},"class_list":["post-155","page","type-page","status-publish","hentry"],"kubio_ai_page_context":{"short_desc":"","purpose":"general"},"_links":{"self":[{"href":"https:\/\/gesamtschule-immenhausen.de\/index.php?rest_route=\/wp\/v2\/pages\/155","targetHints":{"allow":["GET"]}}],"collection":[{"href":"https:\/\/gesamtschule-immenhausen.de\/index.php?rest_route=\/wp\/v2\/pages"}],"about":[{"href":"https:\/\/gesamtschule-immenhausen.de\/index.php?rest_route=\/wp\/v2\/types\/page"}],"author":[{"embeddable":true,"href":"https:\/\/gesamtschule-immenhausen.de\/index.php?rest_route=\/wp\/v2\/users\/9"}],"replies":[{"embeddable":true,"href":"https:\/\/gesamtschule-immenhausen.de\/index.php?rest_route=%2Fwp%2Fv2%2Fcomments&post=155"}],"version-history":[{"count":12,"href":"https:\/\/gesamtschule-immenhausen.de\/index.php?rest_route=\/wp\/v2\/pages\/155\/revisions"}],"predecessor-version":[{"id":29432,"href":"https:\/\/gesamtschule-immenhausen.de\/index.php?rest_route=\/wp\/v2\/pages\/155\/revisions\/29432"}],"up":[{"embeddable":true,"href":"https:\/\/gesamtschule-immenhausen.de\/index.php?rest_route=\/wp\/v2\/pages\/147"}],"wp:attachment":[{"href":"https:\/\/gesamtschule-immenhausen.de\/index.php?rest_route=%2Fwp%2Fv2%2Fmedia&parent=155"}],"curies":[{"name":"wp","href":"https:\/\/api.w.org\/{rel}","templated":true}]}}