{"id":153,"date":"2011-06-28T09:12:48","date_gmt":"2011-06-28T09:12:48","guid":{"rendered":"https:\/\/gesamtschule-immenhausen.de\/?page_id=153"},"modified":"2021-01-26T09:21:41","modified_gmt":"2021-01-26T08:21:41","slug":"elternbeirate","status":"publish","type":"page","link":"https:\/\/gesamtschule-immenhausen.de\/?page_id=153","title":{"rendered":"Klassen-Elternbeir\u00e4te"},"content":{"rendered":"<p>Die Schule braucht aktive Eltern, zumal Bildung und Lernen nicht allein Sache der Schule ist, sondern auch die der Eltern. Eine wichtige Vermittlerfunktion nehmen die Elternbeir\u00e4te ein. Sie werden gebildet, um Schule und Elternhaus bei der Erziehung und Bildung der Kinder und Jugendlichen zu unterst\u00fctzen. Eine zentrale Aufgabe des Elternbeirates ist die Gestaltung von Elternabenden. Diese sollen nicht zu selten stattfinden \u2013 mindestens zweimal j\u00e4hrlich f\u00fcr die Jahrgangsstufen 1 bis 11. Etwa zehn Tage vor der Versammlung sollten die Eltern \u00fcber ihre Kinder zu der Veranstaltung eingeladen werden. Dabei sollte auch die Tagesordnung genannt werden, die h\u00e4ufig Themen wie Vorstellung der Lehrkr\u00e4fte, Planung von Exkursionen und Lehrplan der Stufe aber auch Aspekte wie Elternrechte und Disziplin- oder Leistungsprobleme beinhaltet. Geleitet wird der Elternabend vom Klassenelternbeirat. Die Zeit f\u00fcr die neusten Informationen sollte dabei eher knapp gehalten, die f\u00fcr die Diskussion dagegen gro\u00dfz\u00fcgig bemessen werden. \u00dcber die wichtigsten Themen des Elternabends sollte Protokoll gef\u00fchrt werden. Ein Elternabend kann selbstverst\u00e4ndlich auch au\u00dferhalb der Schule stattfinden.<\/p>\n<p><strong>Weiter Infos gibt es hier:<\/strong> <a href=\"http:\/\/www.leb-hessen.de\/\">http:\/\/www.leb-hessen.de\/<\/a><\/p>\n<p><iframe loading=\"lazy\" title=\"Was macht eigentlich der Elternrat? - Ein Erkl\u00e4rfilm.\" width=\"500\" height=\"281\" src=\"https:\/\/www.youtube.com\/embed\/LWr7y-pK4C0?feature=oembed\" frameborder=\"0\" allow=\"accelerometer; autoplay; clipboard-write; encrypted-media; gyroscope; picture-in-picture; web-share\" referrerpolicy=\"strict-origin-when-cross-origin\" allowfullscreen><\/iframe><\/p>\n","protected":false},"excerpt":{"rendered":"<p>Die Schule braucht aktive Eltern, zumal Bildung und Lernen nicht allein Sache der Schule ist, sondern auch die der Eltern. Eine wichtige Vermittlerfunktion nehmen die Elternbeir\u00e4te ein. Sie werden gebildet, um Schule und Elternhaus bei der Erziehung und Bildung der Kinder und Jugendlichen zu unterst\u00fctzen. Eine zentrale Aufgabe des Elternbeirates ist die Gestaltung von Elternabenden. [&hellip;]<\/p>\n","protected":false},"author":9,"featured_media":0,"parent":147,"menu_order":1,"comment_status":"open","ping_status":"closed","template":"","meta":{"saved_in_kubio":false,"footnotes":""},"class_list":["post-153","page","type-page","status-publish","hentry"],"kubio_ai_page_context":{"short_desc":"","purpose":"general"},"_links":{"self":[{"href":"https:\/\/gesamtschule-immenhausen.de\/index.php?rest_route=\/wp\/v2\/pages\/153","targetHints":{"allow":["GET"]}}],"collection":[{"href":"https:\/\/gesamtschule-immenhausen.de\/index.php?rest_route=\/wp\/v2\/pages"}],"about":[{"href":"https:\/\/gesamtschule-immenhausen.de\/index.php?rest_route=\/wp\/v2\/types\/page"}],"author":[{"embeddable":true,"href":"https:\/\/gesamtschule-immenhausen.de\/index.php?rest_route=\/wp\/v2\/users\/9"}],"replies":[{"embeddable":true,"href":"https:\/\/gesamtschule-immenhausen.de\/index.php?rest_route=%2Fwp%2Fv2%2Fcomments&post=153"}],"version-history":[{"count":9,"href":"https:\/\/gesamtschule-immenhausen.de\/index.php?rest_route=\/wp\/v2\/pages\/153\/revisions"}],"predecessor-version":[{"id":29431,"href":"https:\/\/gesamtschule-immenhausen.de\/index.php?rest_route=\/wp\/v2\/pages\/153\/revisions\/29431"}],"up":[{"embeddable":true,"href":"https:\/\/gesamtschule-immenhausen.de\/index.php?rest_route=\/wp\/v2\/pages\/147"}],"wp:attachment":[{"href":"https:\/\/gesamtschule-immenhausen.de\/index.php?rest_route=%2Fwp%2Fv2%2Fmedia&parent=153"}],"curies":[{"name":"wp","href":"https:\/\/api.w.org\/{rel}","templated":true}]}}