{"id":144,"date":"2011-06-28T09:11:48","date_gmt":"2011-06-28T09:11:48","guid":{"rendered":"https:\/\/gesamtschule-immenhausen.de\/?page_id=144"},"modified":"2025-05-28T14:11:21","modified_gmt":"2025-05-28T12:11:21","slug":"schuler-ubernehmen-verantwortung","status":"publish","type":"page","link":"https:\/\/gesamtschule-immenhausen.de\/?page_id=144","title":{"rendered":"Soziales Lernen"},"content":{"rendered":"<p><strong>Hof- und Mensadienst | <\/strong><strong>Die Sch\u00fclerinnen und Sch\u00fcler der Freiherr-vom-Stein Schule halten ihre Schule sauber!<\/strong> Dazu hat jede Klasse einmal pro Halbjahr eine Woche lang Hof- und Mensadienst. In dieser Woche ist die Klasse verantwortlich daf\u00fcr, dass der Schulhof in und nach den Pausen von M\u00fcll befreit wird. In Kleingruppen patrouillieren die Sch\u00fclerinnen und Sch\u00fcler in den Pausen \u00fcber den Hof und sammeln mit speziellen Werkzeugen (wird von den Hausmeistern zur Verf\u00fcgung gestellt) achtlos weggeworfenes Papier, Bananenschalen und sonstigen M\u00fcll ein. Sie sind in dieser Woche ebenfalls f\u00fcr den Mensadienst zust\u00e4ndig, bei dem einige Sch\u00fclerinnen und Sch\u00fcler nach den gro\u00dfen Pausen den Mensadamen zur Hand gehen und Tische abwischen oder St\u00fchle ran stellen. Die Einteilung, wann welche Sch\u00fclerinnen und Sch\u00fcler zust\u00e4ndig sind, erfolgt im Klassenverband. Die Namen werden dann im Sekretariat hinterlegt, so dass bekannt ist, wer in welcher Pause f\u00fcr Ordnung sorgt. Funktioniert dies einmal nicht, so wird das Sekretariat von den Hausmeistern oder den Mensadamen informiert und die entsprechenden Sch\u00fcler und Sch\u00fclerinnen dorthin bestellt. Sie m\u00fcssen dann in der Mittagspause des folgenden Tages den Hausmeistern unterst\u00fctzend zur Seite stehen und zu Gunsten der Schulgemeinde eine Stunde Sozialdienst leisten. Da der Hof- und Mensadienst jedoch recht zuverl\u00e4ssig durchgef\u00fchrt wird, trifft Regelung nur sehr wenige Sch\u00fclerinnen und Sch\u00fcler. Prima, weiter so! \u263a<\/p>\n<p><strong>Sch\u00fclerpatenschaften | <\/strong><strong>\u00c4ltere Sch\u00fcler\/innen stehen als Ansprechpartner f\u00fcr die Klassen 5 zur Verf\u00fcgung.<\/strong><\/p>\n<p><strong>Busbegleiter | <\/strong><strong>Sch\u00fcler\/innen aus unseren h\u00f6heren Klassen k\u00f6nnen sich zu Busbegleitern ausbilden lassen.<\/strong> Ihre Aufgabe ist es, Rangeleien und Konflikte an den Haltestellen und im Bus zu entsch\u00e4rfen und auf diese Weise vor allem f\u00fcr die j\u00fcngeren Sch\u00fcler\/innen die Fahrt angenehmer und sicherer zu gestalten.<\/p>\n<p><strong>Schulsanit\u00e4tsdienst | <\/strong><strong>Sch\u00fcler\/innen ab dem 14. Lebensjahr k\u00f6nnen sich zum Schulsanit\u00e4ter ausbilden lassen.<\/strong> Die Ausbildung erfolgt durch einen Rettungssanit\u00e4ter des ASB. Dieser Schritt kann zukunftweisend sein, denn aus ihm kann sich eine Berufsperspektive ergeben oder eine besondere Empfehlung bei<br \/>der Bewerbung um einen Arbeitsplatz.<\/p>\n<p><strong>Aufsicht in den Sch\u00fclertoiletten | <\/strong><strong>Sch\u00fcler\/innen \u00fcbernehmen Verantwortung f\u00fcr die nicht ganz so &#8217;stillen \u00d6rtchen&#8216;.<\/strong> Bei der Renovierung unserer Schule ist es gelungen, die Toiletten nach W\u00fcnschen der Sch\u00fclerinnen und Sch\u00fcler komplett umgestalten zu lassen. Um diese viel besuchten R\u00e4ume in einem guten Zustand zu erhalten und auch zu gestalten, \u00fcbernimmt eine Sch\u00fclergruppe die Verantwortung f\u00fcr die Toiletten und f\u00fchrt dort in den gro\u00dfen Pausen die\u00a0\u00a0Aufsicht.<\/p>\n<header class=\"entry-header\"><\/header>\n<div class=\"entry-content\">\n<p>\u00a0<\/p>\n<p><strong>Streitschlichter<\/strong><\/p>\n<p>Kooperationen: Kulturelle Einrichtungen<\/p>\n<p>Struktur: AG<\/p>\n<p>Anwendungsebenen: Sch\u00fcler helfen Sch\u00fcler (Peer-Helping), Sch\u00fcler beraten andere Sch\u00fcler (Peer-Counseling)<\/p>\n<p>Klassenstufen: 9, 10<\/p>\n<p>Projektidee: Soziale Kompetenzen der Sch\u00fclerInnen zu nutzen, um das Klima in der Schule noch mehr zu verbessern. Sch\u00fcerInnen mit in die Verantwortung nehmen.<\/p>\n<p>Projektziele: St\u00e4rkere Identifikation mit Schule, Sch\u00fclerinnen verbessern ihr Selbstwertgef\u00fchl, Erlernen Konflikte sprachlich zu l\u00f6sen, positives Verst\u00e4rken von Wertvorstellungen, Aufarbeiten von tiefer liegenden Problemen (Gef\u00fchle) und Sch\u00fclerinnen \u00fcbernehmen Vorbildfunktion.<\/p>\n<p>Durchf\u00fchrung: Projekt steht auf drei S\u00e4ulen: 1.Eint\u00e4giger Informationstag pro Klasse in den Jg. G und H8 und Jg. R9 (Mitte 2. Hj) 2.Zweit\u00e4gige Streitschlichterausbildung der interessierten Sch\u00fclerinnen aus den Informationstagen (Ende 2. Hj). Im anstehenden Schuljahr als Streitschlichter arbeiten, regelm\u00e4\u00dfig die AG besuchen und die w\u00f6chentliche Sprechstunde begleiten. Zu Beginn des neuen Schuljahrs Information an den neuen Jg. 5 durch Projektlehrer und Streitschlichter.<\/p>\n<p>Projekterfolge: Verantwortungs- und Selbstbewusstsein wird gest\u00e4rkt, Wir-Gef\u00fchl entsteht, Schule bekommt anderen Stellenwert, Vorbildfunktion wird bewusst wahrgenommen.<\/p>\n<p>Auswirkungen: Sch\u00fclerinnen suchen den Kontakt zu den Streitschlichtern und vertrauen sich an. Das Interesse an dieser T\u00e4tigkeit ist gro\u00df.<\/p>\n<p>Projektfazit: Angewandtes soziales Lernen ist Orientierung f\u00fcr andere.<\/p>\n<p><strong>Sch\u00fcler helfen Sch\u00fcler im Unterricht<\/strong><\/p>\n<p>Projektidee: Soz. Lernen, Kommunikations- und Teamf\u00e4higkeit f\u00f6rdern.<\/p>\n<p>Projektziele: Ausbau zu Sozialen Kompetenzen.<\/p>\n<p>Projekterfolge: Die Basis ist gelegt und wird verfeinert<\/p>\n<p>Auswirkungen: Ruhigere und zielstrebige Atmosph\u00e4re, nettes Arbeitsklima.<\/p>\n<p>Projektfazit: Soziales Lernen als Entwicklungsprozess.<\/p>\n<p><strong>Busbegleiter <\/strong><\/p>\n<p>Kooperationen: Polizei<\/p>\n<p>Klassenstufen: 8, 9, 10<\/p>\n<p>Projektidee: Sicherheit an der Bushaltestelle und im Bus bei der Sch\u00fclerbef\u00f6rderung.<\/p>\n<p>Projektziele: F\u00f6rderung der sozialen Kompetenzen der Busbegleiter<\/p>\n<p>Durchf\u00fchrung: Die Aufgabe der SuS ist es, Rangeleien und Konflikte an der Bushaltestelle und im Bus zu entsch\u00e4rfen und auf diese Weise vor allem f\u00fcr die j\u00fcngeren SuS die Fahrt angenehmer und sicherer z ugestalten.<\/p>\n<p><strong>Schulsanit\u00e4ter<\/strong><\/p>\n<p>Struktur: AG<\/p>\n<p>Klassenstufen: 8, 9, 10<\/p>\n<p>Projektidee: Verletzten SuS zu helfen.<\/p>\n<p>Projektziele: Verantwortung und soziale Kompetenz st\u00e4rken<\/p>\n<p>Durchf\u00fchrung: SuS absolvieren einen Erstehilfekurs (2 Tage, jeweils 6 Std). Es folgt der Schulsanit\u00e4tslehrgang (5 Tage, jeweils 7 Stunden) mit theoretischer und praktischer Pr\u00fcfung. Sehr anspruchsvoll. Teilnehmerurkunde als Schulsani bei Bestehen der Pr\u00fcfung. (ABS nimmt Pr\u00fcfung ab). In der Folge bestreiten die SuS den Dienst und Bereitschaft an allen Schultagen von der 1. bis 7. Stunde. Sie helfen verletzten Mitsch\u00fclern, machen die Erstversorgung, rufen Krankenwagen oder veranlassen die Abholung durch die Eltern.<\/p>\n<p>Projekterfolge: medizinische Erstversorgung an allen Schultagen, Zusammenhalt der Sanigruppe, Eigenverantwortung<\/p>\n<figure class=\"wp-block-embed-youtube wp-block-embed is-type-video is-provider-youtube wp-embed-aspect-16-9 wp-has-aspect-ratio\">\n<div class=\"wp-block-embed__wrapper\">\u00a0<\/div>\n<\/figure>\n<\/div>\n\n\n<figure class=\"wp-block-image\"><img loading=\"lazy\" decoding=\"async\" width=\"998\" height=\"665\" src=\"https:\/\/gesamtschule-immenhausen.de\/wp-content\/uploads\/Immenhausen_2018-11-24_D850_4347.jpg\" alt=\"\" class=\"wp-image-29194\" srcset=\"https:\/\/gesamtschule-immenhausen.de\/wp-content\/uploads\/Immenhausen_2018-11-24_D850_4347.jpg 998w, https:\/\/gesamtschule-immenhausen.de\/wp-content\/uploads\/Immenhausen_2018-11-24_D850_4347-150x100.jpg 150w, https:\/\/gesamtschule-immenhausen.de\/wp-content\/uploads\/Immenhausen_2018-11-24_D850_4347-768x512.jpg 768w, https:\/\/gesamtschule-immenhausen.de\/wp-content\/uploads\/Immenhausen_2018-11-24_D850_4347-400x267.jpg 400w\" sizes=\"(max-width: 998px) 100vw, 998px\" \/><\/figure>\n","protected":false},"excerpt":{"rendered":"<p>Hof- und Mensadienst | Die Sch\u00fclerinnen und Sch\u00fcler der Freiherr-vom-Stein Schule halten ihre Schule sauber! Dazu hat jede Klasse einmal pro Halbjahr eine Woche lang Hof- und Mensadienst. In dieser Woche ist die Klasse verantwortlich daf\u00fcr, dass der Schulhof in und nach den Pausen von M\u00fcll befreit wird. In Kleingruppen patrouillieren die Sch\u00fclerinnen und Sch\u00fcler [&hellip;]<\/p>\n","protected":false},"author":9,"featured_media":0,"parent":135,"menu_order":2,"comment_status":"open","ping_status":"closed","template":"","meta":{"saved_in_kubio":false,"footnotes":""},"class_list":["post-144","page","type-page","status-publish","hentry"],"kubio_ai_page_context":{"short_desc":"","purpose":"general"},"_links":{"self":[{"href":"https:\/\/gesamtschule-immenhausen.de\/index.php?rest_route=\/wp\/v2\/pages\/144","targetHints":{"allow":["GET"]}}],"collection":[{"href":"https:\/\/gesamtschule-immenhausen.de\/index.php?rest_route=\/wp\/v2\/pages"}],"about":[{"href":"https:\/\/gesamtschule-immenhausen.de\/index.php?rest_route=\/wp\/v2\/types\/page"}],"author":[{"embeddable":true,"href":"https:\/\/gesamtschule-immenhausen.de\/index.php?rest_route=\/wp\/v2\/users\/9"}],"replies":[{"embeddable":true,"href":"https:\/\/gesamtschule-immenhausen.de\/index.php?rest_route=%2Fwp%2Fv2%2Fcomments&post=144"}],"version-history":[{"count":13,"href":"https:\/\/gesamtschule-immenhausen.de\/index.php?rest_route=\/wp\/v2\/pages\/144\/revisions"}],"predecessor-version":[{"id":35360,"href":"https:\/\/gesamtschule-immenhausen.de\/index.php?rest_route=\/wp\/v2\/pages\/144\/revisions\/35360"}],"up":[{"embeddable":true,"href":"https:\/\/gesamtschule-immenhausen.de\/index.php?rest_route=\/wp\/v2\/pages\/135"}],"wp:attachment":[{"href":"https:\/\/gesamtschule-immenhausen.de\/index.php?rest_route=%2Fwp%2Fv2%2Fmedia&parent=144"}],"curies":[{"name":"wp","href":"https:\/\/api.w.org\/{rel}","templated":true}]}}