{"id":140,"date":"2011-06-28T09:10:29","date_gmt":"2011-06-28T09:10:29","guid":{"rendered":"https:\/\/gesamtschule-immenhausen.de\/?page_id=140"},"modified":"2025-10-01T13:51:21","modified_gmt":"2025-10-01T11:51:21","slug":"sv","status":"publish","type":"page","link":"https:\/\/gesamtschule-immenhausen.de\/?page_id=140","title":{"rendered":"Sch\u00fclervertretung (SV)"},"content":{"rendered":"<p><em>\u201eWas hei\u00dft SV?\u201c<\/em><\/p>\n<p><em>\u201eSch\u00fclervertretung!\u201c<\/em><\/p>\n<p><em>\u201eWas macht eine Sch\u00fclervertretung?\u201c<\/em><\/p>\n<p><em>\u201eSie vertritt die Interessen der Sch\u00fclerinnen und\u00a0Sch\u00fcler.\u201c<\/em><\/p>\n<p><em>\u201eAha\u2026\u201c<\/em><\/p>\n<p>So oder so \u00e4hnlich wird wohl jede erste Bekanntschaft mit der SV ablaufen. Aber was bedeutet denn nun \u201eInteressenvertretung\u201c? Interessen beschreiben etwas, womit man sich besch\u00e4ftigt und was einem wichtig ist. Eine Interessensvertretung \u2013 also die SV \u2013 setzt sich nun f\u00fcr wichtige Anliegen ein: was der Gruppe wichtig ist, was sie umsetzen oder verhindern m\u00f6chte. Die SV ist also eine Organisation, die stellvertretend f\u00fcr die Interessen alle Sch\u00fclerinnen und Sch\u00fcler steht. Die Mitglieder der SV werden von allen Sch\u00fclerinnen und Sch\u00fclern der Freiherr-vom-Stein Schule gew\u00e4hlt.<\/p>\n<p><strong>Die Arbeit der SV besteht im Wesentlichen aus vier Aufgaben:<\/strong><\/p>\n<p>\u2013 Meinungen der Sch\u00fcler und Sch\u00fclerinnen zu vertreten<\/p>\n<p>\u2013 Sammlungen von Ideen und Vorschl\u00e4gen der Sch\u00fcler und Sch\u00fclerinnen<\/p>\n<p>\u2013 Ausarbeitung von diesen Ideen und Vorschl\u00e4gen, mit anderen Beteiligten (meist Schulleitung)<\/p>\n<p>\u2013 Durchsetzung der Ideen<\/p>\n<p>Klar ist die Beteiligung in der SV mit Arbeit verbunden und verl\u00e4uft selten reibungslos. Sie ist aber nicht umsonst, da es neben vielen Rechten auch M\u00f6glichkeiten gibt, \u00fcber Aktionen etc. etwas zu erreichen.<\/p>\n<p>\u00a0<\/p>\n<p><strong>Die Schulsprecherin und ihr Stellvertreterinnen\u2026<\/strong><\/p>\n<ul>\n<li><strong> Die Schulsprecherin \/ der Schulsprecher\u2026<\/strong><\/li>\n<\/ul>\n<p>\u2026 ist der Vorsitz der SV und \u00fcbernimmt die Planung und Leitung der SV Sitzungen. Er\/sie ist das Bindeglied zwischen den Sch\u00fclerinnen und Sch\u00fclern, der Schulleitung, dem Lehrerkollegium, der Hausveraltung oder dem Schulelternbeirat. Er\/sie ist f\u00fcr die Verbesserung der Stellung der Sch\u00fclerschaft zust\u00e4ndig und tritt f\u00fcr die Rechte der Sch\u00fclerinnen und Sch\u00fcler ein.<\/p>\n<ul>\n<li><strong> Die stellvertretende Schulsprecherin \/ der Schulsprecher\u2026<\/strong><\/li>\n<\/ul>\n<p>\u2026 vertreten die Schulsprecherin \/ den Schulsprecher im Falle der Verhinderung und unterst\u00fctzen ihn\/sie in der SV Arbeit.<\/p>\n<p>\u00a0<\/p>\n<p><strong>\u00a0<\/strong><\/p>\n<p><strong>Die Klassensprecherin \/ der Klassensprecher\u2026<\/strong><\/p>\n<p>\u2026 ist die erste und direkte Ansprechperson f\u00fcr die Klasse. Er\/sie hat die Aufgabe, die Interessen der eigenen Klasse gegen\u00fcber der SV, den Lehrern, der Schulleitung und der Elternschaft zu vertreten. Er\/sie nimmt an den SV Sitzungen teil und informiert die Klasse \u00fcber alle Entscheidungen und geplanten Aktionen.<\/p>\n<p>\u00a0<\/p>\n<p><strong>Die Verbindungslehrerin \/ der Verbindungslehrer\u2026<\/strong><\/p>\n<p>\u2026hat die Aufgabe, die Sch\u00fclerinnen und Sch\u00fcler bei Fragen und Diskussionen zu beraten.<\/p>\n<p>\u00a0<\/p>\n<p><strong>Die Delegationen\u2026<\/strong><\/p>\n<p><strong>\u2026 Kreissch\u00fclervertretung:<\/strong>\u00a0nimmt an Sitzungen der Kreissch\u00fclervertretung teil und informiert die SV \u00fcber Sitzungsverlauf, Neuigkeiten und Ergebnisse.<\/p>\n<p><strong>\u2026 Schulkonferenz:<\/strong>\u00a0nimmt an der wichtigsten Konferenz teil und ist neben Schulleitung, Elternbeirat und Lehrervertreter ebenfalls Stimmberechtigt. Die Schulkonferenz ist die einzige Konferenz, in der Vertreter der SV ein Abstimmungsrecht besitzen!<\/p>\n<p><strong>\u2026 Gesamtkonferenz:<\/strong>\u00a0nimmt an der Gesamtkonferenz teil, in der alle wesentlichen Neuerungen der Schule bekannt gegeben werden. Hier kann es von Vorteil sein, den Standpunkt der Sch\u00fclerinnen und Sch\u00fcler darzustellen.<\/p>\n<p><strong>Weitere Infos unter<\/strong>\u00a0\u00a0<a href=\"http:\/\/www.hessen.de\/irj\/HKM_Internet?cid=6263fa65473934450053f454431f9a9c\"><strong>http:\/\/www.hessen.de\/irj\/HKM_Internet?cid=6263fa65473934450053f454431f9a9c<\/strong><\/a><\/p>\n<p>\u00a0<\/p>\n\n\n<figure class=\"wp-block-embed is-type-video is-provider-youtube wp-block-embed-youtube wp-embed-aspect-16-9 wp-has-aspect-ratio\"><div class=\"wp-block-embed__wrapper\">\n<iframe loading=\"lazy\" title=\"Das Video - Alex erkl\u00e4rt die Sch\u00fclervertretung\" width=\"500\" height=\"281\" src=\"https:\/\/www.youtube.com\/embed\/pue07Lx3NG4?feature=oembed\" frameborder=\"0\" allow=\"accelerometer; autoplay; clipboard-write; encrypted-media; gyroscope; picture-in-picture; web-share\" referrerpolicy=\"strict-origin-when-cross-origin\" allowfullscreen><\/iframe>\n<\/div><\/figure>\n","protected":false},"excerpt":{"rendered":"<p>\u201eWas hei\u00dft SV?\u201c \u201eSch\u00fclervertretung!\u201c \u201eWas macht eine Sch\u00fclervertretung?\u201c \u201eSie vertritt die Interessen der Sch\u00fclerinnen und\u00a0Sch\u00fcler.\u201c \u201eAha\u2026\u201c So oder so \u00e4hnlich wird wohl jede erste Bekanntschaft mit der SV ablaufen. Aber was bedeutet denn nun \u201eInteressenvertretung\u201c? Interessen beschreiben etwas, womit man sich besch\u00e4ftigt und was einem wichtig ist. Eine Interessensvertretung \u2013 also die SV \u2013 setzt [&hellip;]<\/p>\n","protected":false},"author":9,"featured_media":0,"parent":123,"menu_order":1,"comment_status":"closed","ping_status":"closed","template":"","meta":{"saved_in_kubio":false,"footnotes":""},"class_list":["post-140","page","type-page","status-publish","hentry"],"kubio_ai_page_context":{"short_desc":"","purpose":"general"},"_links":{"self":[{"href":"https:\/\/gesamtschule-immenhausen.de\/index.php?rest_route=\/wp\/v2\/pages\/140","targetHints":{"allow":["GET"]}}],"collection":[{"href":"https:\/\/gesamtschule-immenhausen.de\/index.php?rest_route=\/wp\/v2\/pages"}],"about":[{"href":"https:\/\/gesamtschule-immenhausen.de\/index.php?rest_route=\/wp\/v2\/types\/page"}],"author":[{"embeddable":true,"href":"https:\/\/gesamtschule-immenhausen.de\/index.php?rest_route=\/wp\/v2\/users\/9"}],"replies":[{"embeddable":true,"href":"https:\/\/gesamtschule-immenhausen.de\/index.php?rest_route=%2Fwp%2Fv2%2Fcomments&post=140"}],"version-history":[{"count":8,"href":"https:\/\/gesamtschule-immenhausen.de\/index.php?rest_route=\/wp\/v2\/pages\/140\/revisions"}],"predecessor-version":[{"id":31536,"href":"https:\/\/gesamtschule-immenhausen.de\/index.php?rest_route=\/wp\/v2\/pages\/140\/revisions\/31536"}],"up":[{"embeddable":true,"href":"https:\/\/gesamtschule-immenhausen.de\/index.php?rest_route=\/wp\/v2\/pages\/123"}],"wp:attachment":[{"href":"https:\/\/gesamtschule-immenhausen.de\/index.php?rest_route=%2Fwp%2Fv2%2Fmedia&parent=140"}],"curies":[{"name":"wp","href":"https:\/\/api.w.org\/{rel}","templated":true}]}}